{"id":186,"date":"2020-10-12T21:46:17","date_gmt":"2020-10-12T21:46:17","guid":{"rendered":"https:\/\/escuela-de-enfermeria.mx\/chihuahua\/?page_id=186"},"modified":"2020-11-12T18:27:07","modified_gmt":"2020-11-12T18:27:07","slug":"plan-academico","status":"publish","type":"page","link":"https:\/\/escuela-de-enfermeria.mx\/chihuahua\/enfermeria-general\/plan-academico\/","title":{"rendered":"Plan acad\u00e9mico"},"content":{"rendered":"\n\t\n\t<div class=\"table_list\">\n\t\t<div class=\"table_list_header\">\n\t\t\t<div class=\"table_list_title\">\n\t\t\t\t<h2>Primer semestre<\/h2>\n\t\t\t<\/div>\n\t\t\t<div class=\"table_list_subtitle\">\n\t\t\t\t<div class=\"purpleTxt\">A\u00f1o 1<\/div>\n\t\t\t<\/div>\n\t\t\t\n\t\t\t\n\t\t<\/div>\n\t\t<hr>\n\t\t<div class=\"table_list_content\">\n\t\t\t<ul>\n<li>Anatom\u00eda y Fisiolog\u00eda I<\/li>\n<li>Taller de Lectura y Redacci\u00f3n<\/li>\n<li>Bioqu\u00edmica<\/li>\n<li>Microbiolog\u00eda<\/li>\n<li>Proped\u00e9utica I<\/li>\n<li>Enfermer\u00eda Comunitaria I<\/li>\n<li>Valores y Principios<\/li>\n<li>Etimolog\u00edas<\/li>\n<\/ul>\n\t\t<\/div>\n\t<\/div>\n\n\t\n\n\n\t\n\t<div class=\"table_list\">\n\t\t<div class=\"table_list_header\">\n\t\t\t<div class=\"table_list_title\">\n\t\t\t\t<h2>Segundo semestre<\/h2>\n\t\t\t<\/div>\n\t\t\t<div class=\"table_list_subtitle\">\n\t\t\t\t<div class=\"purpleTxt\">A\u00f1o 1<\/div>\n\t\t\t<\/div>\n\t\t\t\n\t\t\t\n\t\t<\/div>\n\t\t<hr>\n\t\t<div class=\"table_list_content\">\n\t\t\t<ul>\n<li>Anatom\u00eda y Fisiolog\u00eda II<\/li>\n<li>Psicolog\u00eda<\/li>\n<li>Nutrici\u00f3n y Dietoterapia<\/li>\n<li>Parasitolog\u00eda<\/li>\n<li>Inform\u00e1tica<\/li>\n<li>Proped\u00e9utica II<\/li>\n<li>Proceso Enfermero<\/li>\n<li>Ense\u00f1anza Pr\u00e1ctica I<\/li>\n<\/ul>\n\t\t<\/div>\n\t<\/div>\n\n\t\n\n\n\t\n\t<div class=\"table_list\">\n\t\t<div class=\"table_list_header\">\n\t\t\t<div class=\"table_list_title\">\n\t\t\t\t<h2>Tercer semestre<\/h2>\n\t\t\t<\/div>\n\t\t\t<div class=\"table_list_subtitle\">\n\t\t\t\t<div class=\"purpleTxt\">A\u00f1o 2<\/div>\n\t\t\t<\/div>\n\t\t\t\n\t\t\t\n\t\t<\/div>\n\t\t<hr>\n\t\t<div class=\"table_list_content\">\n\t\t\t<ul>\n<li>Enfermer\u00eda Comunitaria II<\/li>\n<li>Enfermer\u00eda M\u00e9dica I<\/li>\n<li>Farmacolog\u00eda I<\/li>\n<li>Bases Conceptuales del Desarrollo Humano<\/li>\n<li>Terapia Ocupacional<\/li>\n<li>Enfermer\u00eda Quir\u00fargica<\/li>\n<li>Ingl\u00e9s I<\/li>\n<li>Ense\u00f1anza Pr\u00e1ctica II<\/li>\n<\/ul>\n\t\t<\/div>\n\t<\/div>\n\n\t\n\n\n\t\n\t<div class=\"table_list\">\n\t\t<div class=\"table_list_header\">\n\t\t\t<div class=\"table_list_title\">\n\t\t\t\t<h2>Cuarto semestre<\/h2>\n\t\t\t<\/div>\n\t\t\t<div class=\"table_list_subtitle\">\n\t\t\t\t<div class=\"purpleTxt\">A\u00f1o 2<\/div>\n\t\t\t<\/div>\n\t\t\t\n\t\t\t\n\t\t<\/div>\n\t\t<hr>\n\t\t<div class=\"table_list_content\">\n\t\t\t<ul>\n<li>Enfermer\u00eda Psiqui\u00e1trica<\/li>\n<li>Legislaci\u00f3n en Enfermer\u00eda<\/li>\n<li>Enfermer\u00eda Gerontogeri\u00e1trica<\/li>\n<li>Farmacolog\u00eda II<\/li>\n<li>Enfermer\u00eda M\u00e9dica II<\/li>\n<li>Cuidado Enfermero<\/li>\n<li>Ingl\u00e9s II<\/li>\n<li>Ense\u00f1anza Pr\u00e1ctica III<\/li>\n<\/ul>\n\t\t<\/div>\n\t<\/div>\n\n\t\n\n\n\t\n\t<div class=\"table_list\">\n\t\t<div class=\"table_list_header\">\n\t\t\t<div class=\"table_list_title\">\n\t\t\t\t<h2>Quinto semestre<\/h2>\n\t\t\t<\/div>\n\t\t\t<div class=\"table_list_subtitle\">\n\t\t\t\t<div class=\"purpleTxt\">A\u00f1o 3<\/div>\n\t\t\t<\/div>\n\t\t\t\n\t\t\t\n\t\t<\/div>\n\t\t<hr>\n\t\t<div class=\"table_list_content\">\n\t\t\t<ul>\n<li>Enfermer\u00eda Materno Infantil I<\/li>\n<li>Enfermer\u00eda Pedi\u00e1trica I<\/li>\n<li>Bioestad\u00edstica<\/li>\n<li>Metodolog\u00eda de la Investigaci\u00f3n<\/li>\n<li>Cuidado Enfermero al Paciente en Estado Cr\u00edtico<\/li>\n<li>Enfermer\u00eda Oncol\u00f3gica<\/li>\n<li>Ingl\u00e9s III<\/li>\n<li>Ense\u00f1anza Pr\u00e1ctica IV<\/li>\n<\/ul>\n\t\t<\/div>\n\t<\/div>\n\n\t\n\n\n\t\n\t<div class=\"table_list\">\n\t\t<div class=\"table_list_header\">\n\t\t\t<div class=\"table_list_title\">\n\t\t\t\t<h2>Sexto semestre<\/h2>\n\t\t\t<\/div>\n\t\t\t<div class=\"table_list_subtitle\">\n\t\t\t\t<div class=\"purpleTxt\">A\u00f1o 3<\/div>\n\t\t\t<\/div>\n\t\t\t\n\t\t\t\n\t\t<\/div>\n\t\t<hr>\n\t\t<div class=\"table_list_content\">\n\t\t\t<ul>\n<li>Introducci\u00f3n al Servicio Social<\/li>\n<li>Enfermer\u00eda Pedi\u00e1trica II<\/li>\n<li>Administraci\u00f3n en Enfermer\u00eda<\/li>\n<li>Enfermer\u00eda Materno Infantil II<\/li>\n<li>Gesti\u00f3n de la Calidad en Salud<\/li>\n<li>Atenci\u00f3n de Enfermer\u00eda al Paciente Terminal<\/li>\n<li>Ense\u00f1anza Pr\u00e1ctica V<\/li>\n<\/ul>\n\t\t<\/div>\n\t<\/div>\n\n\t","protected":false},"excerpt":{"rendered":"","protected":false},"author":1,"featured_media":0,"parent":64,"menu_order":2,"comment_status":"closed","ping_status":"closed","template":"page-sidebar.php","meta":{"_acf_changed":false,"footnotes":""},"class_list":["post-186","page","type-page","status-publish","hentry"],"acf":[],"yoast_head":"<!-- This site is optimized with the Yoast SEO plugin v27.6 - https:\/\/yoast.com\/product\/yoast-seo-wordpress\/ -->\n<title>Plan acad\u00e9mico - Escuela de Enfermer\u00eda Christus Muguerza-UDEM Chihuahua<\/title>\n<meta name=\"robots\" content=\"index, follow, max-snippet:-1, max-image-preview:large, max-video-preview:-1\" \/>\n<link rel=\"canonical\" href=\"https:\/\/escuela-de-enfermeria.mx\/chihuahua\/enfermeria-general\/plan-academico\/\" \/>\n<meta property=\"og:locale\" content=\"es_MX\" \/>\n<meta property=\"og:type\" content=\"article\" \/>\n<meta property=\"og:title\" content=\"Plan acad\u00e9mico - Escuela de Enfermer\u00eda Christus Muguerza-UDEM Chihuahua\" \/>\n<meta property=\"og:url\" content=\"https:\/\/escuela-de-enfermeria.mx\/chihuahua\/enfermeria-general\/plan-academico\/\" \/>\n<meta property=\"og:site_name\" content=\"Escuela de Enfermer\u00eda Christus Muguerza-UDEM Chihuahua\" \/>\n<meta property=\"article:modified_time\" content=\"2020-11-12T18:27:07+00:00\" \/>\n<meta name=\"twitter:card\" content=\"summary_large_image\" \/>\n<script type=\"application\/ld+json\" class=\"yoast-schema-graph\">{\"@context\":\"https:\\\/\\\/schema.org\",\"@graph\":[{\"@type\":\"WebPage\",\"@id\":\"https:\\\/\\\/escuela-de-enfermeria.mx\\\/chihuahua\\\/enfermeria-general\\\/plan-academico\\\/\",\"url\":\"https:\\\/\\\/escuela-de-enfermeria.mx\\\/chihuahua\\\/enfermeria-general\\\/plan-academico\\\/\",\"name\":\"Plan acad\u00e9mico - Escuela de Enfermer\u00eda Christus Muguerza-UDEM Chihuahua\",\"isPartOf\":{\"@id\":\"https:\\\/\\\/escuela-de-enfermeria.mx\\\/chihuahua\\\/#website\"},\"datePublished\":\"2020-10-12T21:46:17+00:00\",\"dateModified\":\"2020-11-12T18:27:07+00:00\",\"breadcrumb\":{\"@id\":\"https:\\\/\\\/escuela-de-enfermeria.mx\\\/chihuahua\\\/enfermeria-general\\\/plan-academico\\\/#breadcrumb\"},\"inLanguage\":\"es\",\"potentialAction\":[{\"@type\":\"ReadAction\",\"target\":[\"https:\\\/\\\/escuela-de-enfermeria.mx\\\/chihuahua\\\/enfermeria-general\\\/plan-academico\\\/\"]}]},{\"@type\":\"BreadcrumbList\",\"@id\":\"https:\\\/\\\/escuela-de-enfermeria.mx\\\/chihuahua\\\/enfermeria-general\\\/plan-academico\\\/#breadcrumb\",\"itemListElement\":[{\"@type\":\"ListItem\",\"position\":1,\"name\":\"Inicio\",\"item\":\"https:\\\/\\\/escuela-de-enfermeria.mx\\\/chihuahua\\\/\"},{\"@type\":\"ListItem\",\"position\":2,\"name\":\"Enfermer\u00eda General\",\"item\":\"https:\\\/\\\/escuela-de-enfermeria.mx\\\/chihuahua\\\/enfermeria-general\\\/\"},{\"@type\":\"ListItem\",\"position\":3,\"name\":\"Plan acad\u00e9mico\"}]},{\"@type\":\"WebSite\",\"@id\":\"https:\\\/\\\/escuela-de-enfermeria.mx\\\/chihuahua\\\/#website\",\"url\":\"https:\\\/\\\/escuela-de-enfermeria.mx\\\/chihuahua\\\/\",\"name\":\"Escuela de Enfermer\u00eda Christus Muguerza-UDEM Chihuahua\",\"description\":\"Otro sitio m\u00e1s de Escuela de Enfermer\u00eda Christus Muguerza-UDEM\",\"potentialAction\":[{\"@type\":\"SearchAction\",\"target\":{\"@type\":\"EntryPoint\",\"urlTemplate\":\"https:\\\/\\\/escuela-de-enfermeria.mx\\\/chihuahua\\\/?s={search_term_string}\"},\"query-input\":{\"@type\":\"PropertyValueSpecification\",\"valueRequired\":true,\"valueName\":\"search_term_string\"}}],\"inLanguage\":\"es\"}]}<\/script>\n<!-- \/ Yoast SEO plugin. -->","yoast_head_json":{"title":"Plan acad\u00e9mico - Escuela de Enfermer\u00eda Christus Muguerza-UDEM Chihuahua","robots":{"index":"index","follow":"follow","max-snippet":"max-snippet:-1","max-image-preview":"max-image-preview:large","max-video-preview":"max-video-preview:-1"},"canonical":"https:\/\/escuela-de-enfermeria.mx\/chihuahua\/enfermeria-general\/plan-academico\/","og_locale":"es_MX","og_type":"article","og_title":"Plan acad\u00e9mico - Escuela de Enfermer\u00eda Christus Muguerza-UDEM Chihuahua","og_url":"https:\/\/escuela-de-enfermeria.mx\/chihuahua\/enfermeria-general\/plan-academico\/","og_site_name":"Escuela de Enfermer\u00eda Christus Muguerza-UDEM Chihuahua","article_modified_time":"2020-11-12T18:27:07+00:00","twitter_card":"summary_large_image","schema":{"@context":"https:\/\/schema.org","@graph":[{"@type":"WebPage","@id":"https:\/\/escuela-de-enfermeria.mx\/chihuahua\/enfermeria-general\/plan-academico\/","url":"https:\/\/escuela-de-enfermeria.mx\/chihuahua\/enfermeria-general\/plan-academico\/","name":"Plan acad\u00e9mico - Escuela de Enfermer\u00eda Christus Muguerza-UDEM Chihuahua","isPartOf":{"@id":"https:\/\/escuela-de-enfermeria.mx\/chihuahua\/#website"},"datePublished":"2020-10-12T21:46:17+00:00","dateModified":"2020-11-12T18:27:07+00:00","breadcrumb":{"@id":"https:\/\/escuela-de-enfermeria.mx\/chihuahua\/enfermeria-general\/plan-academico\/#breadcrumb"},"inLanguage":"es","potentialAction":[{"@type":"ReadAction","target":["https:\/\/escuela-de-enfermeria.mx\/chihuahua\/enfermeria-general\/plan-academico\/"]}]},{"@type":"BreadcrumbList","@id":"https:\/\/escuela-de-enfermeria.mx\/chihuahua\/enfermeria-general\/plan-academico\/#breadcrumb","itemListElement":[{"@type":"ListItem","position":1,"name":"Inicio","item":"https:\/\/escuela-de-enfermeria.mx\/chihuahua\/"},{"@type":"ListItem","position":2,"name":"Enfermer\u00eda General","item":"https:\/\/escuela-de-enfermeria.mx\/chihuahua\/enfermeria-general\/"},{"@type":"ListItem","position":3,"name":"Plan acad\u00e9mico"}]},{"@type":"WebSite","@id":"https:\/\/escuela-de-enfermeria.mx\/chihuahua\/#website","url":"https:\/\/escuela-de-enfermeria.mx\/chihuahua\/","name":"Escuela de Enfermer\u00eda Christus Muguerza-UDEM Chihuahua","description":"Otro sitio m\u00e1s de Escuela de Enfermer\u00eda Christus Muguerza-UDEM","potentialAction":[{"@type":"SearchAction","target":{"@type":"EntryPoint","urlTemplate":"https:\/\/escuela-de-enfermeria.mx\/chihuahua\/?s={search_term_string}"},"query-input":{"@type":"PropertyValueSpecification","valueRequired":true,"valueName":"search_term_string"}}],"inLanguage":"es"}]}},"_links":{"self":[{"href":"https:\/\/escuela-de-enfermeria.mx\/chihuahua\/wp-json\/wp\/v2\/pages\/186","targetHints":{"allow":["GET"]}}],"collection":[{"href":"https:\/\/escuela-de-enfermeria.mx\/chihuahua\/wp-json\/wp\/v2\/pages"}],"about":[{"href":"https:\/\/escuela-de-enfermeria.mx\/chihuahua\/wp-json\/wp\/v2\/types\/page"}],"author":[{"embeddable":true,"href":"https:\/\/escuela-de-enfermeria.mx\/chihuahua\/wp-json\/wp\/v2\/users\/1"}],"replies":[{"embeddable":true,"href":"https:\/\/escuela-de-enfermeria.mx\/chihuahua\/wp-json\/wp\/v2\/comments?post=186"}],"version-history":[{"count":5,"href":"https:\/\/escuela-de-enfermeria.mx\/chihuahua\/wp-json\/wp\/v2\/pages\/186\/revisions"}],"predecessor-version":[{"id":274,"href":"https:\/\/escuela-de-enfermeria.mx\/chihuahua\/wp-json\/wp\/v2\/pages\/186\/revisions\/274"}],"up":[{"embeddable":true,"href":"https:\/\/escuela-de-enfermeria.mx\/chihuahua\/wp-json\/wp\/v2\/pages\/64"}],"wp:attachment":[{"href":"https:\/\/escuela-de-enfermeria.mx\/chihuahua\/wp-json\/wp\/v2\/media?parent=186"}],"curies":[{"name":"wp","href":"https:\/\/api.w.org\/{rel}","templated":true}]}}