{"id":46,"date":"2020-10-12T17:30:23","date_gmt":"2020-10-12T17:30:23","guid":{"rendered":"https:\/\/escuela-de-enfermeria.mx\/chihuahua\/?page_id=46"},"modified":"2023-09-21T22:31:34","modified_gmt":"2023-09-21T22:31:34","slug":"inicio","status":"publish","type":"page","link":"https:\/\/escuela-de-enfermeria.mx\/chihuahua\/","title":{"rendered":"Inicio"},"content":{"rendered":"\n\n\n\t<section id=\"hero\" class=\"floater bg_morado\">\n\t\t<div class=\"content-center\">\n\n\t\t\t<div id=\"hero_slider\">\n\n\t\t\t\t\n\t\t\t\t<div class=\"item\" style=\"background-image: url(https:\/\/escuela-de-enfermeria.mx\/chihuahua\/wp-content\/uploads\/sites\/3\/2023\/09\/eech-02.jpg)\"><\/div>\n\n\n\t\t\t\t\n\t\t\t\t<div class=\"item\" style=\"background-image: url(https:\/\/escuela-de-enfermeria.mx\/chihuahua\/wp-content\/uploads\/sites\/3\/2023\/09\/eech-08.jpg)\"><\/div>\n\n\n\t\t\t\t\n\t\t\t\t<div class=\"item\" style=\"background-image: url(https:\/\/escuela-de-enfermeria.mx\/chihuahua\/wp-content\/uploads\/sites\/3\/2023\/09\/eech-07.jpg)\"><\/div>\n\n\n\t\t\t\t\t\t\t<\/div>\n\t\t\t<div class=\"hero_text\">\n\t\t\n\t\t\t\t\t\n\t\t\t\t\t<div class=\"text_block\">\n\n\t\t\t\t\t\t<div id=\"slider_nav_home\">\n\t\t\t\t\n\t\t\t\t\t\t<\/div>\n\n\t\t\t\t\t\t<div class=\"slider_wrapper\">\n\t\t\t\t\t\t\t<div id=\"hero_slider_text\">\n\n\t\t\t\t\t\t\t\t\t\t\t\t\t\t\t\t<div class=\"item\">\n\t\t\t\t\t\t\t\t\t<div class=\"table_parent\">\n\t\t\t\t\t\t\t\t\t\t<div class=\"table_cell\">\n\t\t\t\t\t\t\t\t\t\t\t<h1 class=\"title_big\">\n\t\t\t\t\t\t\t\t\t\t\t\tEnfermer\u00eda General\t\t\t\t\t\t\t\t\t\t\t<\/h1>\n\t\t\t\t\n\t\t\t\t\n\t\t\t\t\t\t\t\t\t\t\t<p>Inscr\u00edbete a nuestro programa de Enfermer\u00eda General conoce nuestro proceso aqu\u00ed<\/p>\n\t\t\t\t\t\t\t\t\t\t\t\t\t\t\t\t\t\t\t\t\t\t<a href=\"https:\/\/escuela-de-enfermeria.mx\/chihuahua\/enfermeria-general\/informacion-general\/\" class=\"btn\" target=\"_self\" title=\"Conoce m\u00e1s\">Conoce m\u00e1s<\/a>\n\n\t\t\t\t\t\t\t\t\t\t\t\t\t\t\t\t\t\t\t\t<\/div>\n\t\t\t\t\t\t\t\t\t<\/div>\n\t\t\t\t\t\t\t\t\t\n\t\t\t\t\t\t\t\t<\/div>\t\n\n\t\t\t\t\t\t\t\t\t\t\t\t\t\t\t\t<div class=\"item\">\n\t\t\t\t\t\t\t\t\t<div class=\"table_parent\">\n\t\t\t\t\t\t\t\t\t\t<div class=\"table_cell\">\n\t\t\t\t\t\t\t\t\t\t\t<h1 class=\"title_big\">\n\t\t\t\t\t\t\t\t\t\t\t\tVinculaci\u00f3n\t\t\t\t\t\t\t\t\t\t\t<\/h1>\n\t\t\t\t\n\t\t\t\t\n\t\t\t\t\t\t\t\t\t\t\t<p>El ser egresado de la escuela Christus Muguerza del Parque te convierte en un profesional con una gran gama de oportunidades de empleo.<\/p>\n\t\t\t\t\t\t\t\t\t\t\t\t\t\t\t\t\t\t\t\t\t\t<a href=\"https:\/\/escuela-de-enfermeria.mx\/chihuahua\/vinculacion-academica\/\" class=\"btn\" target=\"_self\" title=\"Conoce m\u00e1s\">Conoce m\u00e1s<\/a>\n\n\t\t\t\t\t\t\t\t\t\t\t\t\t\t\t\t\t\t\t\t<\/div>\n\t\t\t\t\t\t\t\t\t<\/div>\n\t\t\t\t\t\t\t\t\t\n\t\t\t\t\t\t\t\t<\/div>\t\n\n\t\t\t\t\t\t\t\t\t\t\t\t\t\t\t\t<div class=\"item\">\n\t\t\t\t\t\t\t\t\t<div class=\"table_parent\">\n\t\t\t\t\t\t\t\t\t\t<div class=\"table_cell\">\n\t\t\t\t\t\t\t\t\t\t\t<h1 class=\"title_big\">\n\t\t\t\t\t\t\t\t\t\t\t\tPrograma de becas\t\t\t\t\t\t\t\t\t\t\t<\/h1>\n\t\t\t\t\n\t\t\t\t\n\t\t\t\t\t\t\t\t\t\t\t<p>Contamos con promoci\u00f3n de becas cada semestre tomando como base la excelencia acad\u00e9mica.<\/p>\n\t\t\t\t\t\t\t\t\t\t\t\t\t\t\t\t\t\t\t\t\t\t<a href=\"https:\/\/escuela-de-enfermeria.mx\/chihuahua\/beca\/\" class=\"btn\" target=\"_self\" title=\"Beca\">Beca<\/a>\n\n\t\t\t\t\t\t\t\t\t\t\t\t\t\t\t\t\t\t\t\t<\/div>\n\t\t\t\t\t\t\t\t\t<\/div>\n\t\t\t\t\t\t\t\t\t\n\t\t\t\t\t\t\t\t<\/div>\t\n\n\t\t\t\t\t\t\t\t\t\t\t\t\t\t\t\t\n\t\t\t\t\t\t\t<\/div>\n\t\t\t\t\t\t<\/div>\n\n\t\t\t\t\t\t\n\t\t\t\t\t\n\t\t\t\t\t<\/div>\n\n\t\t\t\t\t\n\t\t\t\t<\/div>\n\n\t\t\t\t\n\t\t\t\n\t\t\t<\/div>\n\t\t\t\n\t\t\t\n\t\t\t\n\t\t<\/div>\n\t<\/section>\n\n\t\n\n\n\t<section class=\"floater section_simple_text bg_white padTopMed padBottomMed centerTxt\">\n\t\t<div class=\"content-center\">\n\t\t\t\n\t\t\t\t\t\t\t<p>En la escuela de Enfermer\u00eda Christus Muguerza estamos interesados en el desarrollo de profesionales de enfermer\u00eda.<\/p>\n\t\t\t\t\t<\/div>\n\t<\/section>\n\n\t\n\n\n<div style=\"height:100px\" aria-hidden=\"true\" class=\"wp-block-spacer\"><\/div>\n\n\n\n\t\n\n\t<section class=\"floater section_flex_content contLeft \">\n\t\t<div class=\"content-center\">\n\t\t\t<div class=\"txt_box\">\n\t\t\t\t<div class=\"txt_space content_format_space\">\n\t\t\t\t\t<p>El continuo avance de la ciencia enfermera desde el conocimiento cient\u00edfico adherido a la esencia humanista y filos\u00f3fica de la profesi\u00f3n, converge en la aplicaci\u00f3n de un cuidado ontol\u00f3gico y epistemol\u00f3gico a la persona, la familia y a la comunidad.<\/p>\n<p>Siendo la escuela marco excepcional para el desarrollo, y \u00e9ste, en s\u00ed mismo, el buque insignia de la Profesi\u00f3n Enfermera, como el nuevo marco competencial de<\/p>\n<p>Aptitudes y habilidades en el desarrollo de los profesionales de enfermer\u00eda.<br \/>\nSolo entendiendo la excelencia en el cuidado y el compromiso que tenemos con la sociedad pasamos a ser el \u201cprofesional facultativo enfermero\u201d referente en salud en el \u00e1mbito profesional.<\/p>\n\t\t\t\t<\/div>\n\t\t\t<\/div>\n\t\t\t<div class=\"img_box\" style=\"background-image: url(https:\/\/escuela-de-enfermeria.mx\/chihuahua\/wp-content\/uploads\/sites\/3\/2023\/09\/eech-05.jpg)\"><\/div>\n\t\t<\/div>\n\t<\/section>\n\n\t\n\n\n\t<section class=\"floater section_image_text_title image_left bg_gris padTopMed padBottomMed\">\n\n\t\t\n\t\t<div class=\"content-center\">\n\t\n\t\t\t\n\t\t\t<div class=\"section_image_text_title_text\">\n\n\t\t\t\t<div class=\"section_title\">\n\t\t\t\t\t<h2 class=\"title_default\">\n\t\t\t\t\t\tEnfermer\u00eda General\t\t\t\t\t<\/h2>\n\t\t\t\t<\/div>\n\t\t\t\t<div class=\"section_content\">\n\t\t\t\t\t\n\t\t\t\t\t<p>Creando profesionales con capacidad humana y cient\u00edfico t\u00e9cnica que participa en la identificaci\u00f3n an\u00e1lisis de las necesidades de la poblaci\u00f3n y en el fortalecimiento de sus potencialidades, as\u00ed como la prestaci\u00f3n de servicios, a trav\u00e9s del di\u00e1logo y la negociaci\u00f3n permanente, estimulando el dinamismo de la comunidad en los procesos de toma de decisiones para conservar la salud.<\/p>\n<p><a class=\"btn\" href=\"https:\/\/escuela-de-enfermeria.mx\/chihuahua\/enfermeria-general\/informacion-general\/\">Conoce m\u00e1s<\/a><\/p>\n\t\t\t\t\n\t\t\t\t<\/div>\n\t\t\t\n\t\t\t\t\n\t\t\t<\/div>\n\n\t\t\t<div class=\"section_image_text_title_image\" style=\"background-image: url(https:\/\/escuela-de-enfermeria.mx\/chihuahua\/wp-content\/uploads\/sites\/3\/2023\/09\/eech-mesa-de-trabajo-1.jpg)\">\n\t\t\t\n\t\t\t<\/div>\n\t\t\t\n\t\t\t\n\t\t<\/div>\n\t<\/section>\n\n\t\n\n\n\t<section class=\"floater section_image_text_title image_left bg_gris padTopMed padBottomMed\">\n\n\t\t\n\t\t<div class=\"content-center\">\n\t\n\t\t\t\n\t\t\t<div class=\"section_image_text_title_text\">\n\n\t\t\t\t<div class=\"section_title\">\n\t\t\t\t\t<h2 class=\"title_default\">\n\t\t\t\t\t\tBecas\t\t\t\t\t<\/h2>\n\t\t\t\t<\/div>\n\t\t\t\t<div class=\"section_content\">\n\t\t\t\t\t\n\t\t\t\t\t<p>Contamos con promoci\u00f3n de becas cada semestre tomando como base la excelencia acad\u00e9mica.<\/p>\n<p><a class=\"btn\" href=\"https:\/\/escuela-de-enfermeria.mx\/chihuahua\/beca\/\">Conoce m\u00e1s<\/a><\/p>\n\t\t\t\t\n\t\t\t\t<\/div>\n\t\t\t\n\t\t\t\t\n\t\t\t<\/div>\n\n\t\t\t<div class=\"section_image_text_title_image\" style=\"background-image: url(https:\/\/escuela-de-enfermeria.mx\/chihuahua\/wp-content\/uploads\/sites\/3\/2023\/09\/eech-03.jpg)\">\n\t\t\t\n\t\t\t<\/div>\n\t\t\t\n\t\t\t\n\t\t<\/div>\n\t<\/section>\n\n\t\n\n\n\t","protected":false},"excerpt":{"rendered":"","protected":false},"author":1,"featured_media":0,"parent":0,"menu_order":0,"comment_status":"closed","ping_status":"closed","template":"","meta":{"_acf_changed":false,"footnotes":""},"class_list":["post-46","page","type-page","status-publish","hentry"],"acf":[],"yoast_head":"<!-- This site is optimized with the Yoast SEO plugin v27.6 - https:\/\/yoast.com\/product\/yoast-seo-wordpress\/ -->\n<title>Inicio - Escuela de Enfermer\u00eda Christus Muguerza-UDEM Chihuahua<\/title>\n<meta name=\"robots\" content=\"index, follow, max-snippet:-1, max-image-preview:large, max-video-preview:-1\" \/>\n<link rel=\"canonical\" href=\"https:\/\/escuela-de-enfermeria.mx\/chihuahua\/\" \/>\n<meta property=\"og:locale\" content=\"es_MX\" \/>\n<meta property=\"og:type\" content=\"article\" \/>\n<meta property=\"og:title\" content=\"Inicio - Escuela de Enfermer\u00eda Christus Muguerza-UDEM Chihuahua\" \/>\n<meta property=\"og:url\" content=\"https:\/\/escuela-de-enfermeria.mx\/chihuahua\/\" \/>\n<meta property=\"og:site_name\" content=\"Escuela de Enfermer\u00eda Christus Muguerza-UDEM Chihuahua\" \/>\n<meta property=\"article:modified_time\" content=\"2023-09-21T22:31:34+00:00\" \/>\n<meta name=\"twitter:card\" content=\"summary_large_image\" \/>\n<script type=\"application\/ld+json\" class=\"yoast-schema-graph\">{\"@context\":\"https:\\\/\\\/schema.org\",\"@graph\":[{\"@type\":\"WebPage\",\"@id\":\"https:\\\/\\\/escuela-de-enfermeria.mx\\\/chihuahua\\\/\",\"url\":\"https:\\\/\\\/escuela-de-enfermeria.mx\\\/chihuahua\\\/\",\"name\":\"Inicio - Escuela de Enfermer\u00eda Christus Muguerza-UDEM Chihuahua\",\"isPartOf\":{\"@id\":\"https:\\\/\\\/escuela-de-enfermeria.mx\\\/chihuahua\\\/#website\"},\"datePublished\":\"2020-10-12T17:30:23+00:00\",\"dateModified\":\"2023-09-21T22:31:34+00:00\",\"breadcrumb\":{\"@id\":\"https:\\\/\\\/escuela-de-enfermeria.mx\\\/chihuahua\\\/#breadcrumb\"},\"inLanguage\":\"es\",\"potentialAction\":[{\"@type\":\"ReadAction\",\"target\":[\"https:\\\/\\\/escuela-de-enfermeria.mx\\\/chihuahua\\\/\"]}]},{\"@type\":\"BreadcrumbList\",\"@id\":\"https:\\\/\\\/escuela-de-enfermeria.mx\\\/chihuahua\\\/#breadcrumb\",\"itemListElement\":[{\"@type\":\"ListItem\",\"position\":1,\"name\":\"Inicio\",\"item\":\"https:\\\/\\\/escuela-de-enfermeria.mx\\\/chihuahua\\\/\"},{\"@type\":\"ListItem\",\"position\":2,\"name\":\"Inicio\"}]},{\"@type\":\"WebSite\",\"@id\":\"https:\\\/\\\/escuela-de-enfermeria.mx\\\/chihuahua\\\/#website\",\"url\":\"https:\\\/\\\/escuela-de-enfermeria.mx\\\/chihuahua\\\/\",\"name\":\"Escuela de Enfermer\u00eda Christus Muguerza-UDEM Chihuahua\",\"description\":\"Otro sitio m\u00e1s de Escuela de Enfermer\u00eda Christus Muguerza-UDEM\",\"potentialAction\":[{\"@type\":\"SearchAction\",\"target\":{\"@type\":\"EntryPoint\",\"urlTemplate\":\"https:\\\/\\\/escuela-de-enfermeria.mx\\\/chihuahua\\\/?s={search_term_string}\"},\"query-input\":{\"@type\":\"PropertyValueSpecification\",\"valueRequired\":true,\"valueName\":\"search_term_string\"}}],\"inLanguage\":\"es\"}]}<\/script>\n<!-- \/ Yoast SEO plugin. -->","yoast_head_json":{"title":"Inicio - Escuela de Enfermer\u00eda Christus Muguerza-UDEM Chihuahua","robots":{"index":"index","follow":"follow","max-snippet":"max-snippet:-1","max-image-preview":"max-image-preview:large","max-video-preview":"max-video-preview:-1"},"canonical":"https:\/\/escuela-de-enfermeria.mx\/chihuahua\/","og_locale":"es_MX","og_type":"article","og_title":"Inicio - Escuela de Enfermer\u00eda Christus Muguerza-UDEM Chihuahua","og_url":"https:\/\/escuela-de-enfermeria.mx\/chihuahua\/","og_site_name":"Escuela de Enfermer\u00eda Christus Muguerza-UDEM Chihuahua","article_modified_time":"2023-09-21T22:31:34+00:00","twitter_card":"summary_large_image","schema":{"@context":"https:\/\/schema.org","@graph":[{"@type":"WebPage","@id":"https:\/\/escuela-de-enfermeria.mx\/chihuahua\/","url":"https:\/\/escuela-de-enfermeria.mx\/chihuahua\/","name":"Inicio - Escuela de Enfermer\u00eda Christus Muguerza-UDEM Chihuahua","isPartOf":{"@id":"https:\/\/escuela-de-enfermeria.mx\/chihuahua\/#website"},"datePublished":"2020-10-12T17:30:23+00:00","dateModified":"2023-09-21T22:31:34+00:00","breadcrumb":{"@id":"https:\/\/escuela-de-enfermeria.mx\/chihuahua\/#breadcrumb"},"inLanguage":"es","potentialAction":[{"@type":"ReadAction","target":["https:\/\/escuela-de-enfermeria.mx\/chihuahua\/"]}]},{"@type":"BreadcrumbList","@id":"https:\/\/escuela-de-enfermeria.mx\/chihuahua\/#breadcrumb","itemListElement":[{"@type":"ListItem","position":1,"name":"Inicio","item":"https:\/\/escuela-de-enfermeria.mx\/chihuahua\/"},{"@type":"ListItem","position":2,"name":"Inicio"}]},{"@type":"WebSite","@id":"https:\/\/escuela-de-enfermeria.mx\/chihuahua\/#website","url":"https:\/\/escuela-de-enfermeria.mx\/chihuahua\/","name":"Escuela de Enfermer\u00eda Christus Muguerza-UDEM Chihuahua","description":"Otro sitio m\u00e1s de Escuela de Enfermer\u00eda Christus Muguerza-UDEM","potentialAction":[{"@type":"SearchAction","target":{"@type":"EntryPoint","urlTemplate":"https:\/\/escuela-de-enfermeria.mx\/chihuahua\/?s={search_term_string}"},"query-input":{"@type":"PropertyValueSpecification","valueRequired":true,"valueName":"search_term_string"}}],"inLanguage":"es"}]}},"_links":{"self":[{"href":"https:\/\/escuela-de-enfermeria.mx\/chihuahua\/wp-json\/wp\/v2\/pages\/46","targetHints":{"allow":["GET"]}}],"collection":[{"href":"https:\/\/escuela-de-enfermeria.mx\/chihuahua\/wp-json\/wp\/v2\/pages"}],"about":[{"href":"https:\/\/escuela-de-enfermeria.mx\/chihuahua\/wp-json\/wp\/v2\/types\/page"}],"author":[{"embeddable":true,"href":"https:\/\/escuela-de-enfermeria.mx\/chihuahua\/wp-json\/wp\/v2\/users\/1"}],"replies":[{"embeddable":true,"href":"https:\/\/escuela-de-enfermeria.mx\/chihuahua\/wp-json\/wp\/v2\/comments?post=46"}],"version-history":[{"count":5,"href":"https:\/\/escuela-de-enfermeria.mx\/chihuahua\/wp-json\/wp\/v2\/pages\/46\/revisions"}],"predecessor-version":[{"id":504,"href":"https:\/\/escuela-de-enfermeria.mx\/chihuahua\/wp-json\/wp\/v2\/pages\/46\/revisions\/504"}],"wp:attachment":[{"href":"https:\/\/escuela-de-enfermeria.mx\/chihuahua\/wp-json\/wp\/v2\/media?parent=46"}],"curies":[{"name":"wp","href":"https:\/\/api.w.org\/{rel}","templated":true}]}}