{"id":50,"date":"2020-10-12T17:30:45","date_gmt":"2020-10-12T17:30:45","guid":{"rendered":"https:\/\/escuela-de-enfermeria.mx\/chihuahua\/?page_id=50"},"modified":"2023-09-22T17:38:01","modified_gmt":"2023-09-22T17:38:01","slug":"escuela-de-enfermeria","status":"publish","type":"page","link":"https:\/\/escuela-de-enfermeria.mx\/chihuahua\/escuela-de-enfermeria\/","title":{"rendered":"Nuestra historia"},"content":{"rendered":"\n\t\n\n\t<section class=\"floater section_flex_content contLeft \">\n\t\t<div class=\"content-center\">\n\t\t\t<div class=\"txt_box\">\n\t\t\t\t<div class=\"txt_space content_format_space\">\n\t\t\t\t\t<p>La <strong>Escuela de Enfermer\u00eda Christus Muguerza del Parque<\/strong> es una Instituci\u00f3n particular sin fines de lucro, fundado en septiembre de 1982 por el<strong> Dr. Pedro Leal del Rosal<\/strong>, y un grupo de profesionales en Enfermer\u00eda, con la finalidad de formar enfermeras generales con alto nivel te\u00f3rico-pr\u00e1ctico, gran sentido humanitario y de servicio.<\/p>\n<p>Abri\u00f3 sus puertas con el nombre de Escuela de Enfermer\u00eda Anexa a la Cl\u00ednica del Parque, estando incorporada a la Secretaria de Educaci\u00f3n P\u00fablica con la clave 08PET0051J.<\/p>\n<p>El 09 de febrero de 1983 se incorpora a la Universidad Aut\u00f3noma de Chihuahua con el n\u00famero de registro 977. Obteniendo con ello mayor respaldo, prestigio y seguridad.<\/p>\n<p>En 1986 cambia su denominaci\u00f3n social a \u201cCentro Educativo de Enfermer\u00eda del Parque, A.C.\u201d<\/p>\n\t\t\t\t<\/div>\n\t\t\t<\/div>\n\t\t\t<div class=\"img_box\" style=\"background-image: url(https:\/\/escuela-de-enfermeria.mx\/chihuahua\/wp-content\/uploads\/sites\/3\/2020\/12\/muguerza-del-parque.jpg)\"><\/div>\n\t\t<\/div>\n\t<\/section>\n\n\t\n\n\n\t\n\n\t<section class=\"floater section_flex_content contRight \">\n\t\t<div class=\"content-center\">\n\t\t\t<div class=\"txt_box\">\n\t\t\t\t<div class=\"txt_space content_format_space\">\n\t\t\t\t\t<p>El 12 de octubre del 2005 el Hospital Cl\u00ednica del Parque se fusiona con el Grupo Christus Muguerza y cambia su nombre a<strong> Hospital Chistus Muguerza del Parque<\/strong>, el Centro Educativo es ahora parte de dicho grupo.<\/p>\n<p>As\u00ed mismo en el a\u00f1o del 2007 se inicia el nuevo Plan Curricular basado en el Modelo Educativo por Competencias, centrado en el aprendizaje y regido por del constructivismo y la Teor\u00eda de Enfermer\u00eda de Virginia Henderson.<\/p>\n<p>En Mayo del 2009 se inicia el tr\u00e1mite para el cambio de Denominaci\u00f3n Social ante la Universidad Aut\u00f3noma de Chihuahua, a Escuela de Enfermer\u00eda Christus Muguerza.<\/p>\n<p>Es a comienzo del mes de Julio 2013, cuando la Universidad Aut\u00f3noma de Chihuahua autoriza el cambio de nombre a <strong>ESCUELA DE ENFERMERIA CHRISTUS MUGUERZA DEL PARQUE Incorporada a la UACH<\/strong>.<\/p>\n\t\t\t\t<\/div>\n\t\t\t<\/div>\n\t\t\t<div class=\"img_box\" style=\"background-image: url(https:\/\/escuela-de-enfermeria.mx\/chihuahua\/wp-content\/uploads\/sites\/3\/2023\/09\/tamano-de-fotos-web-06.jpg)\"><\/div>\n\t\t<\/div>\n\t<\/section>\n\n\t\n\n\n\t\n\n\t<section class=\"floater section_flex_content contLeft contAlt\">\n\t\t<div class=\"content-center\">\n\t\t\t<div class=\"txt_box\">\n\t\t\t\t<div class=\"txt_space content_format_space\">\n\t\t\t\t\t<h2>Misi\u00f3n<\/h2>\n<p>Ser una Instituci\u00f3n Educativa formadora de personal de Enfermer\u00eda competente en el ejercicio, orientados en el cuidado de la salud y la calidad de la vida con actitudes y compromisos de trascender a trav\u00e9s del servicio, con s\u00f3lidos conocimientos cient\u00edficos y una filosof\u00eda sustentada en valores de responsabilidad, honestidad y respeto, que consoliden su integraci\u00f3n en el equipo de salud.<\/p>\n<h2>Visi\u00f3n<\/h2>\n<p>Ser reconocida como una de las mejores instituciones de educaci\u00f3n en enfermer\u00eda que se distingue nacional e internacionalmente por su excelente preparaci\u00f3n cient\u00edfica, acad\u00e9mica y actitudes \u00e9ticas en el ejercicio de su profesi\u00f3n que les permita encontrar su propia trascendencia a trav\u00e9s del conocimiento del modelo de atenci\u00f3n de la Dra. Virginia Henderson y el modelo educativo basado en competencias.<\/p>\n<h2>Valores<\/h2>\n<ul>\n<li>Compasi\u00f3n<\/li>\n<li>Integridad<\/li>\n<li>Excelencia<\/li>\n<li>Honestidad<\/li>\n<li>Fraternidad<\/li>\n<li>Justicia<\/li>\n<li>Dignidad por la persona<\/li>\n<li>Prudencia en la Administraci\u00f3n de los Recursos<\/li>\n<li>Responsabilidad<\/li>\n<\/ul>\n\t\t\t\t<\/div>\n\t\t\t<\/div>\n\t\t\t<div class=\"img_box\" style=\"background-image: url(https:\/\/escuela-de-enfermeria.mx\/chihuahua\/wp-content\/uploads\/sites\/3\/2023\/09\/tamano-de-fotos-web-14.jpg)\"><\/div>\n\t\t<\/div>\n\t<\/section>\n\n\t","protected":false},"excerpt":{"rendered":"","protected":false},"author":1,"featured_media":506,"parent":0,"menu_order":0,"comment_status":"closed","ping_status":"closed","template":"","meta":{"_acf_changed":false,"footnotes":""},"class_list":["post-50","page","type-page","status-publish","has-post-thumbnail","hentry"],"acf":[],"yoast_head":"<!-- This site is optimized with the Yoast SEO plugin v27.6 - https:\/\/yoast.com\/product\/yoast-seo-wordpress\/ -->\n<title>Escuela de Enfermeria General | Enfermer\u00eda CHRISTUS<\/title>\n<meta name=\"robots\" content=\"index, follow, max-snippet:-1, max-image-preview:large, max-video-preview:-1\" \/>\n<link rel=\"canonical\" href=\"https:\/\/escuela-de-enfermeria.mx\/chihuahua\/escuela-de-enfermeria\/\" \/>\n<meta property=\"og:locale\" content=\"es_MX\" \/>\n<meta property=\"og:type\" content=\"article\" \/>\n<meta property=\"og:title\" content=\"Escuela de Enfermeria General | Enfermer\u00eda CHRISTUS\" \/>\n<meta property=\"og:url\" content=\"https:\/\/escuela-de-enfermeria.mx\/chihuahua\/escuela-de-enfermeria\/\" \/>\n<meta property=\"og:site_name\" content=\"Escuela de Enfermer\u00eda Christus Muguerza-UDEM Chihuahua\" \/>\n<meta property=\"article:modified_time\" content=\"2023-09-22T17:38:01+00:00\" \/>\n<meta property=\"og:image\" content=\"https:\/\/escuela-de-enfermeria.mx\/chihuahua\/wp-content\/uploads\/sites\/3\/2023\/09\/banner-web-ch-mesa-de-trabajo-1.jpg\" \/>\n\t<meta property=\"og:image:width\" content=\"2560\" \/>\n\t<meta property=\"og:image:height\" content=\"462\" \/>\n\t<meta property=\"og:image:type\" content=\"image\/jpeg\" \/>\n<meta name=\"twitter:card\" content=\"summary_large_image\" \/>\n<script type=\"application\/ld+json\" class=\"yoast-schema-graph\">{\"@context\":\"https:\\\/\\\/schema.org\",\"@graph\":[{\"@type\":\"WebPage\",\"@id\":\"https:\\\/\\\/escuela-de-enfermeria.mx\\\/chihuahua\\\/escuela-de-enfermeria\\\/\",\"url\":\"https:\\\/\\\/escuela-de-enfermeria.mx\\\/chihuahua\\\/escuela-de-enfermeria\\\/\",\"name\":\"Escuela de Enfermeria General | Enfermer\u00eda CHRISTUS\",\"isPartOf\":{\"@id\":\"https:\\\/\\\/escuela-de-enfermeria.mx\\\/chihuahua\\\/#website\"},\"primaryImageOfPage\":{\"@id\":\"https:\\\/\\\/escuela-de-enfermeria.mx\\\/chihuahua\\\/escuela-de-enfermeria\\\/#primaryimage\"},\"image\":{\"@id\":\"https:\\\/\\\/escuela-de-enfermeria.mx\\\/chihuahua\\\/escuela-de-enfermeria\\\/#primaryimage\"},\"thumbnailUrl\":\"https:\\\/\\\/escuela-de-enfermeria.mx\\\/chihuahua\\\/wp-content\\\/uploads\\\/sites\\\/3\\\/2023\\\/09\\\/banner-web-ch-mesa-de-trabajo-1.jpg\",\"datePublished\":\"2020-10-12T17:30:45+00:00\",\"dateModified\":\"2023-09-22T17:38:01+00:00\",\"breadcrumb\":{\"@id\":\"https:\\\/\\\/escuela-de-enfermeria.mx\\\/chihuahua\\\/escuela-de-enfermeria\\\/#breadcrumb\"},\"inLanguage\":\"es\",\"potentialAction\":[{\"@type\":\"ReadAction\",\"target\":[\"https:\\\/\\\/escuela-de-enfermeria.mx\\\/chihuahua\\\/escuela-de-enfermeria\\\/\"]}]},{\"@type\":\"ImageObject\",\"inLanguage\":\"es\",\"@id\":\"https:\\\/\\\/escuela-de-enfermeria.mx\\\/chihuahua\\\/escuela-de-enfermeria\\\/#primaryimage\",\"url\":\"https:\\\/\\\/escuela-de-enfermeria.mx\\\/chihuahua\\\/wp-content\\\/uploads\\\/sites\\\/3\\\/2023\\\/09\\\/banner-web-ch-mesa-de-trabajo-1.jpg\",\"contentUrl\":\"https:\\\/\\\/escuela-de-enfermeria.mx\\\/chihuahua\\\/wp-content\\\/uploads\\\/sites\\\/3\\\/2023\\\/09\\\/banner-web-ch-mesa-de-trabajo-1.jpg\",\"width\":2560,\"height\":462},{\"@type\":\"BreadcrumbList\",\"@id\":\"https:\\\/\\\/escuela-de-enfermeria.mx\\\/chihuahua\\\/escuela-de-enfermeria\\\/#breadcrumb\",\"itemListElement\":[{\"@type\":\"ListItem\",\"position\":1,\"name\":\"Inicio\",\"item\":\"https:\\\/\\\/escuela-de-enfermeria.mx\\\/chihuahua\\\/\"},{\"@type\":\"ListItem\",\"position\":2,\"name\":\"Nuestra historia\"}]},{\"@type\":\"WebSite\",\"@id\":\"https:\\\/\\\/escuela-de-enfermeria.mx\\\/chihuahua\\\/#website\",\"url\":\"https:\\\/\\\/escuela-de-enfermeria.mx\\\/chihuahua\\\/\",\"name\":\"Escuela de Enfermer\u00eda Christus Muguerza-UDEM Chihuahua\",\"description\":\"Otro sitio m\u00e1s de Escuela de Enfermer\u00eda Christus Muguerza-UDEM\",\"potentialAction\":[{\"@type\":\"SearchAction\",\"target\":{\"@type\":\"EntryPoint\",\"urlTemplate\":\"https:\\\/\\\/escuela-de-enfermeria.mx\\\/chihuahua\\\/?s={search_term_string}\"},\"query-input\":{\"@type\":\"PropertyValueSpecification\",\"valueRequired\":true,\"valueName\":\"search_term_string\"}}],\"inLanguage\":\"es\"}]}<\/script>\n<!-- \/ Yoast SEO plugin. -->","yoast_head_json":{"title":"Escuela de Enfermeria General | Enfermer\u00eda CHRISTUS","robots":{"index":"index","follow":"follow","max-snippet":"max-snippet:-1","max-image-preview":"max-image-preview:large","max-video-preview":"max-video-preview:-1"},"canonical":"https:\/\/escuela-de-enfermeria.mx\/chihuahua\/escuela-de-enfermeria\/","og_locale":"es_MX","og_type":"article","og_title":"Escuela de Enfermeria General | Enfermer\u00eda CHRISTUS","og_url":"https:\/\/escuela-de-enfermeria.mx\/chihuahua\/escuela-de-enfermeria\/","og_site_name":"Escuela de Enfermer\u00eda Christus Muguerza-UDEM Chihuahua","article_modified_time":"2023-09-22T17:38:01+00:00","og_image":[{"width":2560,"height":462,"url":"https:\/\/escuela-de-enfermeria.mx\/chihuahua\/wp-content\/uploads\/sites\/3\/2023\/09\/banner-web-ch-mesa-de-trabajo-1.jpg","type":"image\/jpeg"}],"twitter_card":"summary_large_image","schema":{"@context":"https:\/\/schema.org","@graph":[{"@type":"WebPage","@id":"https:\/\/escuela-de-enfermeria.mx\/chihuahua\/escuela-de-enfermeria\/","url":"https:\/\/escuela-de-enfermeria.mx\/chihuahua\/escuela-de-enfermeria\/","name":"Escuela de Enfermeria General | Enfermer\u00eda CHRISTUS","isPartOf":{"@id":"https:\/\/escuela-de-enfermeria.mx\/chihuahua\/#website"},"primaryImageOfPage":{"@id":"https:\/\/escuela-de-enfermeria.mx\/chihuahua\/escuela-de-enfermeria\/#primaryimage"},"image":{"@id":"https:\/\/escuela-de-enfermeria.mx\/chihuahua\/escuela-de-enfermeria\/#primaryimage"},"thumbnailUrl":"https:\/\/escuela-de-enfermeria.mx\/chihuahua\/wp-content\/uploads\/sites\/3\/2023\/09\/banner-web-ch-mesa-de-trabajo-1.jpg","datePublished":"2020-10-12T17:30:45+00:00","dateModified":"2023-09-22T17:38:01+00:00","breadcrumb":{"@id":"https:\/\/escuela-de-enfermeria.mx\/chihuahua\/escuela-de-enfermeria\/#breadcrumb"},"inLanguage":"es","potentialAction":[{"@type":"ReadAction","target":["https:\/\/escuela-de-enfermeria.mx\/chihuahua\/escuela-de-enfermeria\/"]}]},{"@type":"ImageObject","inLanguage":"es","@id":"https:\/\/escuela-de-enfermeria.mx\/chihuahua\/escuela-de-enfermeria\/#primaryimage","url":"https:\/\/escuela-de-enfermeria.mx\/chihuahua\/wp-content\/uploads\/sites\/3\/2023\/09\/banner-web-ch-mesa-de-trabajo-1.jpg","contentUrl":"https:\/\/escuela-de-enfermeria.mx\/chihuahua\/wp-content\/uploads\/sites\/3\/2023\/09\/banner-web-ch-mesa-de-trabajo-1.jpg","width":2560,"height":462},{"@type":"BreadcrumbList","@id":"https:\/\/escuela-de-enfermeria.mx\/chihuahua\/escuela-de-enfermeria\/#breadcrumb","itemListElement":[{"@type":"ListItem","position":1,"name":"Inicio","item":"https:\/\/escuela-de-enfermeria.mx\/chihuahua\/"},{"@type":"ListItem","position":2,"name":"Nuestra historia"}]},{"@type":"WebSite","@id":"https:\/\/escuela-de-enfermeria.mx\/chihuahua\/#website","url":"https:\/\/escuela-de-enfermeria.mx\/chihuahua\/","name":"Escuela de Enfermer\u00eda Christus Muguerza-UDEM Chihuahua","description":"Otro sitio m\u00e1s de Escuela de Enfermer\u00eda Christus Muguerza-UDEM","potentialAction":[{"@type":"SearchAction","target":{"@type":"EntryPoint","urlTemplate":"https:\/\/escuela-de-enfermeria.mx\/chihuahua\/?s={search_term_string}"},"query-input":{"@type":"PropertyValueSpecification","valueRequired":true,"valueName":"search_term_string"}}],"inLanguage":"es"}]}},"_links":{"self":[{"href":"https:\/\/escuela-de-enfermeria.mx\/chihuahua\/wp-json\/wp\/v2\/pages\/50","targetHints":{"allow":["GET"]}}],"collection":[{"href":"https:\/\/escuela-de-enfermeria.mx\/chihuahua\/wp-json\/wp\/v2\/pages"}],"about":[{"href":"https:\/\/escuela-de-enfermeria.mx\/chihuahua\/wp-json\/wp\/v2\/types\/page"}],"author":[{"embeddable":true,"href":"https:\/\/escuela-de-enfermeria.mx\/chihuahua\/wp-json\/wp\/v2\/users\/1"}],"replies":[{"embeddable":true,"href":"https:\/\/escuela-de-enfermeria.mx\/chihuahua\/wp-json\/wp\/v2\/comments?post=50"}],"version-history":[{"count":5,"href":"https:\/\/escuela-de-enfermeria.mx\/chihuahua\/wp-json\/wp\/v2\/pages\/50\/revisions"}],"predecessor-version":[{"id":549,"href":"https:\/\/escuela-de-enfermeria.mx\/chihuahua\/wp-json\/wp\/v2\/pages\/50\/revisions\/549"}],"wp:featuredmedia":[{"embeddable":true,"href":"https:\/\/escuela-de-enfermeria.mx\/chihuahua\/wp-json\/wp\/v2\/media\/506"}],"wp:attachment":[{"href":"https:\/\/escuela-de-enfermeria.mx\/chihuahua\/wp-json\/wp\/v2\/media?parent=50"}],"curies":[{"name":"wp","href":"https:\/\/api.w.org\/{rel}","templated":true}]}}