{"id":64,"date":"2020-10-12T17:33:47","date_gmt":"2020-10-12T17:33:47","guid":{"rendered":"https:\/\/escuela-de-enfermeria.mx\/chihuahua\/?page_id=64"},"modified":"2025-07-07T19:40:24","modified_gmt":"2025-07-07T19:40:24","slug":"enfermeria-general","status":"publish","type":"page","link":"https:\/\/escuela-de-enfermeria.mx\/chihuahua\/enfermeria-general\/","title":{"rendered":"Enfermer\u00eda General"},"content":{"rendered":"","protected":false},"excerpt":{"rendered":"","protected":false},"author":1,"featured_media":505,"parent":0,"menu_order":0,"comment_status":"closed","ping_status":"closed","template":"page-sidebar.php","meta":{"_acf_changed":false,"footnotes":""},"class_list":["post-64","page","type-page","status-publish","has-post-thumbnail","hentry"],"acf":[],"yoast_head":"<!-- This site is optimized with the Yoast SEO plugin v27.5 - https:\/\/yoast.com\/product\/yoast-seo-wordpress\/ -->\n<title>Enfermer\u00eda General - Escuela de Enfermer\u00eda Christus Muguerza-UDEM Chihuahua<\/title>\n<meta name=\"robots\" content=\"index, follow, max-snippet:-1, max-image-preview:large, max-video-preview:-1\" \/>\n<link rel=\"canonical\" href=\"https:\/\/escuela-de-enfermeria.mx\/chihuahua\/enfermeria-general\/\" \/>\n<meta property=\"og:locale\" content=\"es_MX\" \/>\n<meta property=\"og:type\" content=\"article\" \/>\n<meta property=\"og:title\" content=\"Enfermer\u00eda General - Escuela de Enfermer\u00eda Christus Muguerza-UDEM Chihuahua\" \/>\n<meta property=\"og:url\" content=\"https:\/\/escuela-de-enfermeria.mx\/chihuahua\/enfermeria-general\/\" \/>\n<meta property=\"og:site_name\" content=\"Escuela de Enfermer\u00eda Christus Muguerza-UDEM Chihuahua\" \/>\n<meta property=\"article:modified_time\" content=\"2025-07-07T19:40:24+00:00\" \/>\n<meta property=\"og:image\" content=\"https:\/\/escuela-de-enfermeria.mx\/chihuahua\/wp-content\/uploads\/sites\/3\/2023\/09\/banner-mesa-de-trabajo-1.jpg\" \/>\n\t<meta property=\"og:image:width\" content=\"2560\" \/>\n\t<meta property=\"og:image:height\" content=\"462\" \/>\n\t<meta property=\"og:image:type\" content=\"image\/jpeg\" \/>\n<meta name=\"twitter:card\" content=\"summary_large_image\" \/>\n<meta name=\"twitter:label1\" content=\"Tiempo de lectura\" \/>\n\t<meta name=\"twitter:data1\" content=\"1 minuto\" \/>\n<script type=\"application\/ld+json\" class=\"yoast-schema-graph\">{\"@context\":\"https:\\\/\\\/schema.org\",\"@graph\":[{\"@type\":\"WebPage\",\"@id\":\"https:\\\/\\\/escuela-de-enfermeria.mx\\\/chihuahua\\\/enfermeria-general\\\/\",\"url\":\"https:\\\/\\\/escuela-de-enfermeria.mx\\\/chihuahua\\\/enfermeria-general\\\/\",\"name\":\"Enfermer\u00eda General - Escuela de Enfermer\u00eda Christus Muguerza-UDEM Chihuahua\",\"isPartOf\":{\"@id\":\"https:\\\/\\\/escuela-de-enfermeria.mx\\\/chihuahua\\\/#website\"},\"primaryImageOfPage\":{\"@id\":\"https:\\\/\\\/escuela-de-enfermeria.mx\\\/chihuahua\\\/enfermeria-general\\\/#primaryimage\"},\"image\":{\"@id\":\"https:\\\/\\\/escuela-de-enfermeria.mx\\\/chihuahua\\\/enfermeria-general\\\/#primaryimage\"},\"thumbnailUrl\":\"https:\\\/\\\/escuela-de-enfermeria.mx\\\/chihuahua\\\/wp-content\\\/uploads\\\/sites\\\/3\\\/2023\\\/09\\\/banner-mesa-de-trabajo-1.jpg\",\"datePublished\":\"2020-10-12T17:33:47+00:00\",\"dateModified\":\"2025-07-07T19:40:24+00:00\",\"breadcrumb\":{\"@id\":\"https:\\\/\\\/escuela-de-enfermeria.mx\\\/chihuahua\\\/enfermeria-general\\\/#breadcrumb\"},\"inLanguage\":\"es\",\"potentialAction\":[{\"@type\":\"ReadAction\",\"target\":[\"https:\\\/\\\/escuela-de-enfermeria.mx\\\/chihuahua\\\/enfermeria-general\\\/\"]}]},{\"@type\":\"ImageObject\",\"inLanguage\":\"es\",\"@id\":\"https:\\\/\\\/escuela-de-enfermeria.mx\\\/chihuahua\\\/enfermeria-general\\\/#primaryimage\",\"url\":\"https:\\\/\\\/escuela-de-enfermeria.mx\\\/chihuahua\\\/wp-content\\\/uploads\\\/sites\\\/3\\\/2023\\\/09\\\/banner-mesa-de-trabajo-1.jpg\",\"contentUrl\":\"https:\\\/\\\/escuela-de-enfermeria.mx\\\/chihuahua\\\/wp-content\\\/uploads\\\/sites\\\/3\\\/2023\\\/09\\\/banner-mesa-de-trabajo-1.jpg\",\"width\":2560,\"height\":462},{\"@type\":\"BreadcrumbList\",\"@id\":\"https:\\\/\\\/escuela-de-enfermeria.mx\\\/chihuahua\\\/enfermeria-general\\\/#breadcrumb\",\"itemListElement\":[{\"@type\":\"ListItem\",\"position\":1,\"name\":\"Inicio\",\"item\":\"https:\\\/\\\/escuela-de-enfermeria.mx\\\/chihuahua\\\/\"},{\"@type\":\"ListItem\",\"position\":2,\"name\":\"Enfermer\u00eda General\"}]},{\"@type\":\"WebSite\",\"@id\":\"https:\\\/\\\/escuela-de-enfermeria.mx\\\/chihuahua\\\/#website\",\"url\":\"https:\\\/\\\/escuela-de-enfermeria.mx\\\/chihuahua\\\/\",\"name\":\"Escuela de Enfermer\u00eda Christus Muguerza-UDEM Chihuahua\",\"description\":\"Otro sitio m\u00e1s de Escuela de Enfermer\u00eda Christus Muguerza-UDEM\",\"potentialAction\":[{\"@type\":\"SearchAction\",\"target\":{\"@type\":\"EntryPoint\",\"urlTemplate\":\"https:\\\/\\\/escuela-de-enfermeria.mx\\\/chihuahua\\\/?s={search_term_string}\"},\"query-input\":{\"@type\":\"PropertyValueSpecification\",\"valueRequired\":true,\"valueName\":\"search_term_string\"}}],\"inLanguage\":\"es\"}]}<\/script>\n<!-- \/ Yoast SEO plugin. -->","yoast_head_json":{"title":"Enfermer\u00eda General - Escuela de Enfermer\u00eda Christus Muguerza-UDEM Chihuahua","robots":{"index":"index","follow":"follow","max-snippet":"max-snippet:-1","max-image-preview":"max-image-preview:large","max-video-preview":"max-video-preview:-1"},"canonical":"https:\/\/escuela-de-enfermeria.mx\/chihuahua\/enfermeria-general\/","og_locale":"es_MX","og_type":"article","og_title":"Enfermer\u00eda General - Escuela de Enfermer\u00eda Christus Muguerza-UDEM Chihuahua","og_url":"https:\/\/escuela-de-enfermeria.mx\/chihuahua\/enfermeria-general\/","og_site_name":"Escuela de Enfermer\u00eda Christus Muguerza-UDEM Chihuahua","article_modified_time":"2025-07-07T19:40:24+00:00","og_image":[{"width":2560,"height":462,"url":"https:\/\/escuela-de-enfermeria.mx\/chihuahua\/wp-content\/uploads\/sites\/3\/2023\/09\/banner-mesa-de-trabajo-1.jpg","type":"image\/jpeg"}],"twitter_card":"summary_large_image","twitter_misc":{"Tiempo de lectura":"1 minuto"},"schema":{"@context":"https:\/\/schema.org","@graph":[{"@type":"WebPage","@id":"https:\/\/escuela-de-enfermeria.mx\/chihuahua\/enfermeria-general\/","url":"https:\/\/escuela-de-enfermeria.mx\/chihuahua\/enfermeria-general\/","name":"Enfermer\u00eda General - Escuela de Enfermer\u00eda Christus Muguerza-UDEM Chihuahua","isPartOf":{"@id":"https:\/\/escuela-de-enfermeria.mx\/chihuahua\/#website"},"primaryImageOfPage":{"@id":"https:\/\/escuela-de-enfermeria.mx\/chihuahua\/enfermeria-general\/#primaryimage"},"image":{"@id":"https:\/\/escuela-de-enfermeria.mx\/chihuahua\/enfermeria-general\/#primaryimage"},"thumbnailUrl":"https:\/\/escuela-de-enfermeria.mx\/chihuahua\/wp-content\/uploads\/sites\/3\/2023\/09\/banner-mesa-de-trabajo-1.jpg","datePublished":"2020-10-12T17:33:47+00:00","dateModified":"2025-07-07T19:40:24+00:00","breadcrumb":{"@id":"https:\/\/escuela-de-enfermeria.mx\/chihuahua\/enfermeria-general\/#breadcrumb"},"inLanguage":"es","potentialAction":[{"@type":"ReadAction","target":["https:\/\/escuela-de-enfermeria.mx\/chihuahua\/enfermeria-general\/"]}]},{"@type":"ImageObject","inLanguage":"es","@id":"https:\/\/escuela-de-enfermeria.mx\/chihuahua\/enfermeria-general\/#primaryimage","url":"https:\/\/escuela-de-enfermeria.mx\/chihuahua\/wp-content\/uploads\/sites\/3\/2023\/09\/banner-mesa-de-trabajo-1.jpg","contentUrl":"https:\/\/escuela-de-enfermeria.mx\/chihuahua\/wp-content\/uploads\/sites\/3\/2023\/09\/banner-mesa-de-trabajo-1.jpg","width":2560,"height":462},{"@type":"BreadcrumbList","@id":"https:\/\/escuela-de-enfermeria.mx\/chihuahua\/enfermeria-general\/#breadcrumb","itemListElement":[{"@type":"ListItem","position":1,"name":"Inicio","item":"https:\/\/escuela-de-enfermeria.mx\/chihuahua\/"},{"@type":"ListItem","position":2,"name":"Enfermer\u00eda General"}]},{"@type":"WebSite","@id":"https:\/\/escuela-de-enfermeria.mx\/chihuahua\/#website","url":"https:\/\/escuela-de-enfermeria.mx\/chihuahua\/","name":"Escuela de Enfermer\u00eda Christus Muguerza-UDEM Chihuahua","description":"Otro sitio m\u00e1s de Escuela de Enfermer\u00eda Christus Muguerza-UDEM","potentialAction":[{"@type":"SearchAction","target":{"@type":"EntryPoint","urlTemplate":"https:\/\/escuela-de-enfermeria.mx\/chihuahua\/?s={search_term_string}"},"query-input":{"@type":"PropertyValueSpecification","valueRequired":true,"valueName":"search_term_string"}}],"inLanguage":"es"}]}},"_links":{"self":[{"href":"https:\/\/escuela-de-enfermeria.mx\/chihuahua\/wp-json\/wp\/v2\/pages\/64","targetHints":{"allow":["GET"]}}],"collection":[{"href":"https:\/\/escuela-de-enfermeria.mx\/chihuahua\/wp-json\/wp\/v2\/pages"}],"about":[{"href":"https:\/\/escuela-de-enfermeria.mx\/chihuahua\/wp-json\/wp\/v2\/types\/page"}],"author":[{"embeddable":true,"href":"https:\/\/escuela-de-enfermeria.mx\/chihuahua\/wp-json\/wp\/v2\/users\/1"}],"replies":[{"embeddable":true,"href":"https:\/\/escuela-de-enfermeria.mx\/chihuahua\/wp-json\/wp\/v2\/comments?post=64"}],"version-history":[{"count":9,"href":"https:\/\/escuela-de-enfermeria.mx\/chihuahua\/wp-json\/wp\/v2\/pages\/64\/revisions"}],"predecessor-version":[{"id":591,"href":"https:\/\/escuela-de-enfermeria.mx\/chihuahua\/wp-json\/wp\/v2\/pages\/64\/revisions\/591"}],"wp:featuredmedia":[{"embeddable":true,"href":"https:\/\/escuela-de-enfermeria.mx\/chihuahua\/wp-json\/wp\/v2\/media\/505"}],"wp:attachment":[{"href":"https:\/\/escuela-de-enfermeria.mx\/chihuahua\/wp-json\/wp\/v2\/media?parent=64"}],"curies":[{"name":"wp","href":"https:\/\/api.w.org\/{rel}","templated":true}]}}