{"id":12,"date":"2020-09-30T21:38:12","date_gmt":"2020-09-30T21:38:12","guid":{"rendered":"https:\/\/escuela-de-enfermeria.mx\/monterrey\/?page_id=12"},"modified":"2026-03-24T15:18:48","modified_gmt":"2026-03-24T15:18:48","slug":"beca","status":"publish","type":"page","link":"https:\/\/escuela-de-enfermeria.mx\/monterrey\/beca\/","title":{"rendered":"Becas"},"content":{"rendered":"\n<h2 class=\"wp-block-heading\">Tipos de beca<\/h2>\n\n\n\n<h3 class=\"wp-block-heading has-brand-1-color has-text-color\"><strong>BECA DE EXCELENCIA ACAD\u00c9MICA<\/strong><\/h3>\n\n\n\n<p>Es otorgada a aquellos alumnos a partir del segundo semestre de cualquiera de los programas, que cuenten con un promedio igual o mayor de 9.5 en el semestre escolar inmediato anterior.&nbsp;&nbsp;Es sujeto de asignaci\u00f3n de una beca del 30%, dicho porcentaje puede incrementar consecutivamente en cada semestre no m\u00e1s de un 10% por periodo.<\/p>\n\n\n\n<h3 class=\"wp-block-heading has-brand-1-color has-text-color\"><strong>BECA DESEMPE\u00d1O<\/strong><\/h3>\n\n\n\n<p>Es otorgada a aquellos alumnos a partir del segundo semestre de cualquiera de los programas, que cuenten con un promedio igual o sostenido de 8.5 en el semestre escolar inmediato anterior.<\/p>\n\n\n\n<p>Es sujeto de asignaci\u00f3n de una beca inicial del 20%, dicho porcentaje puede incrementar consecutivamente en cada semestre no m\u00e1s de un 10% por periodo.<\/p>\n\n\n\n<h3 class=\"wp-block-heading has-brand-1-color has-text-color\"><strong>BECA DE ESCASOS RECURSOS<\/strong><\/h3>\n\n\n\n<p>Es otorgada a aquellos alumnos de todos los programas, que requieren de apoyo econ\u00f3mico y con desempe\u00f1o acad\u00e9mico satisfactorio, deber\u00e1n contar con un promedio m\u00ednimo de 8.5 en el semestre escolar inmediato anterior. Es sujeto de asignaci\u00f3n de una beca inicial del 20%, dicho porcentaje puede incrementar consecutivamente en cada semestre no m\u00e1s de un 10% por periodo.<\/p>\n\n\n\n<p>En el caso de que las calificaciones no alcancen el promedio sugerido se podr\u00e1 continuar con el proceso de asignaci\u00f3n de becas siempre y cuando el alumno, padre o tutor firmen una carta compromiso en la cual se deber\u00e1 de evidenciar&nbsp;un mejor desempe\u00f1o en el per\u00edodo inmediato que determine la direcci\u00f3n de la escuela.<\/p>\n\n\n\n<h3 class=\"wp-block-heading has-brand-1-color has-text-color\"><strong>BECA PARA COLABORADORES Y FAMILIARES CHRISTUS MUGUERZA<\/strong><\/h3>\n\n\n\n<p>Puede ser otorgada desde el primer semestre a aquellos colaboradores y\/o familiares directos, que no pertenezcan a los servicios de enfermer\u00eda y que deseen estudiar en alg\u00fan programa de la oferta educativa de la escuela. Es sujeto de asignaci\u00f3n de una beca del 20% en forma autom\u00e1tica, posteriormente puede incrementar, hasta un 30%.<\/p>\n\n\n\n<h3 class=\"wp-block-heading has-brand-1-color has-text-color\"><strong>LA BECA DE FALLECIMIENTO DEL TUTOR<\/strong><\/h3>\n\n\n\n<p>Es otorgada a aquellos alumnos de todos los programas, cuando presentan una p\u00e9rdida por fallecimiento de su tutor (solicitud oficial) en cualquier periodo de su formaci\u00f3n acad\u00e9mica.&nbsp;<\/p>\n\n\n\n<ol class=\"wp-block-list\">\n<li>Se deber\u00e1 comprobar con el acta de defunci\u00f3n correspondiente.&nbsp;<\/li>\n\n\n\n<li>Es sujeto de asignaci\u00f3n de una beca del 100% en forma autom\u00e1tica en las mensualidades.<\/li>\n\n\n\n<li>Este porcentaje del 100% no aplica para inscripci\u00f3n, reinscripciones, seguro contra accidentes y tramite de t\u00edtulo profesional.<\/li>\n<\/ol>\n\n\n\n<h3 class=\"wp-block-heading has-brand-1-color has-text-color\"><strong><strong>BECA EMPRESA-ESCUELA<\/strong><\/strong><\/h3>\n\n\n\n<p>Es otorgada a aquellos estudiantes que colaboran en empresas externas, las cuales mantienen un convenio con la instituci\u00f3n acad\u00e9mica.<\/p>\n\n\n\n<ol class=\"wp-block-list\">\n<li>La Direcci\u00f3n de Escuela de Enfermer\u00eda determinar\u00e1 el porcentaje de asignaci\u00f3n, para la beca de colaboradores con empresas externas.<\/li>\n\n\n\n<li>Las empresas externas tendr\u00e1n acercamiento con la direcci\u00f3n de escuelas de enfermer\u00eda, en el que notificar\u00e1 el n\u00famero de colaboradores que realizar\u00e1n sus estudios en la instituci\u00f3n.<\/li>\n\n\n\n<li>Se enviar\u00e1 la relaci\u00f3n al departamento de Administraci\u00f3n y Finanzas para su seguimiento y resoluci\u00f3n de las becas.&nbsp;<\/li>\n<\/ol>\n\n\n\n<p><\/p>\n\n\n\n<div class=\"wp-block-buttons is-layout-flex wp-block-buttons-is-layout-flex\">\n<div class=\"wp-block-button\"><a class=\"wp-block-button__link wp-element-button\" href=\"https:\/\/drive.google.com\/file\/d\/10edrZm-QCPn0ayIH_Uo6KUpqi7Mg5Jhc\/view?usp=sharing\" target=\"_blank\" rel=\"noreferrer noopener\">Procedimiento para tr\u00e1mite de becas<\/a><\/div>\n<\/div>\n\n\n\n<h2 class=\"wp-block-heading\">Requisitos<\/h2>\n\n\n\n<ul class=\"wp-block-list\" type=\"1\">\n<li>A trav\u00e9s de la coordinaci\u00f3n acad\u00e9mica haga la solicitud expresa.<\/li>\n\n\n\n<li>Llenado de solicitud de ayuda financiera de la Escuela de Enfermer\u00eda completa y contestada, con los documentos anexos correspondientes y firmada.&nbsp;<\/li>\n\n\n\n<li>Tener un promedio m\u00ednimo de calificaciones de acuerdo con el nivel de estudio; Bachillerato 8.5; Profesional 8.0 y Posb\u00e1sico 8.5. Para los cursos de educaci\u00f3n continua no hay calificaci\u00f3n m\u00ednima.&nbsp;&nbsp;<\/li>\n\n\n\n<li>Reporte impreso de calificaciones del \u00faltimo semestre cursado o bien el que est\u00e9 en transcurso.&nbsp;<\/li>\n\n\n\n<li>Entrevista que determine el estudio socioecon\u00f3mico, en caso de que la beca sea por escasos recursos.<\/li>\n\n\n\n<li>Entrevista a padres de familia o tutores.<\/li>\n\n\n\n<li>Firma de notificaci\u00f3n de aprobaci\u00f3n de beca econ\u00f3mica<\/li>\n\n\n\n<li>Todas las becas proporcionadas est\u00e1n sujetas al desempe\u00f1o acad\u00e9mico de los beneficiados, se requiere la firma de la carta compromiso.&nbsp;<\/li>\n<\/ul>\n\n\n\n<div class=\"wp-block-buttons is-layout-flex wp-block-buttons-is-layout-flex\">\n<div class=\"wp-block-button\"><a class=\"wp-block-button__link wp-element-button\" href=\"https:\/\/drive.google.com\/file\/d\/1EJhAmIb1aSbkzr7C9V-p0MtvxxcGgDMB\/view?usp=sharing\" target=\"_blank\" rel=\"noreferrer noopener\">Renovaci\u00f3n y cancelaci\u00f3n de becas<\/a><\/div>\n<\/div>\n","protected":false},"excerpt":{"rendered":"<p>Tipos de beca BECA DE EXCELENCIA ACAD\u00c9MICA Es otorgada a aquellos alumnos a partir del segundo semestre de cualquiera de [&hellip;]<\/p>\n","protected":false},"author":1,"featured_media":1594,"parent":0,"menu_order":0,"comment_status":"closed","ping_status":"closed","template":"page-sidebar.php","meta":{"_acf_changed":false,"footnotes":""},"class_list":["post-12","page","type-page","status-publish","has-post-thumbnail","hentry"],"acf":[],"yoast_head":"<!-- This site is optimized with the Yoast SEO plugin v27.6 - https:\/\/yoast.com\/product\/yoast-seo-wordpress\/ -->\n<title>Becas - Escuela de Enfermer\u00eda Christus Muguerza-UDEM Monterrey<\/title>\n<meta name=\"robots\" content=\"index, follow, max-snippet:-1, max-image-preview:large, max-video-preview:-1\" \/>\n<link rel=\"canonical\" href=\"https:\/\/escuela-de-enfermeria.mx\/monterrey\/beca\/\" \/>\n<meta property=\"og:locale\" content=\"es_MX\" \/>\n<meta property=\"og:type\" content=\"article\" \/>\n<meta property=\"og:title\" content=\"Becas - Escuela de Enfermer\u00eda Christus Muguerza-UDEM Monterrey\" \/>\n<meta property=\"og:description\" content=\"Tipos de beca BECA DE EXCELENCIA ACAD\u00c9MICA Es otorgada a aquellos alumnos a partir del segundo semestre de cualquiera de [&hellip;]\" \/>\n<meta property=\"og:url\" content=\"https:\/\/escuela-de-enfermeria.mx\/monterrey\/beca\/\" \/>\n<meta property=\"og:site_name\" content=\"Escuela de Enfermer\u00eda Christus Muguerza-UDEM Monterrey\" \/>\n<meta property=\"article:modified_time\" content=\"2026-03-24T15:18:48+00:00\" \/>\n<meta property=\"og:image\" content=\"https:\/\/escuela-de-enfermeria.mx\/monterrey\/wp-content\/uploads\/sites\/2\/2026\/03\/web-udem-health-banner-becas-udem.png\" \/>\n\t<meta property=\"og:image:width\" content=\"1920\" \/>\n\t<meta property=\"og:image:height\" content=\"399\" \/>\n\t<meta property=\"og:image:type\" content=\"image\/png\" \/>\n<meta name=\"twitter:card\" content=\"summary_large_image\" \/>\n<meta name=\"twitter:label1\" content=\"Tiempo de lectura\" \/>\n\t<meta name=\"twitter:data1\" content=\"3 minutos\" \/>\n<script type=\"application\/ld+json\" class=\"yoast-schema-graph\">{\"@context\":\"https:\\\/\\\/schema.org\",\"@graph\":[{\"@type\":\"WebPage\",\"@id\":\"https:\\\/\\\/escuela-de-enfermeria.mx\\\/monterrey\\\/beca\\\/\",\"url\":\"https:\\\/\\\/escuela-de-enfermeria.mx\\\/monterrey\\\/beca\\\/\",\"name\":\"Becas - Escuela de Enfermer\u00eda Christus Muguerza-UDEM Monterrey\",\"isPartOf\":{\"@id\":\"https:\\\/\\\/escuela-de-enfermeria.mx\\\/monterrey\\\/#website\"},\"primaryImageOfPage\":{\"@id\":\"https:\\\/\\\/escuela-de-enfermeria.mx\\\/monterrey\\\/beca\\\/#primaryimage\"},\"image\":{\"@id\":\"https:\\\/\\\/escuela-de-enfermeria.mx\\\/monterrey\\\/beca\\\/#primaryimage\"},\"thumbnailUrl\":\"https:\\\/\\\/escuela-de-enfermeria.mx\\\/monterrey\\\/wp-content\\\/uploads\\\/sites\\\/2\\\/2026\\\/03\\\/web-udem-health-banner-becas-udem.png\",\"datePublished\":\"2020-09-30T21:38:12+00:00\",\"dateModified\":\"2026-03-24T15:18:48+00:00\",\"breadcrumb\":{\"@id\":\"https:\\\/\\\/escuela-de-enfermeria.mx\\\/monterrey\\\/beca\\\/#breadcrumb\"},\"inLanguage\":\"es\",\"potentialAction\":[{\"@type\":\"ReadAction\",\"target\":[\"https:\\\/\\\/escuela-de-enfermeria.mx\\\/monterrey\\\/beca\\\/\"]}]},{\"@type\":\"ImageObject\",\"inLanguage\":\"es\",\"@id\":\"https:\\\/\\\/escuela-de-enfermeria.mx\\\/monterrey\\\/beca\\\/#primaryimage\",\"url\":\"https:\\\/\\\/escuela-de-enfermeria.mx\\\/monterrey\\\/wp-content\\\/uploads\\\/sites\\\/2\\\/2026\\\/03\\\/web-udem-health-banner-becas-udem.png\",\"contentUrl\":\"https:\\\/\\\/escuela-de-enfermeria.mx\\\/monterrey\\\/wp-content\\\/uploads\\\/sites\\\/2\\\/2026\\\/03\\\/web-udem-health-banner-becas-udem.png\",\"width\":1920,\"height\":399},{\"@type\":\"BreadcrumbList\",\"@id\":\"https:\\\/\\\/escuela-de-enfermeria.mx\\\/monterrey\\\/beca\\\/#breadcrumb\",\"itemListElement\":[{\"@type\":\"ListItem\",\"position\":1,\"name\":\"Inicio\",\"item\":\"https:\\\/\\\/escuela-de-enfermeria.mx\\\/monterrey\\\/\"},{\"@type\":\"ListItem\",\"position\":2,\"name\":\"Becas\"}]},{\"@type\":\"WebSite\",\"@id\":\"https:\\\/\\\/escuela-de-enfermeria.mx\\\/monterrey\\\/#website\",\"url\":\"https:\\\/\\\/escuela-de-enfermeria.mx\\\/monterrey\\\/\",\"name\":\"Escuela de Enfermer\u00eda Christus Muguerza-UDEM Monterrey\",\"description\":\"Otro sitio m\u00e1s de Escuela de Enfermer\u00eda Christus Muguerza-UDEM\",\"potentialAction\":[{\"@type\":\"SearchAction\",\"target\":{\"@type\":\"EntryPoint\",\"urlTemplate\":\"https:\\\/\\\/escuela-de-enfermeria.mx\\\/monterrey\\\/?s={search_term_string}\"},\"query-input\":{\"@type\":\"PropertyValueSpecification\",\"valueRequired\":true,\"valueName\":\"search_term_string\"}}],\"inLanguage\":\"es\"}]}<\/script>\n<!-- \/ Yoast SEO plugin. -->","yoast_head_json":{"title":"Becas - Escuela de Enfermer\u00eda Christus Muguerza-UDEM Monterrey","robots":{"index":"index","follow":"follow","max-snippet":"max-snippet:-1","max-image-preview":"max-image-preview:large","max-video-preview":"max-video-preview:-1"},"canonical":"https:\/\/escuela-de-enfermeria.mx\/monterrey\/beca\/","og_locale":"es_MX","og_type":"article","og_title":"Becas - Escuela de Enfermer\u00eda Christus Muguerza-UDEM Monterrey","og_description":"Tipos de beca BECA DE EXCELENCIA ACAD\u00c9MICA Es otorgada a aquellos alumnos a partir del segundo semestre de cualquiera de [&hellip;]","og_url":"https:\/\/escuela-de-enfermeria.mx\/monterrey\/beca\/","og_site_name":"Escuela de Enfermer\u00eda Christus Muguerza-UDEM Monterrey","article_modified_time":"2026-03-24T15:18:48+00:00","og_image":[{"width":1920,"height":399,"url":"https:\/\/escuela-de-enfermeria.mx\/monterrey\/wp-content\/uploads\/sites\/2\/2026\/03\/web-udem-health-banner-becas-udem.png","type":"image\/png"}],"twitter_card":"summary_large_image","twitter_misc":{"Tiempo de lectura":"3 minutos"},"schema":{"@context":"https:\/\/schema.org","@graph":[{"@type":"WebPage","@id":"https:\/\/escuela-de-enfermeria.mx\/monterrey\/beca\/","url":"https:\/\/escuela-de-enfermeria.mx\/monterrey\/beca\/","name":"Becas - Escuela de Enfermer\u00eda Christus Muguerza-UDEM Monterrey","isPartOf":{"@id":"https:\/\/escuela-de-enfermeria.mx\/monterrey\/#website"},"primaryImageOfPage":{"@id":"https:\/\/escuela-de-enfermeria.mx\/monterrey\/beca\/#primaryimage"},"image":{"@id":"https:\/\/escuela-de-enfermeria.mx\/monterrey\/beca\/#primaryimage"},"thumbnailUrl":"https:\/\/escuela-de-enfermeria.mx\/monterrey\/wp-content\/uploads\/sites\/2\/2026\/03\/web-udem-health-banner-becas-udem.png","datePublished":"2020-09-30T21:38:12+00:00","dateModified":"2026-03-24T15:18:48+00:00","breadcrumb":{"@id":"https:\/\/escuela-de-enfermeria.mx\/monterrey\/beca\/#breadcrumb"},"inLanguage":"es","potentialAction":[{"@type":"ReadAction","target":["https:\/\/escuela-de-enfermeria.mx\/monterrey\/beca\/"]}]},{"@type":"ImageObject","inLanguage":"es","@id":"https:\/\/escuela-de-enfermeria.mx\/monterrey\/beca\/#primaryimage","url":"https:\/\/escuela-de-enfermeria.mx\/monterrey\/wp-content\/uploads\/sites\/2\/2026\/03\/web-udem-health-banner-becas-udem.png","contentUrl":"https:\/\/escuela-de-enfermeria.mx\/monterrey\/wp-content\/uploads\/sites\/2\/2026\/03\/web-udem-health-banner-becas-udem.png","width":1920,"height":399},{"@type":"BreadcrumbList","@id":"https:\/\/escuela-de-enfermeria.mx\/monterrey\/beca\/#breadcrumb","itemListElement":[{"@type":"ListItem","position":1,"name":"Inicio","item":"https:\/\/escuela-de-enfermeria.mx\/monterrey\/"},{"@type":"ListItem","position":2,"name":"Becas"}]},{"@type":"WebSite","@id":"https:\/\/escuela-de-enfermeria.mx\/monterrey\/#website","url":"https:\/\/escuela-de-enfermeria.mx\/monterrey\/","name":"Escuela de Enfermer\u00eda Christus Muguerza-UDEM Monterrey","description":"Otro sitio m\u00e1s de Escuela de Enfermer\u00eda Christus Muguerza-UDEM","potentialAction":[{"@type":"SearchAction","target":{"@type":"EntryPoint","urlTemplate":"https:\/\/escuela-de-enfermeria.mx\/monterrey\/?s={search_term_string}"},"query-input":{"@type":"PropertyValueSpecification","valueRequired":true,"valueName":"search_term_string"}}],"inLanguage":"es"}]}},"_links":{"self":[{"href":"https:\/\/escuela-de-enfermeria.mx\/monterrey\/wp-json\/wp\/v2\/pages\/12","targetHints":{"allow":["GET"]}}],"collection":[{"href":"https:\/\/escuela-de-enfermeria.mx\/monterrey\/wp-json\/wp\/v2\/pages"}],"about":[{"href":"https:\/\/escuela-de-enfermeria.mx\/monterrey\/wp-json\/wp\/v2\/types\/page"}],"author":[{"embeddable":true,"href":"https:\/\/escuela-de-enfermeria.mx\/monterrey\/wp-json\/wp\/v2\/users\/1"}],"replies":[{"embeddable":true,"href":"https:\/\/escuela-de-enfermeria.mx\/monterrey\/wp-json\/wp\/v2\/comments?post=12"}],"version-history":[{"count":7,"href":"https:\/\/escuela-de-enfermeria.mx\/monterrey\/wp-json\/wp\/v2\/pages\/12\/revisions"}],"predecessor-version":[{"id":1607,"href":"https:\/\/escuela-de-enfermeria.mx\/monterrey\/wp-json\/wp\/v2\/pages\/12\/revisions\/1607"}],"wp:featuredmedia":[{"embeddable":true,"href":"https:\/\/escuela-de-enfermeria.mx\/monterrey\/wp-json\/wp\/v2\/media\/1594"}],"wp:attachment":[{"href":"https:\/\/escuela-de-enfermeria.mx\/monterrey\/wp-json\/wp\/v2\/media?parent=12"}],"curies":[{"name":"wp","href":"https:\/\/api.w.org\/{rel}","templated":true}]}}