{"id":1279,"date":"2025-03-03T16:01:23","date_gmt":"2025-03-03T16:01:23","guid":{"rendered":"https:\/\/escuela-de-enfermeria.mx\/monterrey\/?page_id=1279"},"modified":"2026-02-25T17:50:10","modified_gmt":"2026-02-25T17:50:10","slug":"rnao","status":"publish","type":"page","link":"https:\/\/escuela-de-enfermeria.mx\/monterrey\/difusion\/rnao\/","title":{"rendered":"RNAO"},"content":{"rendered":"\n\t\n\n\t<section class=\"floater section_flex_content contLeft contAlt\">\n\t\t<div class=\"content-center\">\n\t\t\t<div class=\"txt_box\">\n\t\t\t\t<div class=\"txt_space content_format_space\">\n\t\t\t\t\t<p data-start=\"90\" data-end=\"446\">La <strong data-start=\"93\" data-end=\"145\">Registered Nurses&#8217; Association of Ontario (RNAO) con sede en Canad\u00e1<\/strong>\u00a0es una organizaci\u00f3n l\u00edder en enfermer\u00eda que promueve la excelencia en la pr\u00e1ctica cl\u00ednica a trav\u00e9s de la implementaci\u00f3n de gu\u00edas de mejores pr\u00e1cticas basadas en evidencia. Su objetivo es fortalecer el papel de la enfermer\u00eda en la mejora de la salud y el bienestar de las comunidades a nivel global.<\/p>\n<p data-start=\"877\" data-end=\"1344\">Ser parte de la red BPSO significa un compromiso con la mejora continua de la atenci\u00f3n en salud, la formaci\u00f3n de profesionales altamente capacitados y la implementaci\u00f3n de pr\u00e1cticas respaldadas por la mejor evidencia cient\u00edfica disponible. A trav\u00e9s de esta iniciativa, nuestra escuela de enfermer\u00eda trabaja para fortalecer la ense\u00f1anza y el ejercicio profesional de la enfermer\u00eda en M\u00e9xico.<\/p>\n\t\t\t\t<\/div>\n\t\t\t<\/div>\n\t\t\t<div class=\"img_box\" style=\"background-image: url(https:\/\/escuela-de-enfermeria.mx\/monterrey\/wp-content\/uploads\/sites\/2\/2025\/03\/img-5802.jpeg)\"><\/div>\n\t\t<\/div>\n\t<\/section>\n\n\t\n\n\n\t\n\n\t<section class=\"floater section_flex_content contRight contAlt\">\n\t\t<div class=\"content-center\">\n\t\t\t<div class=\"txt_box\">\n\t\t\t\t<div class=\"txt_space content_format_space\">\n\t\t\t\t\t<p><strong>Participaci\u00f3n de la Escuela de Enfermer\u00eda.<\/strong><\/p>\n<p>CHRISTUS MUGUERZA y la Universidad de Monterrey (UDEM) han establecido un convenio con la <strong data-start=\"90\" data-end=\"142\">Registered Nurses&#8217; Association of Ontario (RNAO)<\/strong> para implementar las <strong data-start=\"164\" data-end=\"210\">Gu\u00edas de Mejores Pr\u00e1cticas Cl\u00ednicas (BPGs)<\/strong> en M\u00e9xico.<\/p>\n<p>Este acuerdo posiciona a ambas instituciones como pioneras en la adopci\u00f3n del programa <strong data-start=\"309\" data-end=\"356\">Best Practice Spotlight Organization (BPSO)<\/strong>, con el objetivo de mejorar la calidad del cuidado de enfermer\u00eda basado en evidencia. Durante los pr\u00f3ximos tres a\u00f1os, esta iniciativa permitir\u00e1 fortalecer la formaci\u00f3n acad\u00e9mica, optimizar la atenci\u00f3n hospitalaria y fomentar una cultura de mejora continua en el \u00e1mbito de la salud.<\/p>\n\t\t\t\t<\/div>\n\t\t\t<\/div>\n\t\t\t<div class=\"img_box\" style=\"background-image: url(https:\/\/escuela-de-enfermeria.mx\/monterrey\/wp-content\/uploads\/sites\/2\/2025\/03\/img-7556.jpeg)\"><\/div>\n\t\t<\/div>\n\t<\/section>\n\n\t\n\n\n\t<section class=\"floater section_image_text_title image_left bg_gris padTopMed padBottomMed\">\n\n\t\t\n\t\t<div class=\"content-center\">\n\t\n\t\t\t\n\t\t\t<div class=\"section_image_text_title_text\">\n\n\t\t\t\t<div class=\"section_title\">\n\t\t\t\t\t<h2 class=\"title_default\">\n\t\t\t\t\t\t\u00bfCu\u00e1les son nuestras BPG&#8217;s?\t\t\t\t\t<\/h2>\n\t\t\t\t<\/div>\n\t\t\t\t<div class=\"section_content\">\n\t\t\t\t\t\n\t\t\t\t\t<p>Uno de sus programas m\u00e1s destacados es el <strong>Best Practice Spotlight Organization (BPSO)<\/strong>, una iniciativa dise\u00f1ada para que hospitales, escuelas de enfermer\u00eda e instituciones de salud adopten e integren las <strong>Best Practice Guidelines (BPGs)<\/strong> en su trabajo diario. Estas gu\u00edas abarcan una amplia variedad de temas, como el cuidado de heridas, la prevenci\u00f3n de ca\u00eddas, la seguridad del paciente y la salud mental, entre otros.<\/p>\n<p>En el caso de nuestra escuela, son las siguientes:<\/p>\n\t\t\t\t\n\t\t\t\t<\/div>\n\t\t\t\n\t\t\t\t\n\t\t\t<\/div>\n\n\t\t\t<div class=\"section_image_text_title_image\" style=\"background-image: url(https:\/\/escuela-de-enfermeria.mx\/monterrey\/wp-content\/uploads\/sites\/2\/2026\/02\/web-mesa-de-trabajo-1.png)\">\n\t\t\t\n\t\t\t<\/div>\n\t\t\t\n\t\t\t\n\t\t<\/div>\n\t<\/section>\n\n\t\n\n<div class=\"wp-block-image\">\n<figure class=\"aligncenter size-large\"><img loading=\"lazy\" decoding=\"async\" width=\"1024\" height=\"271\" src=\"https:\/\/escuela-de-enfermeria.mx\/monterrey\/wp-content\/uploads\/sites\/2\/2026\/02\/web-02-1024x271.png\" alt=\"\" class=\"wp-image-1551\" srcset=\"https:\/\/escuela-de-enfermeria.mx\/monterrey\/wp-content\/uploads\/sites\/2\/2026\/02\/web-02-1024x271.png 1024w, https:\/\/escuela-de-enfermeria.mx\/monterrey\/wp-content\/uploads\/sites\/2\/2026\/02\/web-02-300x79.png 300w, https:\/\/escuela-de-enfermeria.mx\/monterrey\/wp-content\/uploads\/sites\/2\/2026\/02\/web-02-768x203.png 768w, https:\/\/escuela-de-enfermeria.mx\/monterrey\/wp-content\/uploads\/sites\/2\/2026\/02\/web-02-1536x407.png 1536w, https:\/\/escuela-de-enfermeria.mx\/monterrey\/wp-content\/uploads\/sites\/2\/2026\/02\/web-02-2048x542.png 2048w\" sizes=\"auto, (max-width: 1024px) 100vw, 1024px\" \/><\/figure>\n<\/div>\n\n\n\n\t<section class=\"floater section_simple_block_4 padBottomMed\">\n\n\t\t<div class=\"content-center\">\n\t\t\t<div class=\"simple_block_4_titulo\">\n\t\t\t\t<h2 class=\"title_default\"> Beneficios del programa.<\/h2>\n\t\t\t<\/div>\n\t\t\t<div class=\"simple_block_4_contenido content_format_space\">\n\t\t\t\t<p><strong data-start=\"43\" data-end=\"75\">Atenci\u00f3n basada en evidencia<\/strong><br \/>\nImplementaci\u00f3n de gu\u00edas respaldadas por investigaciones cient\u00edficas para mejorar la calidad del cuidado de enfermer\u00eda.<\/p>\n<p><strong data-start=\"211\" data-end=\"262\">Mejora en la seguridad y bienestar del paciente<\/strong><br \/>\nReducci\u00f3n de riesgos en la atenci\u00f3n m\u00e9dica, como infecciones, ca\u00eddas y errores en la administraci\u00f3n de medicamentos.<\/p>\n<p><strong data-start=\"396\" data-end=\"449\">Desarrollo profesional del personal de enfermer\u00eda<\/strong><br \/>\nCapacitaci\u00f3n continua y actualizaci\u00f3n en mejores pr\u00e1cticas para brindar un servicio de mayor calidad.<\/p>\n<p><strong data-start=\"568\" data-end=\"617\">Fortalecimiento de la educaci\u00f3n en enfermer\u00eda<\/strong><br \/>\nIntegraci\u00f3n de est\u00e1ndares internacionales en los planes de estudio, preparando mejor a los futuros profesionales de la salud.<\/p>\n<p><strong data-start=\"760\" data-end=\"807\">Impacto positivo en los resultados de salud<\/strong><br \/>\nMejora en la recuperaci\u00f3n y calidad de vida de los pacientes gracias a la aplicaci\u00f3n de pr\u00e1cticas efectivas.<\/p>\n<p><strong data-start=\"932\" data-end=\"965\">Posicionamiento institucional<\/strong><br \/>\nReafirmaci\u00f3n de CHRISTUS MUGUERZA y la UDEM como l\u00edderes en la innovaci\u00f3n y excelencia en enfermer\u00eda en M\u00e9xico.<\/p>\n<p><strong data-start=\"1094\" data-end=\"1124\">Cultura de mejora continua<\/strong><br \/>\nPromoci\u00f3n de un ambiente de aprendizaje e innovaci\u00f3n constante en hospitales y espacios educativos.<\/p>\n\t\t\t<\/div>\t\n\t\t<\/div>\n\t\t\n\t<\/section>\n\n\t\n\n\n<figure class=\"wp-block-pullquote\"><blockquote><p><strong><em>&#8220;T\u00fa puedes ser parte del cambio en la enfermer\u00eda. Convi\u00e9rtete en un Champion y ayuda a mejorar la calidad de la atenci\u00f3n en salud&#8221;<\/em>.<\/strong><\/p><\/blockquote><\/figure>\n\n\n<div class=\"wp-block-image\">\n<figure class=\"aligncenter size-large\"><img loading=\"lazy\" decoding=\"async\" width=\"1024\" height=\"337\" src=\"https:\/\/escuela-de-enfermeria.mx\/monterrey\/wp-content\/uploads\/sites\/2\/2026\/02\/web-03-1024x337.png\" alt=\"\" class=\"wp-image-1553\" srcset=\"https:\/\/escuela-de-enfermeria.mx\/monterrey\/wp-content\/uploads\/sites\/2\/2026\/02\/web-03-1024x337.png 1024w, https:\/\/escuela-de-enfermeria.mx\/monterrey\/wp-content\/uploads\/sites\/2\/2026\/02\/web-03-300x99.png 300w, https:\/\/escuela-de-enfermeria.mx\/monterrey\/wp-content\/uploads\/sites\/2\/2026\/02\/web-03-768x253.png 768w, https:\/\/escuela-de-enfermeria.mx\/monterrey\/wp-content\/uploads\/sites\/2\/2026\/02\/web-03.png 1426w\" sizes=\"auto, (max-width: 1024px) 100vw, 1024px\" \/><\/figure>\n<\/div>\n\n\n<ul class=\"wp-block-social-links aligncenter is-layout-flex wp-block-social-links-is-layout-flex\"><li class=\"wp-social-link wp-social-link-facebook  wp-block-social-link\"><a href=\"https:\/\/www.facebook.com\/enfermeria.christusudem\" class=\"wp-block-social-link-anchor\"><svg width=\"24\" height=\"24\" viewBox=\"0 0 24 24\" version=\"1.1\" xmlns=\"http:\/\/www.w3.org\/2000\/svg\" aria-hidden=\"true\" focusable=\"false\"><path d=\"M12 2C6.5 2 2 6.5 2 12c0 5 3.7 9.1 8.4 9.9v-7H7.9V12h2.5V9.8c0-2.5 1.5-3.9 3.8-3.9 1.1 0 2.2.2 2.2.2v2.5h-1.3c-1.2 0-1.6.8-1.6 1.6V12h2.8l-.4 2.9h-2.3v7C18.3 21.1 22 17 22 12c0-5.5-4.5-10-10-10z\"><\/path><\/svg><span class=\"wp-block-social-link-label screen-reader-text\">Facebook<\/span><\/a><\/li>\n\n<li class=\"wp-social-link wp-social-link-instagram  wp-block-social-link\"><a href=\"https:\/\/www.instagram.com\/enfermeria.christusudem\/\" class=\"wp-block-social-link-anchor\"><svg width=\"24\" height=\"24\" viewBox=\"0 0 24 24\" version=\"1.1\" xmlns=\"http:\/\/www.w3.org\/2000\/svg\" aria-hidden=\"true\" focusable=\"false\"><path d=\"M12,4.622c2.403,0,2.688,0.009,3.637,0.052c0.877,0.04,1.354,0.187,1.671,0.31c0.42,0.163,0.72,0.358,1.035,0.673 c0.315,0.315,0.51,0.615,0.673,1.035c0.123,0.317,0.27,0.794,0.31,1.671c0.043,0.949,0.052,1.234,0.052,3.637 s-0.009,2.688-0.052,3.637c-0.04,0.877-0.187,1.354-0.31,1.671c-0.163,0.42-0.358,0.72-0.673,1.035 c-0.315,0.315-0.615,0.51-1.035,0.673c-0.317,0.123-0.794,0.27-1.671,0.31c-0.949,0.043-1.233,0.052-3.637,0.052 s-2.688-0.009-3.637-0.052c-0.877-0.04-1.354-0.187-1.671-0.31c-0.42-0.163-0.72-0.358-1.035-0.673 c-0.315-0.315-0.51-0.615-0.673-1.035c-0.123-0.317-0.27-0.794-0.31-1.671C4.631,14.688,4.622,14.403,4.622,12 s0.009-2.688,0.052-3.637c0.04-0.877,0.187-1.354,0.31-1.671c0.163-0.42,0.358-0.72,0.673-1.035 c0.315-0.315,0.615-0.51,1.035-0.673c0.317-0.123,0.794-0.27,1.671-0.31C9.312,4.631,9.597,4.622,12,4.622 M12,3 C9.556,3,9.249,3.01,8.289,3.054C7.331,3.098,6.677,3.25,6.105,3.472C5.513,3.702,5.011,4.01,4.511,4.511 c-0.5,0.5-0.808,1.002-1.038,1.594C3.25,6.677,3.098,7.331,3.054,8.289C3.01,9.249,3,9.556,3,12c0,2.444,0.01,2.751,0.054,3.711 c0.044,0.958,0.196,1.612,0.418,2.185c0.23,0.592,0.538,1.094,1.038,1.594c0.5,0.5,1.002,0.808,1.594,1.038 c0.572,0.222,1.227,0.375,2.185,0.418C9.249,20.99,9.556,21,12,21s2.751-0.01,3.711-0.054c0.958-0.044,1.612-0.196,2.185-0.418 c0.592-0.23,1.094-0.538,1.594-1.038c0.5-0.5,0.808-1.002,1.038-1.594c0.222-0.572,0.375-1.227,0.418-2.185 C20.99,14.751,21,14.444,21,12s-0.01-2.751-0.054-3.711c-0.044-0.958-0.196-1.612-0.418-2.185c-0.23-0.592-0.538-1.094-1.038-1.594 c-0.5-0.5-1.002-0.808-1.594-1.038c-0.572-0.222-1.227-0.375-2.185-0.418C14.751,3.01,14.444,3,12,3L12,3z M12,7.378 c-2.552,0-4.622,2.069-4.622,4.622S9.448,16.622,12,16.622s4.622-2.069,4.622-4.622S14.552,7.378,12,7.378z M12,15 c-1.657,0-3-1.343-3-3s1.343-3,3-3s3,1.343,3,3S13.657,15,12,15z M16.804,6.116c-0.596,0-1.08,0.484-1.08,1.08 s0.484,1.08,1.08,1.08c0.596,0,1.08-0.484,1.08-1.08S17.401,6.116,16.804,6.116z\"><\/path><\/svg><span class=\"wp-block-social-link-label screen-reader-text\">Instagram<\/span><\/a><\/li>\n\n<li class=\"wp-social-link wp-social-link-x  wp-block-social-link\"><a href=\"https:\/\/x.com\/UDEMHealth_BPSO\" class=\"wp-block-social-link-anchor\"><svg width=\"24\" height=\"24\" viewBox=\"0 0 24 24\" version=\"1.1\" xmlns=\"http:\/\/www.w3.org\/2000\/svg\" aria-hidden=\"true\" focusable=\"false\"><path d=\"M13.982 10.622 20.54 3h-1.554l-5.693 6.618L8.745 3H3.5l6.876 10.007L3.5 21h1.554l6.012-6.989L15.868 21h5.245l-7.131-10.378Zm-2.128 2.474-.697-.997-5.543-7.93H8l4.474 6.4.697.996 5.815 8.318h-2.387l-4.745-6.787Z\" \/><\/svg><span class=\"wp-block-social-link-label screen-reader-text\">X<\/span><\/a><\/li><\/ul>\n\n\n\n<div style=\"height:100px\" aria-hidden=\"true\" class=\"wp-block-spacer\"><\/div>\n\n\n\n<hr class=\"wp-block-separator has-alpha-channel-opacity\" \/>\n\n\n\n\t\n\n\t<section class=\"floater section_flex_content contLeft \">\n\t\t<div class=\"content-center\">\n\t\t\t<div class=\"txt_box\">\n\t\t\t\t<div class=\"txt_space content_format_space\">\n\t\t\t\t\t<h3 data-start=\"0\" data-end=\"46\"><strong data-start=\"4\" data-end=\"44\">Contacto y apoyo durante el programa.<\/strong><\/h3>\n<p data-start=\"48\" data-end=\"213\">Para cualquier duda o seguimiento sobre el programa <strong data-start=\"100\" data-end=\"134\">BPSO y el rol de los Champions<\/strong>, puedes contactar al <strong data-start=\"156\" data-end=\"210\">Coordinador de la RNAO en la Escuela de Enfermer\u00eda<\/strong>:<\/p>\n<p data-start=\"215\" data-end=\"319\">\ud83d\udccc <strong data-start=\"218\" data-end=\"248\">Juan Francisco Tamez P\u00e9rez<\/strong><br data-start=\"248\" data-end=\"251\" \/>\ud83d\udce7 <strong data-start=\"254\" data-end=\"265\">Correo:<\/strong> <a rel=\"noopener\" data-start=\"266\" data-end=\"317\">juan.tamezp@udem.edu<\/a><\/p>\n<p data-start=\"321\" data-end=\"523\" data-is-last-node=\"\" data-is-only-node=\"\">\u00c9l podr\u00e1 brindarte informaci\u00f3n sobre el proceso de inscripci\u00f3n, resolver tus inquietudes y orientarte en tu formaci\u00f3n como <strong data-start=\"444\" data-end=\"461\">Champion BPSO<\/strong>. \u00a1No dudes en acercarte y ser parte de este gran proyecto!<\/p>\n\t\t\t\t<\/div>\n\t\t\t<\/div>\n\t\t\t<div class=\"img_box\" style=\"background-image: url(https:\/\/escuela-de-enfermeria.mx\/monterrey\/wp-content\/uploads\/sites\/2\/2025\/03\/img-3994.jpeg)\"><\/div>\n\t\t<\/div>\n\t<\/section>\n\n\t","protected":false},"excerpt":{"rendered":"<p>&#8220;T\u00fa puedes ser parte del cambio en la enfermer\u00eda. Convi\u00e9rtete en un Champion y ayuda a mejorar la calidad de [&hellip;]<\/p>\n","protected":false},"author":6,"featured_media":0,"parent":14,"menu_order":0,"comment_status":"closed","ping_status":"closed","template":"","meta":{"_acf_changed":false,"footnotes":""},"class_list":["post-1279","page","type-page","status-publish","hentry"],"acf":[],"yoast_head":"<!-- This site is optimized with the Yoast SEO plugin v27.6 - https:\/\/yoast.com\/product\/yoast-seo-wordpress\/ -->\n<title>RNAO - Escuela de Enfermer\u00eda Christus Muguerza-UDEM Monterrey<\/title>\n<meta name=\"robots\" content=\"index, follow, max-snippet:-1, max-image-preview:large, max-video-preview:-1\" \/>\n<link rel=\"canonical\" href=\"https:\/\/escuela-de-enfermeria.mx\/monterrey\/difusion\/rnao\/\" \/>\n<meta property=\"og:locale\" content=\"es_MX\" \/>\n<meta property=\"og:type\" content=\"article\" \/>\n<meta property=\"og:title\" content=\"RNAO - Escuela de Enfermer\u00eda Christus Muguerza-UDEM Monterrey\" \/>\n<meta property=\"og:description\" content=\"&#8220;T\u00fa puedes ser parte del cambio en la enfermer\u00eda. Convi\u00e9rtete en un Champion y ayuda a mejorar la calidad de [&hellip;]\" \/>\n<meta property=\"og:url\" content=\"https:\/\/escuela-de-enfermeria.mx\/monterrey\/difusion\/rnao\/\" \/>\n<meta property=\"og:site_name\" content=\"Escuela de Enfermer\u00eda Christus Muguerza-UDEM Monterrey\" \/>\n<meta property=\"article:modified_time\" content=\"2026-02-25T17:50:10+00:00\" \/>\n<meta property=\"og:image\" content=\"https:\/\/escuela-de-enfermeria.mx\/monterrey\/wp-content\/uploads\/sites\/2\/2026\/02\/web-02.png\" \/>\n\t<meta property=\"og:image:width\" content=\"2384\" \/>\n\t<meta property=\"og:image:height\" content=\"631\" \/>\n\t<meta property=\"og:image:type\" content=\"image\/png\" \/>\n<meta name=\"twitter:card\" content=\"summary_large_image\" \/>\n<meta name=\"twitter:label1\" content=\"Tiempo de lectura\" \/>\n\t<meta name=\"twitter:data1\" content=\"1 minuto\" \/>\n<script type=\"application\/ld+json\" class=\"yoast-schema-graph\">{\"@context\":\"https:\\\/\\\/schema.org\",\"@graph\":[{\"@type\":\"WebPage\",\"@id\":\"https:\\\/\\\/escuela-de-enfermeria.mx\\\/monterrey\\\/difusion\\\/rnao\\\/\",\"url\":\"https:\\\/\\\/escuela-de-enfermeria.mx\\\/monterrey\\\/difusion\\\/rnao\\\/\",\"name\":\"RNAO - Escuela de Enfermer\u00eda Christus Muguerza-UDEM Monterrey\",\"isPartOf\":{\"@id\":\"https:\\\/\\\/escuela-de-enfermeria.mx\\\/monterrey\\\/#website\"},\"primaryImageOfPage\":{\"@id\":\"https:\\\/\\\/escuela-de-enfermeria.mx\\\/monterrey\\\/difusion\\\/rnao\\\/#primaryimage\"},\"image\":{\"@id\":\"https:\\\/\\\/escuela-de-enfermeria.mx\\\/monterrey\\\/difusion\\\/rnao\\\/#primaryimage\"},\"thumbnailUrl\":\"https:\\\/\\\/escuela-de-enfermeria.mx\\\/monterrey\\\/wp-content\\\/uploads\\\/sites\\\/2\\\/2026\\\/02\\\/web-02-1024x271.png\",\"datePublished\":\"2025-03-03T16:01:23+00:00\",\"dateModified\":\"2026-02-25T17:50:10+00:00\",\"breadcrumb\":{\"@id\":\"https:\\\/\\\/escuela-de-enfermeria.mx\\\/monterrey\\\/difusion\\\/rnao\\\/#breadcrumb\"},\"inLanguage\":\"es\",\"potentialAction\":[{\"@type\":\"ReadAction\",\"target\":[\"https:\\\/\\\/escuela-de-enfermeria.mx\\\/monterrey\\\/difusion\\\/rnao\\\/\"]}]},{\"@type\":\"ImageObject\",\"inLanguage\":\"es\",\"@id\":\"https:\\\/\\\/escuela-de-enfermeria.mx\\\/monterrey\\\/difusion\\\/rnao\\\/#primaryimage\",\"url\":\"https:\\\/\\\/escuela-de-enfermeria.mx\\\/monterrey\\\/wp-content\\\/uploads\\\/sites\\\/2\\\/2026\\\/02\\\/web-02.png\",\"contentUrl\":\"https:\\\/\\\/escuela-de-enfermeria.mx\\\/monterrey\\\/wp-content\\\/uploads\\\/sites\\\/2\\\/2026\\\/02\\\/web-02.png\",\"width\":2384,\"height\":631},{\"@type\":\"BreadcrumbList\",\"@id\":\"https:\\\/\\\/escuela-de-enfermeria.mx\\\/monterrey\\\/difusion\\\/rnao\\\/#breadcrumb\",\"itemListElement\":[{\"@type\":\"ListItem\",\"position\":1,\"name\":\"Inicio\",\"item\":\"https:\\\/\\\/escuela-de-enfermeria.mx\\\/monterrey\\\/\"},{\"@type\":\"ListItem\",\"position\":2,\"name\":\"Difusi\u00f3n\",\"item\":\"https:\\\/\\\/escuela-de-enfermeria.mx\\\/monterrey\\\/difusion\\\/\"},{\"@type\":\"ListItem\",\"position\":3,\"name\":\"RNAO\"}]},{\"@type\":\"WebSite\",\"@id\":\"https:\\\/\\\/escuela-de-enfermeria.mx\\\/monterrey\\\/#website\",\"url\":\"https:\\\/\\\/escuela-de-enfermeria.mx\\\/monterrey\\\/\",\"name\":\"Escuela de Enfermer\u00eda Christus Muguerza-UDEM Monterrey\",\"description\":\"Otro sitio m\u00e1s de Escuela de Enfermer\u00eda Christus Muguerza-UDEM\",\"potentialAction\":[{\"@type\":\"SearchAction\",\"target\":{\"@type\":\"EntryPoint\",\"urlTemplate\":\"https:\\\/\\\/escuela-de-enfermeria.mx\\\/monterrey\\\/?s={search_term_string}\"},\"query-input\":{\"@type\":\"PropertyValueSpecification\",\"valueRequired\":true,\"valueName\":\"search_term_string\"}}],\"inLanguage\":\"es\"}]}<\/script>\n<!-- \/ Yoast SEO plugin. -->","yoast_head_json":{"title":"RNAO - Escuela de Enfermer\u00eda Christus Muguerza-UDEM Monterrey","robots":{"index":"index","follow":"follow","max-snippet":"max-snippet:-1","max-image-preview":"max-image-preview:large","max-video-preview":"max-video-preview:-1"},"canonical":"https:\/\/escuela-de-enfermeria.mx\/monterrey\/difusion\/rnao\/","og_locale":"es_MX","og_type":"article","og_title":"RNAO - Escuela de Enfermer\u00eda Christus Muguerza-UDEM Monterrey","og_description":"&#8220;T\u00fa puedes ser parte del cambio en la enfermer\u00eda. Convi\u00e9rtete en un Champion y ayuda a mejorar la calidad de [&hellip;]","og_url":"https:\/\/escuela-de-enfermeria.mx\/monterrey\/difusion\/rnao\/","og_site_name":"Escuela de Enfermer\u00eda Christus Muguerza-UDEM Monterrey","article_modified_time":"2026-02-25T17:50:10+00:00","og_image":[{"width":2384,"height":631,"url":"https:\/\/escuela-de-enfermeria.mx\/monterrey\/wp-content\/uploads\/sites\/2\/2026\/02\/web-02.png","type":"image\/png"}],"twitter_card":"summary_large_image","twitter_misc":{"Tiempo de lectura":"1 minuto"},"schema":{"@context":"https:\/\/schema.org","@graph":[{"@type":"WebPage","@id":"https:\/\/escuela-de-enfermeria.mx\/monterrey\/difusion\/rnao\/","url":"https:\/\/escuela-de-enfermeria.mx\/monterrey\/difusion\/rnao\/","name":"RNAO - Escuela de Enfermer\u00eda Christus Muguerza-UDEM Monterrey","isPartOf":{"@id":"https:\/\/escuela-de-enfermeria.mx\/monterrey\/#website"},"primaryImageOfPage":{"@id":"https:\/\/escuela-de-enfermeria.mx\/monterrey\/difusion\/rnao\/#primaryimage"},"image":{"@id":"https:\/\/escuela-de-enfermeria.mx\/monterrey\/difusion\/rnao\/#primaryimage"},"thumbnailUrl":"https:\/\/escuela-de-enfermeria.mx\/monterrey\/wp-content\/uploads\/sites\/2\/2026\/02\/web-02-1024x271.png","datePublished":"2025-03-03T16:01:23+00:00","dateModified":"2026-02-25T17:50:10+00:00","breadcrumb":{"@id":"https:\/\/escuela-de-enfermeria.mx\/monterrey\/difusion\/rnao\/#breadcrumb"},"inLanguage":"es","potentialAction":[{"@type":"ReadAction","target":["https:\/\/escuela-de-enfermeria.mx\/monterrey\/difusion\/rnao\/"]}]},{"@type":"ImageObject","inLanguage":"es","@id":"https:\/\/escuela-de-enfermeria.mx\/monterrey\/difusion\/rnao\/#primaryimage","url":"https:\/\/escuela-de-enfermeria.mx\/monterrey\/wp-content\/uploads\/sites\/2\/2026\/02\/web-02.png","contentUrl":"https:\/\/escuela-de-enfermeria.mx\/monterrey\/wp-content\/uploads\/sites\/2\/2026\/02\/web-02.png","width":2384,"height":631},{"@type":"BreadcrumbList","@id":"https:\/\/escuela-de-enfermeria.mx\/monterrey\/difusion\/rnao\/#breadcrumb","itemListElement":[{"@type":"ListItem","position":1,"name":"Inicio","item":"https:\/\/escuela-de-enfermeria.mx\/monterrey\/"},{"@type":"ListItem","position":2,"name":"Difusi\u00f3n","item":"https:\/\/escuela-de-enfermeria.mx\/monterrey\/difusion\/"},{"@type":"ListItem","position":3,"name":"RNAO"}]},{"@type":"WebSite","@id":"https:\/\/escuela-de-enfermeria.mx\/monterrey\/#website","url":"https:\/\/escuela-de-enfermeria.mx\/monterrey\/","name":"Escuela de Enfermer\u00eda Christus Muguerza-UDEM Monterrey","description":"Otro sitio m\u00e1s de Escuela de Enfermer\u00eda Christus Muguerza-UDEM","potentialAction":[{"@type":"SearchAction","target":{"@type":"EntryPoint","urlTemplate":"https:\/\/escuela-de-enfermeria.mx\/monterrey\/?s={search_term_string}"},"query-input":{"@type":"PropertyValueSpecification","valueRequired":true,"valueName":"search_term_string"}}],"inLanguage":"es"}]}},"_links":{"self":[{"href":"https:\/\/escuela-de-enfermeria.mx\/monterrey\/wp-json\/wp\/v2\/pages\/1279","targetHints":{"allow":["GET"]}}],"collection":[{"href":"https:\/\/escuela-de-enfermeria.mx\/monterrey\/wp-json\/wp\/v2\/pages"}],"about":[{"href":"https:\/\/escuela-de-enfermeria.mx\/monterrey\/wp-json\/wp\/v2\/types\/page"}],"author":[{"embeddable":true,"href":"https:\/\/escuela-de-enfermeria.mx\/monterrey\/wp-json\/wp\/v2\/users\/6"}],"replies":[{"embeddable":true,"href":"https:\/\/escuela-de-enfermeria.mx\/monterrey\/wp-json\/wp\/v2\/comments?post=1279"}],"version-history":[{"count":63,"href":"https:\/\/escuela-de-enfermeria.mx\/monterrey\/wp-json\/wp\/v2\/pages\/1279\/revisions"}],"predecessor-version":[{"id":1561,"href":"https:\/\/escuela-de-enfermeria.mx\/monterrey\/wp-json\/wp\/v2\/pages\/1279\/revisions\/1561"}],"up":[{"embeddable":true,"href":"https:\/\/escuela-de-enfermeria.mx\/monterrey\/wp-json\/wp\/v2\/pages\/14"}],"wp:attachment":[{"href":"https:\/\/escuela-de-enfermeria.mx\/monterrey\/wp-json\/wp\/v2\/media?parent=1279"}],"curies":[{"name":"wp","href":"https:\/\/api.w.org\/{rel}","templated":true}]}}