{"id":135,"date":"2020-10-06T21:18:22","date_gmt":"2020-10-06T21:18:22","guid":{"rendered":"https:\/\/escuela-de-enfermeria.mx\/monterrey\/?page_id=135"},"modified":"2026-03-24T15:46:56","modified_gmt":"2026-03-24T15:46:56","slug":"bachillerato-con-enfermeria-general","status":"publish","type":"page","link":"https:\/\/escuela-de-enfermeria.mx\/monterrey\/bachillerato-con-enfermeria-general\/","title":{"rendered":"Bachillerato con Enfermer\u00eda General"},"content":{"rendered":"","protected":false},"excerpt":{"rendered":"","protected":false},"author":1,"featured_media":1593,"parent":0,"menu_order":0,"comment_status":"closed","ping_status":"closed","template":"page-sidebar.php","meta":{"_acf_changed":false,"footnotes":""},"class_list":["post-135","page","type-page","status-publish","has-post-thumbnail","hentry"],"acf":[],"yoast_head":"<!-- This site is optimized with the Yoast SEO plugin v27.6 - https:\/\/yoast.com\/product\/yoast-seo-wordpress\/ -->\n<title>Bachillerato con Enfermer\u00eda General - Escuela de Enfermer\u00eda Christus Muguerza-UDEM Monterrey<\/title>\n<meta name=\"description\" content=\"Bachillerato con enfermer\u00eda general\" \/>\n<meta name=\"robots\" content=\"index, follow, max-snippet:-1, max-image-preview:large, max-video-preview:-1\" \/>\n<link rel=\"canonical\" href=\"https:\/\/escuela-de-enfermeria.mx\/monterrey\/bachillerato-con-enfermeria-general\/\" \/>\n<meta property=\"og:locale\" content=\"es_MX\" \/>\n<meta property=\"og:type\" content=\"article\" \/>\n<meta property=\"og:title\" content=\"Bachillerato con Enfermer\u00eda General - Escuela de Enfermer\u00eda Christus Muguerza-UDEM Monterrey\" \/>\n<meta property=\"og:description\" content=\"Bachillerato con enfermer\u00eda general\" \/>\n<meta property=\"og:url\" content=\"https:\/\/escuela-de-enfermeria.mx\/monterrey\/bachillerato-con-enfermeria-general\/\" \/>\n<meta property=\"og:site_name\" content=\"Escuela de Enfermer\u00eda Christus Muguerza-UDEM Monterrey\" \/>\n<meta property=\"article:modified_time\" content=\"2026-03-24T15:46:56+00:00\" \/>\n<meta property=\"og:image\" content=\"https:\/\/escuela-de-enfermeria.mx\/monterrey\/wp-content\/uploads\/sites\/2\/2026\/03\/web-udem-health-banner-bachillerato-monterrey.png\" \/>\n\t<meta property=\"og:image:width\" content=\"1920\" \/>\n\t<meta property=\"og:image:height\" content=\"399\" \/>\n\t<meta property=\"og:image:type\" content=\"image\/png\" \/>\n<meta name=\"twitter:card\" content=\"summary_large_image\" \/>\n<meta name=\"twitter:label1\" content=\"Tiempo de lectura\" \/>\n\t<meta name=\"twitter:data1\" content=\"1 minuto\" \/>\n<script type=\"application\/ld+json\" class=\"yoast-schema-graph\">{\"@context\":\"https:\\\/\\\/schema.org\",\"@graph\":[{\"@type\":\"WebPage\",\"@id\":\"https:\\\/\\\/escuela-de-enfermeria.mx\\\/monterrey\\\/bachillerato-con-enfermeria-general\\\/\",\"url\":\"https:\\\/\\\/escuela-de-enfermeria.mx\\\/monterrey\\\/bachillerato-con-enfermeria-general\\\/\",\"name\":\"Bachillerato con Enfermer\u00eda General - Escuela de Enfermer\u00eda Christus Muguerza-UDEM Monterrey\",\"isPartOf\":{\"@id\":\"https:\\\/\\\/escuela-de-enfermeria.mx\\\/monterrey\\\/#website\"},\"primaryImageOfPage\":{\"@id\":\"https:\\\/\\\/escuela-de-enfermeria.mx\\\/monterrey\\\/bachillerato-con-enfermeria-general\\\/#primaryimage\"},\"image\":{\"@id\":\"https:\\\/\\\/escuela-de-enfermeria.mx\\\/monterrey\\\/bachillerato-con-enfermeria-general\\\/#primaryimage\"},\"thumbnailUrl\":\"https:\\\/\\\/escuela-de-enfermeria.mx\\\/monterrey\\\/wp-content\\\/uploads\\\/sites\\\/2\\\/2026\\\/03\\\/web-udem-health-banner-bachillerato-monterrey.png\",\"datePublished\":\"2020-10-06T21:18:22+00:00\",\"dateModified\":\"2026-03-24T15:46:56+00:00\",\"description\":\"Bachillerato con enfermer\u00eda general\",\"breadcrumb\":{\"@id\":\"https:\\\/\\\/escuela-de-enfermeria.mx\\\/monterrey\\\/bachillerato-con-enfermeria-general\\\/#breadcrumb\"},\"inLanguage\":\"es\",\"potentialAction\":[{\"@type\":\"ReadAction\",\"target\":[\"https:\\\/\\\/escuela-de-enfermeria.mx\\\/monterrey\\\/bachillerato-con-enfermeria-general\\\/\"]}]},{\"@type\":\"ImageObject\",\"inLanguage\":\"es\",\"@id\":\"https:\\\/\\\/escuela-de-enfermeria.mx\\\/monterrey\\\/bachillerato-con-enfermeria-general\\\/#primaryimage\",\"url\":\"https:\\\/\\\/escuela-de-enfermeria.mx\\\/monterrey\\\/wp-content\\\/uploads\\\/sites\\\/2\\\/2026\\\/03\\\/web-udem-health-banner-bachillerato-monterrey.png\",\"contentUrl\":\"https:\\\/\\\/escuela-de-enfermeria.mx\\\/monterrey\\\/wp-content\\\/uploads\\\/sites\\\/2\\\/2026\\\/03\\\/web-udem-health-banner-bachillerato-monterrey.png\",\"width\":1920,\"height\":399},{\"@type\":\"BreadcrumbList\",\"@id\":\"https:\\\/\\\/escuela-de-enfermeria.mx\\\/monterrey\\\/bachillerato-con-enfermeria-general\\\/#breadcrumb\",\"itemListElement\":[{\"@type\":\"ListItem\",\"position\":1,\"name\":\"Inicio\",\"item\":\"https:\\\/\\\/escuela-de-enfermeria.mx\\\/monterrey\\\/\"},{\"@type\":\"ListItem\",\"position\":2,\"name\":\"Bachillerato con Enfermer\u00eda General\"}]},{\"@type\":\"WebSite\",\"@id\":\"https:\\\/\\\/escuela-de-enfermeria.mx\\\/monterrey\\\/#website\",\"url\":\"https:\\\/\\\/escuela-de-enfermeria.mx\\\/monterrey\\\/\",\"name\":\"Escuela de Enfermer\u00eda Christus Muguerza-UDEM Monterrey\",\"description\":\"Otro sitio m\u00e1s de Escuela de Enfermer\u00eda Christus Muguerza-UDEM\",\"potentialAction\":[{\"@type\":\"SearchAction\",\"target\":{\"@type\":\"EntryPoint\",\"urlTemplate\":\"https:\\\/\\\/escuela-de-enfermeria.mx\\\/monterrey\\\/?s={search_term_string}\"},\"query-input\":{\"@type\":\"PropertyValueSpecification\",\"valueRequired\":true,\"valueName\":\"search_term_string\"}}],\"inLanguage\":\"es\"}]}<\/script>\n<!-- \/ Yoast SEO plugin. -->","yoast_head_json":{"title":"Bachillerato con Enfermer\u00eda General - Escuela de Enfermer\u00eda Christus Muguerza-UDEM Monterrey","description":"Bachillerato con enfermer\u00eda general","robots":{"index":"index","follow":"follow","max-snippet":"max-snippet:-1","max-image-preview":"max-image-preview:large","max-video-preview":"max-video-preview:-1"},"canonical":"https:\/\/escuela-de-enfermeria.mx\/monterrey\/bachillerato-con-enfermeria-general\/","og_locale":"es_MX","og_type":"article","og_title":"Bachillerato con Enfermer\u00eda General - Escuela de Enfermer\u00eda Christus Muguerza-UDEM Monterrey","og_description":"Bachillerato con enfermer\u00eda general","og_url":"https:\/\/escuela-de-enfermeria.mx\/monterrey\/bachillerato-con-enfermeria-general\/","og_site_name":"Escuela de Enfermer\u00eda Christus Muguerza-UDEM Monterrey","article_modified_time":"2026-03-24T15:46:56+00:00","og_image":[{"width":1920,"height":399,"url":"https:\/\/escuela-de-enfermeria.mx\/monterrey\/wp-content\/uploads\/sites\/2\/2026\/03\/web-udem-health-banner-bachillerato-monterrey.png","type":"image\/png"}],"twitter_card":"summary_large_image","twitter_misc":{"Tiempo de lectura":"1 minuto"},"schema":{"@context":"https:\/\/schema.org","@graph":[{"@type":"WebPage","@id":"https:\/\/escuela-de-enfermeria.mx\/monterrey\/bachillerato-con-enfermeria-general\/","url":"https:\/\/escuela-de-enfermeria.mx\/monterrey\/bachillerato-con-enfermeria-general\/","name":"Bachillerato con Enfermer\u00eda General - Escuela de Enfermer\u00eda Christus Muguerza-UDEM Monterrey","isPartOf":{"@id":"https:\/\/escuela-de-enfermeria.mx\/monterrey\/#website"},"primaryImageOfPage":{"@id":"https:\/\/escuela-de-enfermeria.mx\/monterrey\/bachillerato-con-enfermeria-general\/#primaryimage"},"image":{"@id":"https:\/\/escuela-de-enfermeria.mx\/monterrey\/bachillerato-con-enfermeria-general\/#primaryimage"},"thumbnailUrl":"https:\/\/escuela-de-enfermeria.mx\/monterrey\/wp-content\/uploads\/sites\/2\/2026\/03\/web-udem-health-banner-bachillerato-monterrey.png","datePublished":"2020-10-06T21:18:22+00:00","dateModified":"2026-03-24T15:46:56+00:00","description":"Bachillerato con enfermer\u00eda general","breadcrumb":{"@id":"https:\/\/escuela-de-enfermeria.mx\/monterrey\/bachillerato-con-enfermeria-general\/#breadcrumb"},"inLanguage":"es","potentialAction":[{"@type":"ReadAction","target":["https:\/\/escuela-de-enfermeria.mx\/monterrey\/bachillerato-con-enfermeria-general\/"]}]},{"@type":"ImageObject","inLanguage":"es","@id":"https:\/\/escuela-de-enfermeria.mx\/monterrey\/bachillerato-con-enfermeria-general\/#primaryimage","url":"https:\/\/escuela-de-enfermeria.mx\/monterrey\/wp-content\/uploads\/sites\/2\/2026\/03\/web-udem-health-banner-bachillerato-monterrey.png","contentUrl":"https:\/\/escuela-de-enfermeria.mx\/monterrey\/wp-content\/uploads\/sites\/2\/2026\/03\/web-udem-health-banner-bachillerato-monterrey.png","width":1920,"height":399},{"@type":"BreadcrumbList","@id":"https:\/\/escuela-de-enfermeria.mx\/monterrey\/bachillerato-con-enfermeria-general\/#breadcrumb","itemListElement":[{"@type":"ListItem","position":1,"name":"Inicio","item":"https:\/\/escuela-de-enfermeria.mx\/monterrey\/"},{"@type":"ListItem","position":2,"name":"Bachillerato con Enfermer\u00eda General"}]},{"@type":"WebSite","@id":"https:\/\/escuela-de-enfermeria.mx\/monterrey\/#website","url":"https:\/\/escuela-de-enfermeria.mx\/monterrey\/","name":"Escuela de Enfermer\u00eda Christus Muguerza-UDEM Monterrey","description":"Otro sitio m\u00e1s de Escuela de Enfermer\u00eda Christus Muguerza-UDEM","potentialAction":[{"@type":"SearchAction","target":{"@type":"EntryPoint","urlTemplate":"https:\/\/escuela-de-enfermeria.mx\/monterrey\/?s={search_term_string}"},"query-input":{"@type":"PropertyValueSpecification","valueRequired":true,"valueName":"search_term_string"}}],"inLanguage":"es"}]}},"_links":{"self":[{"href":"https:\/\/escuela-de-enfermeria.mx\/monterrey\/wp-json\/wp\/v2\/pages\/135","targetHints":{"allow":["GET"]}}],"collection":[{"href":"https:\/\/escuela-de-enfermeria.mx\/monterrey\/wp-json\/wp\/v2\/pages"}],"about":[{"href":"https:\/\/escuela-de-enfermeria.mx\/monterrey\/wp-json\/wp\/v2\/types\/page"}],"author":[{"embeddable":true,"href":"https:\/\/escuela-de-enfermeria.mx\/monterrey\/wp-json\/wp\/v2\/users\/1"}],"replies":[{"embeddable":true,"href":"https:\/\/escuela-de-enfermeria.mx\/monterrey\/wp-json\/wp\/v2\/comments?post=135"}],"version-history":[{"count":14,"href":"https:\/\/escuela-de-enfermeria.mx\/monterrey\/wp-json\/wp\/v2\/pages\/135\/revisions"}],"predecessor-version":[{"id":1629,"href":"https:\/\/escuela-de-enfermeria.mx\/monterrey\/wp-json\/wp\/v2\/pages\/135\/revisions\/1629"}],"wp:featuredmedia":[{"embeddable":true,"href":"https:\/\/escuela-de-enfermeria.mx\/monterrey\/wp-json\/wp\/v2\/media\/1593"}],"wp:attachment":[{"href":"https:\/\/escuela-de-enfermeria.mx\/monterrey\/wp-json\/wp\/v2\/media?parent=135"}],"curies":[{"name":"wp","href":"https:\/\/api.w.org\/{rel}","templated":true}]}}