{"id":188,"date":"2020-10-09T16:35:19","date_gmt":"2020-10-09T16:35:19","guid":{"rendered":"https:\/\/escuela-de-enfermeria.mx\/monterrey\/?page_id=188"},"modified":"2020-10-09T22:31:49","modified_gmt":"2020-10-09T22:31:49","slug":"plan-academico","status":"publish","type":"page","link":"https:\/\/escuela-de-enfermeria.mx\/monterrey\/bachillerato-con-enfermeria-general\/plan-academico\/","title":{"rendered":"Plan acad\u00e9mico"},"content":{"rendered":"\n\t\n\t<div class=\"table_list\">\n\t\t<div class=\"table_list_header\">\n\t\t\t<div class=\"table_list_title\">\n\t\t\t\t<h2>Primer semestre<\/h2>\n\t\t\t<\/div>\n\t\t\t<div class=\"table_list_subtitle\">\n\t\t\t\t<div class=\"purpleTxt\">A\u00f1o 1<\/div>\n\t\t\t<\/div>\n\t\t\t\n\t\t\t\n\t\t<\/div>\n\t\t<hr>\n\t\t<div class=\"table_list_content\">\n\t\t\t<ul>\n<li>Enfermer\u00eda l<\/li>\n<li>Historia de Enfermer\u00eda<\/li>\n<li>Etimolog\u00edas M\u00e9dicas<\/li>\n<li>Antropolog\u00eda Social<\/li>\n<li>Biolog\u00eda (Anatom\u00eda y Fisiolog\u00eda l)<\/li>\n<li>Matem\u00e1ticas l<\/li>\n<li>Seminario de Formaci\u00f3n de Valores<\/li>\n<li>Taller de Expresi\u00f3n Oral y Escrita<\/li>\n<li>Desarrollo Humano<\/li>\n<li>T\u00e9cnicas Educativas<\/li>\n<li>Historia de M\u00e9xico<\/li>\n<li>Proceso de Atenci\u00f3n de Enfermer\u00eda<\/li>\n<li>Pr\u00e1ctica Comunitaria y Hospitalaria l<\/li>\n<\/ul>\n\t\t<\/div>\n\t<\/div>\n\n\t\n\n\n\t\n\t<div class=\"table_list\">\n\t\t<div class=\"table_list_header\">\n\t\t\t<div class=\"table_list_title\">\n\t\t\t\t<h2>Segundo semestre<\/h2>\n\t\t\t<\/div>\n\t\t\t<div class=\"table_list_subtitle\">\n\t\t\t\t<div class=\"purpleTxt\">A\u00f1o 1<\/div>\n\t\t\t<\/div>\n\t\t\t\n\t\t\t\n\t\t<\/div>\n\t\t<hr>\n\t\t<div class=\"table_list_content\">\n\t\t\t<ul>\n<li>Enfermer\u00eda ll<\/li>\n<li>Biolog\u00eda ll (Anatom\u00eda y Biolog\u00eda ll)<\/li>\n<li>Historia Universal Moderna<\/li>\n<li>Nutrici\u00f3n<\/li>\n<li>Matem\u00e1ticas ll<\/li>\n<li>Seminario de Formaci\u00f3n de Valores ll<\/li>\n<li>Taller de Expresi\u00f3n Oral y Escrita ll<\/li>\n<li>Filosof\u00eda<\/li>\n<li>Pr\u00e1ctica Comunitaria y Hospitalaria ll<\/li>\n<li>Salud P\u00fablica<\/li>\n<\/ul>\n\t\t<\/div>\n\t<\/div>\n\n\t\n\n\n\t\n\t<div class=\"table_list\">\n\t\t<div class=\"table_list_header\">\n\t\t\t<div class=\"table_list_title\">\n\t\t\t\t<h2>Tercer semestre<\/h2>\n\t\t\t<\/div>\n\t\t\t<div class=\"table_list_subtitle\">\n\t\t\t\t<div class=\"purpleTxt\">A\u00f1o 2<\/div>\n\t\t\t<\/div>\n\t\t\t\n\t\t\t\n\t\t<\/div>\n\t\t<hr>\n\t\t<div class=\"table_list_content\">\n\t\t\t<ul>\n<li>Patolog\u00eda M\u00e9dico-Quir\u00fargica l<\/li>\n<li>Enfermer\u00eda M\u00e9dico-Quir\u00fargica l<\/li>\n<li>Microbiolog\u00eda l<\/li>\n<li>Qu\u00edmica l<\/li>\n<li>Matem\u00e1ticas l<\/li>\n<li>Taller de Lectura l<\/li>\n<li>Seminario de Formaci\u00f3n de Valores lll<\/li>\n<li>Ingl\u00e9s l<\/li>\n<li>Computaci\u00f3n l<\/li>\n<li>Pr\u00e1cticas de Patolog\u00eda l<\/li>\n<\/ul>\n\t\t<\/div>\n\t<\/div>\n\n\t\n\n\n\t\n\t<div class=\"table_list\">\n\t\t<div class=\"table_list_header\">\n\t\t\t<div class=\"table_list_title\">\n\t\t\t\t<h2>Cuarto semestre<\/h2>\n\t\t\t<\/div>\n\t\t\t<div class=\"table_list_subtitle\">\n\t\t\t\t<div class=\"purpleTxt\">A\u00f1o 2<\/div>\n\t\t\t<\/div>\n\t\t\t\n\t\t\t\n\t\t<\/div>\n\t\t<hr>\n\t\t<div class=\"table_list_content\">\n\t\t\t<ul>\n<li>Patolog\u00eda M\u00e9dico-Quir\u00fargica ll<\/li>\n<li>Enfermer\u00eda M\u00e9dico-Quir\u00fargica ll<\/li>\n<li>Microbiolog\u00eda ll<\/li>\n<li>Qu\u00edmica ll (Farmacolog\u00eda)<\/li>\n<li>Matem\u00e1ticas lV<\/li>\n<li>Taller de Lectura ll<\/li>\n<li>Seminario de Formaci\u00f3n de Valores lV<\/li>\n<li>Ingl\u00e9s ll<\/li>\n<li>Computaci\u00f3n ll<\/li>\n<li>Pr\u00e1cticas de Patolog\u00eda ll<\/li>\n<\/ul>\n\t\t<\/div>\n\t<\/div>\n\n\t\n\n\n\t\n\t<div class=\"table_list\">\n\t\t<div class=\"table_list_header\">\n\t\t\t<div class=\"table_list_title\">\n\t\t\t\t<h2>Quinto semestre<\/h2>\n\t\t\t<\/div>\n\t\t\t<div class=\"table_list_subtitle\">\n\t\t\t\t<div class=\"purpleTxt\">A\u00f1o 3<\/div>\n\t\t\t<\/div>\n\t\t\t\n\t\t\t\n\t\t<\/div>\n\t\t<hr>\n\t\t<div class=\"table_list_content\">\n\t\t\t<ul>\n<li>Obstetricia y Ginecolog\u00eda<\/li>\n<li>Enfermer\u00eda Materno-Infantil<\/li>\n<li>Dietoterapia<\/li>\n<li>Qu\u00edmica ll (Farmacolog\u00eda)<\/li>\n<li>\u00c9tica<\/li>\n<li>F\u00edsica l<\/li>\n<li>Ingl\u00e9s lll<\/li>\n<li>Seminario de Formaci\u00f3n de Valores V<\/li>\n<li>Pr\u00e1ctica B\u00e1sica Especializada<\/li>\n<\/ul>\n\t\t<\/div>\n\t<\/div>\n\n\t\n\n\n\t\n\t<div class=\"table_list\">\n\t\t<div class=\"table_list_header\">\n\t\t\t<div class=\"table_list_title\">\n\t\t\t\t<h2>Sexto semestre<\/h2>\n\t\t\t<\/div>\n\t\t\t<div class=\"table_list_subtitle\">\n\t\t\t\t<div class=\"purpleTxt\">A\u00f1o 3<\/div>\n\t\t\t<\/div>\n\t\t\t\n\t\t\t\n\t\t<\/div>\n\t\t<hr>\n\t\t<div class=\"table_list_content\">\n\t\t\t<ul>\n<li>Patolog\u00eda Pedi\u00e1trica<\/li>\n<li>Enfermer\u00eda Pedi\u00e1trica<\/li>\n<li>F\u00edsica ll (F\u00edsica Medica)<\/li>\n<li>Psicolog\u00eda General<\/li>\n<li>Ingl\u00e9s lV<\/li>\n<li>Seminario de Formaci\u00f3n de Valores Vl<\/li>\n<li>Bio\u00e9tica<\/li>\n<li>Pr\u00e1ctica B\u00e1sica Especializada ll<\/li>\n<\/ul>\n\t\t<\/div>\n\t<\/div>\n\n\t\n\n\n\t\n\t<div class=\"table_list\">\n\t\t<div class=\"table_list_header\">\n\t\t\t<div class=\"table_list_title\">\n\t\t\t\t<h2>S\u00e9ptimo semestre<\/h2>\n\t\t\t<\/div>\n\t\t\t<div class=\"table_list_subtitle\">\n\t\t\t\t<div class=\"purpleTxt\">A\u00f1o 4<\/div>\n\t\t\t<\/div>\n\t\t\t\n\t\t\t\n\t\t<\/div>\n\t\t<hr>\n\t\t<div class=\"table_list_content\">\n\t\t\t<ul>\n<li>Enfermer\u00eda Comunitaria<\/li>\n<li>Administraci\u00f3n de Instituciones de Salud<\/li>\n<li>Psicolog\u00eda Evolutiva<\/li>\n<li>Did\u00e1ctica General<\/li>\n<li>T\u00e9cnica de Investigaci\u00f3n<\/li>\n<li>Estad\u00edsticas<\/li>\n<li>Ingl\u00e9s V<\/li>\n<li>Pr\u00e1ctica B\u00e1sica Especializada lll<\/li>\n<\/ul>\n\t\t<\/div>\n\t<\/div>\n\n\t\n\n\n\t\n\t<div class=\"table_list\">\n\t\t<div class=\"table_list_header\">\n\t\t\t<div class=\"table_list_title\">\n\t\t\t\t<h2>Octavo semestre<\/h2>\n\t\t\t<\/div>\n\t\t\t<div class=\"table_list_subtitle\">\n\t\t\t\t<div class=\"purpleTxt\">A\u00f1o 4<\/div>\n\t\t\t<\/div>\n\t\t\t\n\t\t\t\n\t\t<\/div>\n\t\t<hr>\n\t\t<div class=\"table_list_content\">\n\t\t\t<ul>\n<li>Enfermer\u00eda Psiqui\u00e1trica<\/li>\n<li>Psicopatolog\u00eda<\/li>\n<li>Deontolog\u00eda y Legislaci\u00f3n<\/li>\n<li>Problemas Econ\u00f3micos, Pol\u00edticos y Sociales de M\u00e9xico<\/li>\n<li>Ingl\u00e9s Vl (ingl\u00e9s Medico)<\/li>\n<li>T\u00e9cnicas de Investigaci\u00f3n ll<\/li>\n<li>Seminario de Formaci\u00f3n de Valores Vll<\/li>\n<li>Pr\u00e1ctica B\u00e1sica Especializada Vl<\/li>\n<\/ul>\n\t\t<\/div>\n\t<\/div>\n\n\t","protected":false},"excerpt":{"rendered":"","protected":false},"author":1,"featured_media":0,"parent":135,"menu_order":2,"comment_status":"closed","ping_status":"closed","template":"page-sidebar.php","meta":{"_acf_changed":false,"footnotes":""},"class_list":["post-188","page","type-page","status-publish","hentry"],"acf":[],"yoast_head":"<!-- This site is optimized with the Yoast SEO plugin v27.6 - https:\/\/yoast.com\/product\/yoast-seo-wordpress\/ -->\n<title>Plan acad\u00e9mico - Escuela de Enfermer\u00eda Christus Muguerza-UDEM Monterrey<\/title>\n<meta name=\"robots\" content=\"index, follow, max-snippet:-1, max-image-preview:large, max-video-preview:-1\" \/>\n<link rel=\"canonical\" href=\"https:\/\/escuela-de-enfermeria.mx\/monterrey\/bachillerato-con-enfermeria-general\/plan-academico\/\" \/>\n<meta property=\"og:locale\" content=\"es_MX\" \/>\n<meta property=\"og:type\" content=\"article\" \/>\n<meta property=\"og:title\" content=\"Plan acad\u00e9mico - Escuela de Enfermer\u00eda Christus Muguerza-UDEM Monterrey\" \/>\n<meta property=\"og:url\" content=\"https:\/\/escuela-de-enfermeria.mx\/monterrey\/bachillerato-con-enfermeria-general\/plan-academico\/\" \/>\n<meta property=\"og:site_name\" content=\"Escuela de Enfermer\u00eda Christus Muguerza-UDEM Monterrey\" \/>\n<meta property=\"article:modified_time\" content=\"2020-10-09T22:31:49+00:00\" \/>\n<meta name=\"twitter:card\" content=\"summary_large_image\" \/>\n<script type=\"application\/ld+json\" class=\"yoast-schema-graph\">{\"@context\":\"https:\\\/\\\/schema.org\",\"@graph\":[{\"@type\":\"WebPage\",\"@id\":\"https:\\\/\\\/escuela-de-enfermeria.mx\\\/monterrey\\\/bachillerato-con-enfermeria-general\\\/plan-academico\\\/\",\"url\":\"https:\\\/\\\/escuela-de-enfermeria.mx\\\/monterrey\\\/bachillerato-con-enfermeria-general\\\/plan-academico\\\/\",\"name\":\"Plan acad\u00e9mico - Escuela de Enfermer\u00eda Christus Muguerza-UDEM Monterrey\",\"isPartOf\":{\"@id\":\"https:\\\/\\\/escuela-de-enfermeria.mx\\\/monterrey\\\/#website\"},\"datePublished\":\"2020-10-09T16:35:19+00:00\",\"dateModified\":\"2020-10-09T22:31:49+00:00\",\"breadcrumb\":{\"@id\":\"https:\\\/\\\/escuela-de-enfermeria.mx\\\/monterrey\\\/bachillerato-con-enfermeria-general\\\/plan-academico\\\/#breadcrumb\"},\"inLanguage\":\"es\",\"potentialAction\":[{\"@type\":\"ReadAction\",\"target\":[\"https:\\\/\\\/escuela-de-enfermeria.mx\\\/monterrey\\\/bachillerato-con-enfermeria-general\\\/plan-academico\\\/\"]}]},{\"@type\":\"BreadcrumbList\",\"@id\":\"https:\\\/\\\/escuela-de-enfermeria.mx\\\/monterrey\\\/bachillerato-con-enfermeria-general\\\/plan-academico\\\/#breadcrumb\",\"itemListElement\":[{\"@type\":\"ListItem\",\"position\":1,\"name\":\"Inicio\",\"item\":\"https:\\\/\\\/escuela-de-enfermeria.mx\\\/monterrey\\\/\"},{\"@type\":\"ListItem\",\"position\":2,\"name\":\"Bachillerato con Enfermer\u00eda General\",\"item\":\"https:\\\/\\\/escuela-de-enfermeria.mx\\\/monterrey\\\/bachillerato-con-enfermeria-general\\\/\"},{\"@type\":\"ListItem\",\"position\":3,\"name\":\"Plan acad\u00e9mico\"}]},{\"@type\":\"WebSite\",\"@id\":\"https:\\\/\\\/escuela-de-enfermeria.mx\\\/monterrey\\\/#website\",\"url\":\"https:\\\/\\\/escuela-de-enfermeria.mx\\\/monterrey\\\/\",\"name\":\"Escuela de Enfermer\u00eda Christus Muguerza-UDEM Monterrey\",\"description\":\"Otro sitio m\u00e1s de Escuela de Enfermer\u00eda Christus Muguerza-UDEM\",\"potentialAction\":[{\"@type\":\"SearchAction\",\"target\":{\"@type\":\"EntryPoint\",\"urlTemplate\":\"https:\\\/\\\/escuela-de-enfermeria.mx\\\/monterrey\\\/?s={search_term_string}\"},\"query-input\":{\"@type\":\"PropertyValueSpecification\",\"valueRequired\":true,\"valueName\":\"search_term_string\"}}],\"inLanguage\":\"es\"}]}<\/script>\n<!-- \/ Yoast SEO plugin. -->","yoast_head_json":{"title":"Plan acad\u00e9mico - Escuela de Enfermer\u00eda Christus Muguerza-UDEM Monterrey","robots":{"index":"index","follow":"follow","max-snippet":"max-snippet:-1","max-image-preview":"max-image-preview:large","max-video-preview":"max-video-preview:-1"},"canonical":"https:\/\/escuela-de-enfermeria.mx\/monterrey\/bachillerato-con-enfermeria-general\/plan-academico\/","og_locale":"es_MX","og_type":"article","og_title":"Plan acad\u00e9mico - Escuela de Enfermer\u00eda Christus Muguerza-UDEM Monterrey","og_url":"https:\/\/escuela-de-enfermeria.mx\/monterrey\/bachillerato-con-enfermeria-general\/plan-academico\/","og_site_name":"Escuela de Enfermer\u00eda Christus Muguerza-UDEM Monterrey","article_modified_time":"2020-10-09T22:31:49+00:00","twitter_card":"summary_large_image","schema":{"@context":"https:\/\/schema.org","@graph":[{"@type":"WebPage","@id":"https:\/\/escuela-de-enfermeria.mx\/monterrey\/bachillerato-con-enfermeria-general\/plan-academico\/","url":"https:\/\/escuela-de-enfermeria.mx\/monterrey\/bachillerato-con-enfermeria-general\/plan-academico\/","name":"Plan acad\u00e9mico - Escuela de Enfermer\u00eda Christus Muguerza-UDEM Monterrey","isPartOf":{"@id":"https:\/\/escuela-de-enfermeria.mx\/monterrey\/#website"},"datePublished":"2020-10-09T16:35:19+00:00","dateModified":"2020-10-09T22:31:49+00:00","breadcrumb":{"@id":"https:\/\/escuela-de-enfermeria.mx\/monterrey\/bachillerato-con-enfermeria-general\/plan-academico\/#breadcrumb"},"inLanguage":"es","potentialAction":[{"@type":"ReadAction","target":["https:\/\/escuela-de-enfermeria.mx\/monterrey\/bachillerato-con-enfermeria-general\/plan-academico\/"]}]},{"@type":"BreadcrumbList","@id":"https:\/\/escuela-de-enfermeria.mx\/monterrey\/bachillerato-con-enfermeria-general\/plan-academico\/#breadcrumb","itemListElement":[{"@type":"ListItem","position":1,"name":"Inicio","item":"https:\/\/escuela-de-enfermeria.mx\/monterrey\/"},{"@type":"ListItem","position":2,"name":"Bachillerato con Enfermer\u00eda General","item":"https:\/\/escuela-de-enfermeria.mx\/monterrey\/bachillerato-con-enfermeria-general\/"},{"@type":"ListItem","position":3,"name":"Plan acad\u00e9mico"}]},{"@type":"WebSite","@id":"https:\/\/escuela-de-enfermeria.mx\/monterrey\/#website","url":"https:\/\/escuela-de-enfermeria.mx\/monterrey\/","name":"Escuela de Enfermer\u00eda Christus Muguerza-UDEM Monterrey","description":"Otro sitio m\u00e1s de Escuela de Enfermer\u00eda Christus Muguerza-UDEM","potentialAction":[{"@type":"SearchAction","target":{"@type":"EntryPoint","urlTemplate":"https:\/\/escuela-de-enfermeria.mx\/monterrey\/?s={search_term_string}"},"query-input":{"@type":"PropertyValueSpecification","valueRequired":true,"valueName":"search_term_string"}}],"inLanguage":"es"}]}},"_links":{"self":[{"href":"https:\/\/escuela-de-enfermeria.mx\/monterrey\/wp-json\/wp\/v2\/pages\/188","targetHints":{"allow":["GET"]}}],"collection":[{"href":"https:\/\/escuela-de-enfermeria.mx\/monterrey\/wp-json\/wp\/v2\/pages"}],"about":[{"href":"https:\/\/escuela-de-enfermeria.mx\/monterrey\/wp-json\/wp\/v2\/types\/page"}],"author":[{"embeddable":true,"href":"https:\/\/escuela-de-enfermeria.mx\/monterrey\/wp-json\/wp\/v2\/users\/1"}],"replies":[{"embeddable":true,"href":"https:\/\/escuela-de-enfermeria.mx\/monterrey\/wp-json\/wp\/v2\/comments?post=188"}],"version-history":[{"count":5,"href":"https:\/\/escuela-de-enfermeria.mx\/monterrey\/wp-json\/wp\/v2\/pages\/188\/revisions"}],"predecessor-version":[{"id":237,"href":"https:\/\/escuela-de-enfermeria.mx\/monterrey\/wp-json\/wp\/v2\/pages\/188\/revisions\/237"}],"up":[{"embeddable":true,"href":"https:\/\/escuela-de-enfermeria.mx\/monterrey\/wp-json\/wp\/v2\/pages\/135"}],"wp:attachment":[{"href":"https:\/\/escuela-de-enfermeria.mx\/monterrey\/wp-json\/wp\/v2\/media?parent=188"}],"curies":[{"name":"wp","href":"https:\/\/api.w.org\/{rel}","templated":true}]}}