{"id":190,"date":"2020-10-09T16:42:54","date_gmt":"2020-10-09T16:42:54","guid":{"rendered":"https:\/\/escuela-de-enfermeria.mx\/monterrey\/?page_id=190"},"modified":"2026-01-22T15:52:20","modified_gmt":"2026-01-22T15:52:20","slug":"informacion-general","status":"publish","type":"page","link":"https:\/\/escuela-de-enfermeria.mx\/monterrey\/bachillerato-con-enfermeria-general\/informacion-general\/","title":{"rendered":"Informaci\u00f3n general"},"content":{"rendered":"\n<h2 class=\"wp-block-heading\" id=\"block-4205bb8c-552a-4645-a34b-e9cfa5199f4f\">Presentaci\u00f3n del Programa<\/h2>\n\n\n\n<p id=\"block-38ac5191-652b-4b71-95a4-e3a899bd43b9\">Dirigido a la formaci\u00f3n de profesionales en enfermer\u00eda general competentes para otorgar cuidado humano con \u00e9tica y valor por la vida, sustentado te\u00f3ricamente y con extensiva pr\u00e1ctica en hospitales y centros de salud.<\/p>\n\n\n\n<p id=\"block-9659f972-90fb-4919-be5a-bd2feab29b8a\">Los profesionistas de esta carrera podr\u00e1n integrarse a instituciones p\u00fablicas o privadas de salud, en los diferentes niveles de atenci\u00f3n, auxiliando en la promoci\u00f3n de la prevenci\u00f3n y el cuidado humano, as\u00ed como en necesidades de atenci\u00f3n b\u00e1sicas.<\/p>\n\n\n\n<h2 class=\"wp-block-heading\" id=\"block-89b8da8e-1efc-4ad6-a011-022e4fcde274\">Requisitos de Ingreso<\/h2>\n\n\n\n<p id=\"block-ed7ff76f-bd3a-412a-bc68-0b02d1b4f322\"><mark class=\"has-inline-color has-brand-1-color\"><strong>Importante: todo es en original y dos copias<\/strong><\/mark><\/p>\n\n\n\n<ul class=\"wp-block-list\">\n<li>Solicitud de ingreso que se otorga en nuestra escuela.<\/li>\n\n\n\n<li>Certificado de Secundaria (promedio igual o mayor a 7.2).<\/li>\n\n\n\n<li>Carta de buena conducta de secundaria de procedencia.<\/li>\n\n\n\n<li>Acta de nacimiento reciente.<\/li>\n\n\n\n<li>6 Fotograf\u00edas tama\u00f1o credencial en blanco y negro (No instant\u00e1neas, ni digitales).<\/li>\n\n\n\n<li>6 Fotograf\u00edas tama\u00f1o infantil en blanco y negro (No instant\u00e1neas, ni digitales).<\/li>\n\n\n\n<li>CURP.<\/li>\n\n\n\n<li>2 Copias de servicio m\u00e9dico con el que se encuentre vigente (particular, seguridad social, etc.).<\/li>\n\n\n\n<li>2 Copias del INE o pasaporte de mam\u00e1, pap\u00e1 o tutor.<\/li>\n\n\n\n<li>Copia del INE de qui\u00e9n paga la colegiatura.<\/li>\n\n\n\n<li>2 Copias de comprobante de domicilio.<\/li>\n<\/ul>\n\n\n\n<h2 class=\"wp-block-heading\">Fechas importantes: Semestre Oto\u00f1o 2026<\/h2>\n\n\n\n<figure class=\"wp-block-table is-style-stripes\"><table><tbody><tr><th class=\"has-text-align-left\" data-align=\"left\">TR\u00c1MITE<\/th><th class=\"has-text-align-left\" data-align=\"left\">FECHA<\/th><\/tr><tr><td class=\"has-text-align-left\" data-align=\"left\">Inicio de inscripciones<\/td><td class=\"has-text-align-left\" data-align=\"left\">Abril<\/td><\/tr><tr><td class=\"has-text-align-left\" data-align=\"left\">Inicio de cursos<\/td><td class=\"has-text-align-left\" data-align=\"left\">Agosto<\/td><\/tr><\/tbody><\/table><\/figure>\n\n\n\n<p><\/p>\n","protected":false},"excerpt":{"rendered":"<p>Presentaci\u00f3n del Programa Dirigido a la formaci\u00f3n de profesionales en enfermer\u00eda general competentes para otorgar cuidado humano con \u00e9tica y [&hellip;]<\/p>\n","protected":false},"author":1,"featured_media":0,"parent":135,"menu_order":1,"comment_status":"closed","ping_status":"closed","template":"page-sidebar.php","meta":{"_acf_changed":false,"footnotes":""},"class_list":["post-190","page","type-page","status-publish","hentry"],"acf":[],"yoast_head":"<!-- This site is optimized with the Yoast SEO plugin v27.6 - https:\/\/yoast.com\/product\/yoast-seo-wordpress\/ -->\n<title>Informaci\u00f3n general - Escuela de Enfermer\u00eda Christus Muguerza-UDEM Monterrey<\/title>\n<meta name=\"robots\" content=\"index, follow, max-snippet:-1, max-image-preview:large, max-video-preview:-1\" \/>\n<link rel=\"canonical\" href=\"https:\/\/escuela-de-enfermeria.mx\/monterrey\/bachillerato-con-enfermeria-general\/informacion-general\/\" \/>\n<meta property=\"og:locale\" content=\"es_MX\" \/>\n<meta property=\"og:type\" content=\"article\" \/>\n<meta property=\"og:title\" content=\"Informaci\u00f3n general - Escuela de Enfermer\u00eda Christus Muguerza-UDEM Monterrey\" \/>\n<meta property=\"og:description\" content=\"Presentaci\u00f3n del Programa Dirigido a la formaci\u00f3n de profesionales en enfermer\u00eda general competentes para otorgar cuidado humano con \u00e9tica y [&hellip;]\" \/>\n<meta property=\"og:url\" content=\"https:\/\/escuela-de-enfermeria.mx\/monterrey\/bachillerato-con-enfermeria-general\/informacion-general\/\" \/>\n<meta property=\"og:site_name\" content=\"Escuela de Enfermer\u00eda Christus Muguerza-UDEM Monterrey\" \/>\n<meta property=\"article:modified_time\" content=\"2026-01-22T15:52:20+00:00\" \/>\n<meta name=\"twitter:card\" content=\"summary_large_image\" \/>\n<meta name=\"twitter:label1\" content=\"Tiempo de lectura\" \/>\n\t<meta name=\"twitter:data1\" content=\"1 minuto\" \/>\n<script type=\"application\/ld+json\" class=\"yoast-schema-graph\">{\"@context\":\"https:\\\/\\\/schema.org\",\"@graph\":[{\"@type\":\"WebPage\",\"@id\":\"https:\\\/\\\/escuela-de-enfermeria.mx\\\/monterrey\\\/bachillerato-con-enfermeria-general\\\/informacion-general\\\/\",\"url\":\"https:\\\/\\\/escuela-de-enfermeria.mx\\\/monterrey\\\/bachillerato-con-enfermeria-general\\\/informacion-general\\\/\",\"name\":\"Informaci\u00f3n general - Escuela de Enfermer\u00eda Christus Muguerza-UDEM Monterrey\",\"isPartOf\":{\"@id\":\"https:\\\/\\\/escuela-de-enfermeria.mx\\\/monterrey\\\/#website\"},\"datePublished\":\"2020-10-09T16:42:54+00:00\",\"dateModified\":\"2026-01-22T15:52:20+00:00\",\"breadcrumb\":{\"@id\":\"https:\\\/\\\/escuela-de-enfermeria.mx\\\/monterrey\\\/bachillerato-con-enfermeria-general\\\/informacion-general\\\/#breadcrumb\"},\"inLanguage\":\"es\",\"potentialAction\":[{\"@type\":\"ReadAction\",\"target\":[\"https:\\\/\\\/escuela-de-enfermeria.mx\\\/monterrey\\\/bachillerato-con-enfermeria-general\\\/informacion-general\\\/\"]}]},{\"@type\":\"BreadcrumbList\",\"@id\":\"https:\\\/\\\/escuela-de-enfermeria.mx\\\/monterrey\\\/bachillerato-con-enfermeria-general\\\/informacion-general\\\/#breadcrumb\",\"itemListElement\":[{\"@type\":\"ListItem\",\"position\":1,\"name\":\"Inicio\",\"item\":\"https:\\\/\\\/escuela-de-enfermeria.mx\\\/monterrey\\\/\"},{\"@type\":\"ListItem\",\"position\":2,\"name\":\"Bachillerato con Enfermer\u00eda General\",\"item\":\"https:\\\/\\\/escuela-de-enfermeria.mx\\\/monterrey\\\/bachillerato-con-enfermeria-general\\\/\"},{\"@type\":\"ListItem\",\"position\":3,\"name\":\"Informaci\u00f3n general\"}]},{\"@type\":\"WebSite\",\"@id\":\"https:\\\/\\\/escuela-de-enfermeria.mx\\\/monterrey\\\/#website\",\"url\":\"https:\\\/\\\/escuela-de-enfermeria.mx\\\/monterrey\\\/\",\"name\":\"Escuela de Enfermer\u00eda Christus Muguerza-UDEM Monterrey\",\"description\":\"Otro sitio m\u00e1s de Escuela de Enfermer\u00eda Christus Muguerza-UDEM\",\"potentialAction\":[{\"@type\":\"SearchAction\",\"target\":{\"@type\":\"EntryPoint\",\"urlTemplate\":\"https:\\\/\\\/escuela-de-enfermeria.mx\\\/monterrey\\\/?s={search_term_string}\"},\"query-input\":{\"@type\":\"PropertyValueSpecification\",\"valueRequired\":true,\"valueName\":\"search_term_string\"}}],\"inLanguage\":\"es\"}]}<\/script>\n<!-- \/ Yoast SEO plugin. -->","yoast_head_json":{"title":"Informaci\u00f3n general - Escuela de Enfermer\u00eda Christus Muguerza-UDEM Monterrey","robots":{"index":"index","follow":"follow","max-snippet":"max-snippet:-1","max-image-preview":"max-image-preview:large","max-video-preview":"max-video-preview:-1"},"canonical":"https:\/\/escuela-de-enfermeria.mx\/monterrey\/bachillerato-con-enfermeria-general\/informacion-general\/","og_locale":"es_MX","og_type":"article","og_title":"Informaci\u00f3n general - Escuela de Enfermer\u00eda Christus Muguerza-UDEM Monterrey","og_description":"Presentaci\u00f3n del Programa Dirigido a la formaci\u00f3n de profesionales en enfermer\u00eda general competentes para otorgar cuidado humano con \u00e9tica y [&hellip;]","og_url":"https:\/\/escuela-de-enfermeria.mx\/monterrey\/bachillerato-con-enfermeria-general\/informacion-general\/","og_site_name":"Escuela de Enfermer\u00eda Christus Muguerza-UDEM Monterrey","article_modified_time":"2026-01-22T15:52:20+00:00","twitter_card":"summary_large_image","twitter_misc":{"Tiempo de lectura":"1 minuto"},"schema":{"@context":"https:\/\/schema.org","@graph":[{"@type":"WebPage","@id":"https:\/\/escuela-de-enfermeria.mx\/monterrey\/bachillerato-con-enfermeria-general\/informacion-general\/","url":"https:\/\/escuela-de-enfermeria.mx\/monterrey\/bachillerato-con-enfermeria-general\/informacion-general\/","name":"Informaci\u00f3n general - Escuela de Enfermer\u00eda Christus Muguerza-UDEM Monterrey","isPartOf":{"@id":"https:\/\/escuela-de-enfermeria.mx\/monterrey\/#website"},"datePublished":"2020-10-09T16:42:54+00:00","dateModified":"2026-01-22T15:52:20+00:00","breadcrumb":{"@id":"https:\/\/escuela-de-enfermeria.mx\/monterrey\/bachillerato-con-enfermeria-general\/informacion-general\/#breadcrumb"},"inLanguage":"es","potentialAction":[{"@type":"ReadAction","target":["https:\/\/escuela-de-enfermeria.mx\/monterrey\/bachillerato-con-enfermeria-general\/informacion-general\/"]}]},{"@type":"BreadcrumbList","@id":"https:\/\/escuela-de-enfermeria.mx\/monterrey\/bachillerato-con-enfermeria-general\/informacion-general\/#breadcrumb","itemListElement":[{"@type":"ListItem","position":1,"name":"Inicio","item":"https:\/\/escuela-de-enfermeria.mx\/monterrey\/"},{"@type":"ListItem","position":2,"name":"Bachillerato con Enfermer\u00eda General","item":"https:\/\/escuela-de-enfermeria.mx\/monterrey\/bachillerato-con-enfermeria-general\/"},{"@type":"ListItem","position":3,"name":"Informaci\u00f3n general"}]},{"@type":"WebSite","@id":"https:\/\/escuela-de-enfermeria.mx\/monterrey\/#website","url":"https:\/\/escuela-de-enfermeria.mx\/monterrey\/","name":"Escuela de Enfermer\u00eda Christus Muguerza-UDEM Monterrey","description":"Otro sitio m\u00e1s de Escuela de Enfermer\u00eda Christus Muguerza-UDEM","potentialAction":[{"@type":"SearchAction","target":{"@type":"EntryPoint","urlTemplate":"https:\/\/escuela-de-enfermeria.mx\/monterrey\/?s={search_term_string}"},"query-input":{"@type":"PropertyValueSpecification","valueRequired":true,"valueName":"search_term_string"}}],"inLanguage":"es"}]}},"_links":{"self":[{"href":"https:\/\/escuela-de-enfermeria.mx\/monterrey\/wp-json\/wp\/v2\/pages\/190","targetHints":{"allow":["GET"]}}],"collection":[{"href":"https:\/\/escuela-de-enfermeria.mx\/monterrey\/wp-json\/wp\/v2\/pages"}],"about":[{"href":"https:\/\/escuela-de-enfermeria.mx\/monterrey\/wp-json\/wp\/v2\/types\/page"}],"author":[{"embeddable":true,"href":"https:\/\/escuela-de-enfermeria.mx\/monterrey\/wp-json\/wp\/v2\/users\/1"}],"replies":[{"embeddable":true,"href":"https:\/\/escuela-de-enfermeria.mx\/monterrey\/wp-json\/wp\/v2\/comments?post=190"}],"version-history":[{"count":8,"href":"https:\/\/escuela-de-enfermeria.mx\/monterrey\/wp-json\/wp\/v2\/pages\/190\/revisions"}],"predecessor-version":[{"id":1480,"href":"https:\/\/escuela-de-enfermeria.mx\/monterrey\/wp-json\/wp\/v2\/pages\/190\/revisions\/1480"}],"up":[{"embeddable":true,"href":"https:\/\/escuela-de-enfermeria.mx\/monterrey\/wp-json\/wp\/v2\/pages\/135"}],"wp:attachment":[{"href":"https:\/\/escuela-de-enfermeria.mx\/monterrey\/wp-json\/wp\/v2\/media?parent=190"}],"curies":[{"name":"wp","href":"https:\/\/api.w.org\/{rel}","templated":true}]}}