{"id":238,"date":"2020-10-09T22:32:48","date_gmt":"2020-10-09T22:32:48","guid":{"rendered":"https:\/\/escuela-de-enfermeria.mx\/monterrey\/?page_id=238"},"modified":"2020-11-25T17:36:09","modified_gmt":"2020-11-25T17:36:09","slug":"testimonios","status":"publish","type":"page","link":"https:\/\/escuela-de-enfermeria.mx\/monterrey\/bachillerato-con-enfermeria-general\/testimonios\/","title":{"rendered":"Testimonios"},"content":{"rendered":"\n<blockquote class=\"wp-block-quote is-layout-flow wp-block-quote-is-layout-flow\"><p>Buena forma de ense\u00f1anza, tienen buena dedicaci\u00f3n y apoyan a los alumnos en todo momento.<\/p><cite>Brenda Mariana L\u00f3pez Castillo<\/cite><\/blockquote>\n\n\n\n<blockquote class=\"wp-block-quote is-layout-flow wp-block-quote-is-layout-flow\"><p>Muy buena escuela, los maestros son muy buenos y las instalaciones tambi\u00e9n, me he sentido muy c\u00f3moda estando ah\u00ed.<\/p><cite>Zara Nicole De la Rosa G\u00f3nzalez<\/cite><\/blockquote>\n\n\n\n<blockquote class=\"wp-block-quote is-layout-flow wp-block-quote-is-layout-flow\"><p>Muy buena escuela, me gusta mucho el plan que llevaban, as\u00ed como las asignaturas est\u00e1n muy bien impartidas.<\/p><cite>Fabiola Vel\u00e1zquez Coronado<\/cite><\/blockquote>\n\n\n\n<blockquote class=\"wp-block-quote is-layout-flow wp-block-quote-is-layout-flow\"><p>Me gusta la escuela ya que los maestros de la instituci\u00f3n est\u00e1n muy bien preparados y las instalaciones de la escuela est\u00e1n muy limpias.<\/p><cite>Diego Alberto Arias Burgos<\/cite><\/blockquote>\n\n\n\n<blockquote class=\"wp-block-quote is-layout-flow wp-block-quote-is-layout-flow\"><p>Me gusta mucho la escuela, muy limpias las instalaciones y el excelente plan de estudios, maestros muy bien preparados<\/p><cite>Carolina Ortiz Garza<\/cite><\/blockquote>\n\n\n\n<blockquote class=\"wp-block-quote is-layout-flow wp-block-quote-is-layout-flow\"><p>En lo personal me gusta mucho la escuela, tanto la instituci\u00f3n como el le plan de estudios (los maestros ense\u00f1an muy bien por lo mismo de que est\u00e1n muy bien preparados).<\/p><cite>Samara Kazumi Flores Quintanilla<\/cite><\/blockquote>\n\n\n\n<blockquote class=\"wp-block-quote is-layout-flow wp-block-quote-is-layout-flow\"><p>En lo personal me parece una muy buena escuela, me gustan las instalaciones, adem\u00e1s porque est\u00e1n muy limpias y me gusta la forma en como trabajan los maestros con nosotros los estudiantes. Nos ense\u00f1an muy bien as\u00ed que: 10\/10.<\/p><cite>Deyanira Aracely Celaya Bustos<\/cite><\/blockquote>\n\n\n\n<blockquote class=\"wp-block-quote is-layout-flow wp-block-quote-is-layout-flow\"><p>Esta escuela en lo personal se me hace muy buena ya que su plan de estudios es muy bueno y muy bien dise\u00f1ado. Los maestros ense\u00f1an bien, su manera de expresarse est\u00e1 muy bien capacitada y sus instalaciones son muy buenas.<\/p><cite>Valeria Alejandra Cornejo G\u00f3mez<\/cite><\/blockquote>\n\n\n\n<blockquote class=\"wp-block-quote is-layout-flow wp-block-quote-is-layout-flow\"><p>La escuela es de excelente nivel, tiene buenas pr\u00e1cticas de estudio, buenos maestros, buenas aulas para los estudiantes, la prepa en s\u00ed est\u00e1 bien dise\u00f1ada. Me he sentido seguro y c\u00f3modo.<\/p><cite>Christopher Gomez Dimas<\/cite><\/blockquote>\n\n\n\n<blockquote class=\"wp-block-quote is-layout-flow wp-block-quote-is-layout-flow\"><p>En general la escuela es muy buena, con excelentes maestros y unas instalaciones adecuadas, con un excelente ambiente de estudio y un buen plan de estudios.<\/p><cite>David Sa\u00fal Hern\u00e1ndez Navarro<\/cite><\/blockquote>\n\n\n\n<blockquote class=\"wp-block-quote is-layout-flow wp-block-quote-is-layout-flow\"><p>Es una excelente escuela con muy buenos maestros, las instalaciones adecuadas y excelentes con un excelente ambiente de estudio, las aulas muy bonitas.<\/p><cite>Estrella Xiomara Perez Sanchez<\/cite><\/blockquote>\n\n\n\n<blockquote class=\"wp-block-quote is-layout-flow wp-block-quote-is-layout-flow\"><p>En lo personal pienso que es una de las mejores escuelas de enfermer\u00eda por la gran preparaci\u00f3n, excelencia y la habilidad que tienen los maestros al ense\u00f1arnos adem\u00e1s de una buena integridad acad\u00e9mica. Las instalaciones de la escuela son muy buenas, limpias y un buen ambiente para estudiar.<\/p><cite>Sandra Nallely P\u00e9rez H\u00e9rnandez<\/cite><\/blockquote>\n\n\n\n<blockquote class=\"wp-block-quote is-layout-flow wp-block-quote-is-layout-flow\"><p>Es una escuela muy bien preparada, los docentes est\u00e1n bien capacitados , las aulas o instalaciones son muy c\u00f3modas y seguras, y tienen un buen plan de estudio.<\/p><cite>Daniela Alejandra Tom\u00e1s Mart\u00ednez<\/cite><\/blockquote>\n\n\n\n<blockquote class=\"wp-block-quote is-layout-flow wp-block-quote-is-layout-flow\"><p>Es una muy buena escuela, todas sus instalaciones son muy seguras, tienen una integridad acad\u00e9mica muy agradable, las capacitaciones de los maestros tanto como todo el personal es excelente.<\/p><cite>Perla Isabel Martinez Garcia.<\/cite><\/blockquote>\n","protected":false},"excerpt":{"rendered":"<p>Buena forma de ense\u00f1anza, tienen buena dedicaci\u00f3n y apoyan a los alumnos en todo momento. Brenda Mariana L\u00f3pez Castillo Muy [&hellip;]<\/p>\n","protected":false},"author":1,"featured_media":0,"parent":135,"menu_order":3,"comment_status":"closed","ping_status":"closed","template":"page-sidebar.php","meta":{"_acf_changed":false,"footnotes":""},"class_list":["post-238","page","type-page","status-publish","hentry"],"acf":[],"yoast_head":"<!-- This site is optimized with the Yoast SEO plugin v27.6 - https:\/\/yoast.com\/product\/yoast-seo-wordpress\/ -->\n<title>Testimonios - Escuela de Enfermer\u00eda Christus Muguerza-UDEM Monterrey<\/title>\n<meta name=\"robots\" content=\"index, follow, max-snippet:-1, max-image-preview:large, max-video-preview:-1\" \/>\n<link rel=\"canonical\" href=\"https:\/\/escuela-de-enfermeria.mx\/monterrey\/bachillerato-con-enfermeria-general\/testimonios\/\" \/>\n<meta property=\"og:locale\" content=\"es_MX\" \/>\n<meta property=\"og:type\" content=\"article\" \/>\n<meta property=\"og:title\" content=\"Testimonios - Escuela de Enfermer\u00eda Christus Muguerza-UDEM Monterrey\" \/>\n<meta property=\"og:description\" content=\"Buena forma de ense\u00f1anza, tienen buena dedicaci\u00f3n y apoyan a los alumnos en todo momento. Brenda Mariana L\u00f3pez Castillo Muy [&hellip;]\" \/>\n<meta property=\"og:url\" content=\"https:\/\/escuela-de-enfermeria.mx\/monterrey\/bachillerato-con-enfermeria-general\/testimonios\/\" \/>\n<meta property=\"og:site_name\" content=\"Escuela de Enfermer\u00eda Christus Muguerza-UDEM Monterrey\" \/>\n<meta property=\"article:modified_time\" content=\"2020-11-25T17:36:09+00:00\" \/>\n<meta name=\"twitter:card\" content=\"summary_large_image\" \/>\n<meta name=\"twitter:label1\" content=\"Tiempo de lectura\" \/>\n\t<meta name=\"twitter:data1\" content=\"2 minutos\" \/>\n<script type=\"application\/ld+json\" class=\"yoast-schema-graph\">{\"@context\":\"https:\\\/\\\/schema.org\",\"@graph\":[{\"@type\":\"WebPage\",\"@id\":\"https:\\\/\\\/escuela-de-enfermeria.mx\\\/monterrey\\\/bachillerato-con-enfermeria-general\\\/testimonios\\\/\",\"url\":\"https:\\\/\\\/escuela-de-enfermeria.mx\\\/monterrey\\\/bachillerato-con-enfermeria-general\\\/testimonios\\\/\",\"name\":\"Testimonios - Escuela de Enfermer\u00eda Christus Muguerza-UDEM Monterrey\",\"isPartOf\":{\"@id\":\"https:\\\/\\\/escuela-de-enfermeria.mx\\\/monterrey\\\/#website\"},\"datePublished\":\"2020-10-09T22:32:48+00:00\",\"dateModified\":\"2020-11-25T17:36:09+00:00\",\"breadcrumb\":{\"@id\":\"https:\\\/\\\/escuela-de-enfermeria.mx\\\/monterrey\\\/bachillerato-con-enfermeria-general\\\/testimonios\\\/#breadcrumb\"},\"inLanguage\":\"es\",\"potentialAction\":[{\"@type\":\"ReadAction\",\"target\":[\"https:\\\/\\\/escuela-de-enfermeria.mx\\\/monterrey\\\/bachillerato-con-enfermeria-general\\\/testimonios\\\/\"]}]},{\"@type\":\"BreadcrumbList\",\"@id\":\"https:\\\/\\\/escuela-de-enfermeria.mx\\\/monterrey\\\/bachillerato-con-enfermeria-general\\\/testimonios\\\/#breadcrumb\",\"itemListElement\":[{\"@type\":\"ListItem\",\"position\":1,\"name\":\"Inicio\",\"item\":\"https:\\\/\\\/escuela-de-enfermeria.mx\\\/monterrey\\\/\"},{\"@type\":\"ListItem\",\"position\":2,\"name\":\"Bachillerato con Enfermer\u00eda General\",\"item\":\"https:\\\/\\\/escuela-de-enfermeria.mx\\\/monterrey\\\/bachillerato-con-enfermeria-general\\\/\"},{\"@type\":\"ListItem\",\"position\":3,\"name\":\"Testimonios\"}]},{\"@type\":\"WebSite\",\"@id\":\"https:\\\/\\\/escuela-de-enfermeria.mx\\\/monterrey\\\/#website\",\"url\":\"https:\\\/\\\/escuela-de-enfermeria.mx\\\/monterrey\\\/\",\"name\":\"Escuela de Enfermer\u00eda Christus Muguerza-UDEM Monterrey\",\"description\":\"Otro sitio m\u00e1s de Escuela de Enfermer\u00eda Christus Muguerza-UDEM\",\"potentialAction\":[{\"@type\":\"SearchAction\",\"target\":{\"@type\":\"EntryPoint\",\"urlTemplate\":\"https:\\\/\\\/escuela-de-enfermeria.mx\\\/monterrey\\\/?s={search_term_string}\"},\"query-input\":{\"@type\":\"PropertyValueSpecification\",\"valueRequired\":true,\"valueName\":\"search_term_string\"}}],\"inLanguage\":\"es\"}]}<\/script>\n<!-- \/ Yoast SEO plugin. -->","yoast_head_json":{"title":"Testimonios - Escuela de Enfermer\u00eda Christus Muguerza-UDEM Monterrey","robots":{"index":"index","follow":"follow","max-snippet":"max-snippet:-1","max-image-preview":"max-image-preview:large","max-video-preview":"max-video-preview:-1"},"canonical":"https:\/\/escuela-de-enfermeria.mx\/monterrey\/bachillerato-con-enfermeria-general\/testimonios\/","og_locale":"es_MX","og_type":"article","og_title":"Testimonios - Escuela de Enfermer\u00eda Christus Muguerza-UDEM Monterrey","og_description":"Buena forma de ense\u00f1anza, tienen buena dedicaci\u00f3n y apoyan a los alumnos en todo momento. Brenda Mariana L\u00f3pez Castillo Muy [&hellip;]","og_url":"https:\/\/escuela-de-enfermeria.mx\/monterrey\/bachillerato-con-enfermeria-general\/testimonios\/","og_site_name":"Escuela de Enfermer\u00eda Christus Muguerza-UDEM Monterrey","article_modified_time":"2020-11-25T17:36:09+00:00","twitter_card":"summary_large_image","twitter_misc":{"Tiempo de lectura":"2 minutos"},"schema":{"@context":"https:\/\/schema.org","@graph":[{"@type":"WebPage","@id":"https:\/\/escuela-de-enfermeria.mx\/monterrey\/bachillerato-con-enfermeria-general\/testimonios\/","url":"https:\/\/escuela-de-enfermeria.mx\/monterrey\/bachillerato-con-enfermeria-general\/testimonios\/","name":"Testimonios - Escuela de Enfermer\u00eda Christus Muguerza-UDEM Monterrey","isPartOf":{"@id":"https:\/\/escuela-de-enfermeria.mx\/monterrey\/#website"},"datePublished":"2020-10-09T22:32:48+00:00","dateModified":"2020-11-25T17:36:09+00:00","breadcrumb":{"@id":"https:\/\/escuela-de-enfermeria.mx\/monterrey\/bachillerato-con-enfermeria-general\/testimonios\/#breadcrumb"},"inLanguage":"es","potentialAction":[{"@type":"ReadAction","target":["https:\/\/escuela-de-enfermeria.mx\/monterrey\/bachillerato-con-enfermeria-general\/testimonios\/"]}]},{"@type":"BreadcrumbList","@id":"https:\/\/escuela-de-enfermeria.mx\/monterrey\/bachillerato-con-enfermeria-general\/testimonios\/#breadcrumb","itemListElement":[{"@type":"ListItem","position":1,"name":"Inicio","item":"https:\/\/escuela-de-enfermeria.mx\/monterrey\/"},{"@type":"ListItem","position":2,"name":"Bachillerato con Enfermer\u00eda General","item":"https:\/\/escuela-de-enfermeria.mx\/monterrey\/bachillerato-con-enfermeria-general\/"},{"@type":"ListItem","position":3,"name":"Testimonios"}]},{"@type":"WebSite","@id":"https:\/\/escuela-de-enfermeria.mx\/monterrey\/#website","url":"https:\/\/escuela-de-enfermeria.mx\/monterrey\/","name":"Escuela de Enfermer\u00eda Christus Muguerza-UDEM Monterrey","description":"Otro sitio m\u00e1s de Escuela de Enfermer\u00eda Christus Muguerza-UDEM","potentialAction":[{"@type":"SearchAction","target":{"@type":"EntryPoint","urlTemplate":"https:\/\/escuela-de-enfermeria.mx\/monterrey\/?s={search_term_string}"},"query-input":{"@type":"PropertyValueSpecification","valueRequired":true,"valueName":"search_term_string"}}],"inLanguage":"es"}]}},"_links":{"self":[{"href":"https:\/\/escuela-de-enfermeria.mx\/monterrey\/wp-json\/wp\/v2\/pages\/238","targetHints":{"allow":["GET"]}}],"collection":[{"href":"https:\/\/escuela-de-enfermeria.mx\/monterrey\/wp-json\/wp\/v2\/pages"}],"about":[{"href":"https:\/\/escuela-de-enfermeria.mx\/monterrey\/wp-json\/wp\/v2\/types\/page"}],"author":[{"embeddable":true,"href":"https:\/\/escuela-de-enfermeria.mx\/monterrey\/wp-json\/wp\/v2\/users\/1"}],"replies":[{"embeddable":true,"href":"https:\/\/escuela-de-enfermeria.mx\/monterrey\/wp-json\/wp\/v2\/comments?post=238"}],"version-history":[{"count":5,"href":"https:\/\/escuela-de-enfermeria.mx\/monterrey\/wp-json\/wp\/v2\/pages\/238\/revisions"}],"predecessor-version":[{"id":448,"href":"https:\/\/escuela-de-enfermeria.mx\/monterrey\/wp-json\/wp\/v2\/pages\/238\/revisions\/448"}],"up":[{"embeddable":true,"href":"https:\/\/escuela-de-enfermeria.mx\/monterrey\/wp-json\/wp\/v2\/pages\/135"}],"wp:attachment":[{"href":"https:\/\/escuela-de-enfermeria.mx\/monterrey\/wp-json\/wp\/v2\/media?parent=238"}],"curies":[{"name":"wp","href":"https:\/\/api.w.org\/{rel}","templated":true}]}}