{"id":245,"date":"2020-10-09T23:48:52","date_gmt":"2020-10-09T23:48:52","guid":{"rendered":"https:\/\/escuela-de-enfermeria.mx\/monterrey\/?page_id=245"},"modified":"2026-03-24T15:49:39","modified_gmt":"2026-03-24T15:49:39","slug":"informacion-general","status":"publish","type":"page","link":"https:\/\/escuela-de-enfermeria.mx\/monterrey\/licenciatura-en-enfermeria\/informacion-general\/","title":{"rendered":"Informaci\u00f3n general"},"content":{"rendered":"\n<h2 class=\"wp-block-heading\">Presentaci\u00f3n del Programa<\/h2>\n\n\n\n<p>Las personas con vocaci\u00f3n para esta carrera podr\u00e1n ejercer diferentes roles en ambientes comunitarios, hospitalarios, educativos y\/o empresariales, como lo son: prestador de cuidado, educador, administrador, investigador y colaborador con el dem\u00e1s equipo de salud en los diferentes niveles de atenci\u00f3n.<\/p>\n\n\n\n<h2 class=\"wp-block-heading\">Requisitos de Ingreso<\/h2>\n\n\n\n<ul class=\"wp-block-list\">\n<li>Solicitud de ingreso que se otorga en nuestra escuela (original y copia).<\/li>\n\n\n\n<li>Examen de Aptitud Acad\u00e9mica en la UDEM.<\/li>\n\n\n\n<li>Examen de ubicaci\u00f3n de ingl\u00e9s en UDEM.<\/li>\n\n\n\n<li>Acta de nacimiento reciente original y 2 copias.<\/li>\n\n\n\n<li>Certificado de Bachillerato legalizado en original y 2 copias.<\/li>\n\n\n\n<li>6 Fotograf\u00edas tama\u00f1o credencial en blanco y negro (No instant\u00e1neas, ni digitales).<\/li>\n\n\n\n<li>6 Fotograf\u00edas tama\u00f1o infantil en blanco y negro (No instant\u00e1neas, ni digitales).<\/li>\n\n\n\n<li>CURP (2 copias).<\/li>\n\n\n\n<li>2 Copias de servicio m\u00e9dico con el que se cuente vigente (particular, seguridad social, etc.).<\/li>\n\n\n\n<li>Copia de la identificaci\u00f3n oficial del INE o pasaporte.<\/li>\n\n\n\n<li>Copia del INE de qui\u00e9n paga la colegiatura.<\/li>\n\n\n\n<li>2 Copias de comprobante de domicilio.<\/li>\n<\/ul>\n\n\n\n<h2 class=\"wp-block-heading\">Fechas importantes: Semestre Oto\u00f1o 2026<\/h2>\n\n\n\n<figure class=\"wp-block-table is-style-stripes\"><table><tbody><tr><th class=\"has-text-align-left\" data-align=\"left\">TR\u00c1MITE<\/th><th class=\"has-text-align-left\" data-align=\"left\">FECHA<\/th><\/tr><tr><td class=\"has-text-align-left\" data-align=\"left\">Inicio de inscripciones<\/td><td class=\"has-text-align-left\" data-align=\"left\">Abril<\/td><\/tr><tr><td class=\"has-text-align-left\" data-align=\"left\">Inicio de cursos<\/td><td class=\"has-text-align-left\" data-align=\"left\">Agosto<\/td><\/tr><\/tbody><\/table><\/figure>\n\n\n\n<h2 class=\"wp-block-heading\">\u00bfQu\u00e9 habilidades requieres y cu\u00e1les integrar\u00e1s en tu vida universitaria?<\/h2>\n\n\n\n<figure class=\"wp-block-table is-style-stripes\"><table><tbody><tr><td><strong>Perfil de ingreso<\/strong><\/td><td><strong>Perfil de egreso<\/strong><\/td><td><strong>Habilidades requeridas<\/strong><\/td><\/tr><tr><td>&#8211; Ser una persona \u00edntegra<br>&#8211; Dominio de la tecnolog\u00eda<br>&#8211; Vocaci\u00f3n de servicio<br>&#8211; Humanismo<br>&#8211; Comprometido<br>&#8211; Uso de pensamiento cr\u00edtico<br>&#8211; Habilidades de gesti\u00f3n y liderazgo<br>&#8211; Responsable<br>&#8211; Innovador<\/td><td>&#8211; Indaga y soluciona problemas<br>&#8211; Es proactivo en el servicio a la comunidad<br>&#8211; Integridad Personal<br>&#8211; Posee una formaci\u00f3n multicultural<br>&#8211; Aprende a lo largo de la vida<\/td><td>&#8211; Sensibilidad humana<br>&#8211; Soluciones funcionales<br>&#8211; Colaboraci\u00f3n interdisciplinaria<br>&#8211; Innovaci\u00f3n responsable<\/td><\/tr><\/tbody><\/table><\/figure>\n\n\n\n<p><\/p>\n","protected":false},"excerpt":{"rendered":"<p>Presentaci\u00f3n del Programa Las personas con vocaci\u00f3n para esta carrera podr\u00e1n ejercer diferentes roles en ambientes comunitarios, hospitalarios, educativos y\/o [&hellip;]<\/p>\n","protected":false},"author":1,"featured_media":0,"parent":137,"menu_order":0,"comment_status":"closed","ping_status":"closed","template":"page-sidebar.php","meta":{"_acf_changed":false,"footnotes":""},"class_list":["post-245","page","type-page","status-publish","hentry"],"acf":[],"yoast_head":"<!-- This site is optimized with the Yoast SEO plugin v27.6 - https:\/\/yoast.com\/product\/yoast-seo-wordpress\/ -->\n<title>Informaci\u00f3n general - Escuela de Enfermer\u00eda Christus Muguerza-UDEM Monterrey<\/title>\n<meta name=\"robots\" content=\"index, follow, max-snippet:-1, max-image-preview:large, max-video-preview:-1\" \/>\n<link rel=\"canonical\" href=\"https:\/\/escuela-de-enfermeria.mx\/monterrey\/licenciatura-en-enfermeria\/informacion-general\/\" \/>\n<meta property=\"og:locale\" content=\"es_MX\" \/>\n<meta property=\"og:type\" content=\"article\" \/>\n<meta property=\"og:title\" content=\"Informaci\u00f3n general - Escuela de Enfermer\u00eda Christus Muguerza-UDEM Monterrey\" \/>\n<meta property=\"og:description\" content=\"Presentaci\u00f3n del Programa Las personas con vocaci\u00f3n para esta carrera podr\u00e1n ejercer diferentes roles en ambientes comunitarios, hospitalarios, educativos y\/o [&hellip;]\" \/>\n<meta property=\"og:url\" content=\"https:\/\/escuela-de-enfermeria.mx\/monterrey\/licenciatura-en-enfermeria\/informacion-general\/\" \/>\n<meta property=\"og:site_name\" content=\"Escuela de Enfermer\u00eda Christus Muguerza-UDEM Monterrey\" \/>\n<meta property=\"article:modified_time\" content=\"2026-03-24T15:49:39+00:00\" \/>\n<meta name=\"twitter:card\" content=\"summary_large_image\" \/>\n<meta name=\"twitter:label1\" content=\"Tiempo de lectura\" \/>\n\t<meta name=\"twitter:data1\" content=\"2 minutos\" \/>\n<script type=\"application\/ld+json\" class=\"yoast-schema-graph\">{\"@context\":\"https:\\\/\\\/schema.org\",\"@graph\":[{\"@type\":\"WebPage\",\"@id\":\"https:\\\/\\\/escuela-de-enfermeria.mx\\\/monterrey\\\/licenciatura-en-enfermeria\\\/informacion-general\\\/\",\"url\":\"https:\\\/\\\/escuela-de-enfermeria.mx\\\/monterrey\\\/licenciatura-en-enfermeria\\\/informacion-general\\\/\",\"name\":\"Informaci\u00f3n general - Escuela de Enfermer\u00eda Christus Muguerza-UDEM Monterrey\",\"isPartOf\":{\"@id\":\"https:\\\/\\\/escuela-de-enfermeria.mx\\\/monterrey\\\/#website\"},\"datePublished\":\"2020-10-09T23:48:52+00:00\",\"dateModified\":\"2026-03-24T15:49:39+00:00\",\"breadcrumb\":{\"@id\":\"https:\\\/\\\/escuela-de-enfermeria.mx\\\/monterrey\\\/licenciatura-en-enfermeria\\\/informacion-general\\\/#breadcrumb\"},\"inLanguage\":\"es\",\"potentialAction\":[{\"@type\":\"ReadAction\",\"target\":[\"https:\\\/\\\/escuela-de-enfermeria.mx\\\/monterrey\\\/licenciatura-en-enfermeria\\\/informacion-general\\\/\"]}]},{\"@type\":\"BreadcrumbList\",\"@id\":\"https:\\\/\\\/escuela-de-enfermeria.mx\\\/monterrey\\\/licenciatura-en-enfermeria\\\/informacion-general\\\/#breadcrumb\",\"itemListElement\":[{\"@type\":\"ListItem\",\"position\":1,\"name\":\"Inicio\",\"item\":\"https:\\\/\\\/escuela-de-enfermeria.mx\\\/monterrey\\\/\"},{\"@type\":\"ListItem\",\"position\":2,\"name\":\"Licenciatura en Enfermer\u00eda\",\"item\":\"https:\\\/\\\/escuela-de-enfermeria.mx\\\/monterrey\\\/licenciatura-en-enfermeria\\\/\"},{\"@type\":\"ListItem\",\"position\":3,\"name\":\"Informaci\u00f3n general\"}]},{\"@type\":\"WebSite\",\"@id\":\"https:\\\/\\\/escuela-de-enfermeria.mx\\\/monterrey\\\/#website\",\"url\":\"https:\\\/\\\/escuela-de-enfermeria.mx\\\/monterrey\\\/\",\"name\":\"Escuela de Enfermer\u00eda Christus Muguerza-UDEM Monterrey\",\"description\":\"Otro sitio m\u00e1s de Escuela de Enfermer\u00eda Christus Muguerza-UDEM\",\"potentialAction\":[{\"@type\":\"SearchAction\",\"target\":{\"@type\":\"EntryPoint\",\"urlTemplate\":\"https:\\\/\\\/escuela-de-enfermeria.mx\\\/monterrey\\\/?s={search_term_string}\"},\"query-input\":{\"@type\":\"PropertyValueSpecification\",\"valueRequired\":true,\"valueName\":\"search_term_string\"}}],\"inLanguage\":\"es\"}]}<\/script>\n<!-- \/ Yoast SEO plugin. -->","yoast_head_json":{"title":"Informaci\u00f3n general - Escuela de Enfermer\u00eda Christus Muguerza-UDEM Monterrey","robots":{"index":"index","follow":"follow","max-snippet":"max-snippet:-1","max-image-preview":"max-image-preview:large","max-video-preview":"max-video-preview:-1"},"canonical":"https:\/\/escuela-de-enfermeria.mx\/monterrey\/licenciatura-en-enfermeria\/informacion-general\/","og_locale":"es_MX","og_type":"article","og_title":"Informaci\u00f3n general - Escuela de Enfermer\u00eda Christus Muguerza-UDEM Monterrey","og_description":"Presentaci\u00f3n del Programa Las personas con vocaci\u00f3n para esta carrera podr\u00e1n ejercer diferentes roles en ambientes comunitarios, hospitalarios, educativos y\/o [&hellip;]","og_url":"https:\/\/escuela-de-enfermeria.mx\/monterrey\/licenciatura-en-enfermeria\/informacion-general\/","og_site_name":"Escuela de Enfermer\u00eda Christus Muguerza-UDEM Monterrey","article_modified_time":"2026-03-24T15:49:39+00:00","twitter_card":"summary_large_image","twitter_misc":{"Tiempo de lectura":"2 minutos"},"schema":{"@context":"https:\/\/schema.org","@graph":[{"@type":"WebPage","@id":"https:\/\/escuela-de-enfermeria.mx\/monterrey\/licenciatura-en-enfermeria\/informacion-general\/","url":"https:\/\/escuela-de-enfermeria.mx\/monterrey\/licenciatura-en-enfermeria\/informacion-general\/","name":"Informaci\u00f3n general - Escuela de Enfermer\u00eda Christus Muguerza-UDEM Monterrey","isPartOf":{"@id":"https:\/\/escuela-de-enfermeria.mx\/monterrey\/#website"},"datePublished":"2020-10-09T23:48:52+00:00","dateModified":"2026-03-24T15:49:39+00:00","breadcrumb":{"@id":"https:\/\/escuela-de-enfermeria.mx\/monterrey\/licenciatura-en-enfermeria\/informacion-general\/#breadcrumb"},"inLanguage":"es","potentialAction":[{"@type":"ReadAction","target":["https:\/\/escuela-de-enfermeria.mx\/monterrey\/licenciatura-en-enfermeria\/informacion-general\/"]}]},{"@type":"BreadcrumbList","@id":"https:\/\/escuela-de-enfermeria.mx\/monterrey\/licenciatura-en-enfermeria\/informacion-general\/#breadcrumb","itemListElement":[{"@type":"ListItem","position":1,"name":"Inicio","item":"https:\/\/escuela-de-enfermeria.mx\/monterrey\/"},{"@type":"ListItem","position":2,"name":"Licenciatura en Enfermer\u00eda","item":"https:\/\/escuela-de-enfermeria.mx\/monterrey\/licenciatura-en-enfermeria\/"},{"@type":"ListItem","position":3,"name":"Informaci\u00f3n general"}]},{"@type":"WebSite","@id":"https:\/\/escuela-de-enfermeria.mx\/monterrey\/#website","url":"https:\/\/escuela-de-enfermeria.mx\/monterrey\/","name":"Escuela de Enfermer\u00eda Christus Muguerza-UDEM Monterrey","description":"Otro sitio m\u00e1s de Escuela de Enfermer\u00eda Christus Muguerza-UDEM","potentialAction":[{"@type":"SearchAction","target":{"@type":"EntryPoint","urlTemplate":"https:\/\/escuela-de-enfermeria.mx\/monterrey\/?s={search_term_string}"},"query-input":{"@type":"PropertyValueSpecification","valueRequired":true,"valueName":"search_term_string"}}],"inLanguage":"es"}]}},"_links":{"self":[{"href":"https:\/\/escuela-de-enfermeria.mx\/monterrey\/wp-json\/wp\/v2\/pages\/245","targetHints":{"allow":["GET"]}}],"collection":[{"href":"https:\/\/escuela-de-enfermeria.mx\/monterrey\/wp-json\/wp\/v2\/pages"}],"about":[{"href":"https:\/\/escuela-de-enfermeria.mx\/monterrey\/wp-json\/wp\/v2\/types\/page"}],"author":[{"embeddable":true,"href":"https:\/\/escuela-de-enfermeria.mx\/monterrey\/wp-json\/wp\/v2\/users\/1"}],"replies":[{"embeddable":true,"href":"https:\/\/escuela-de-enfermeria.mx\/monterrey\/wp-json\/wp\/v2\/comments?post=245"}],"version-history":[{"count":11,"href":"https:\/\/escuela-de-enfermeria.mx\/monterrey\/wp-json\/wp\/v2\/pages\/245\/revisions"}],"predecessor-version":[{"id":1633,"href":"https:\/\/escuela-de-enfermeria.mx\/monterrey\/wp-json\/wp\/v2\/pages\/245\/revisions\/1633"}],"up":[{"embeddable":true,"href":"https:\/\/escuela-de-enfermeria.mx\/monterrey\/wp-json\/wp\/v2\/pages\/137"}],"wp:attachment":[{"href":"https:\/\/escuela-de-enfermeria.mx\/monterrey\/wp-json\/wp\/v2\/media?parent=245"}],"curies":[{"name":"wp","href":"https:\/\/api.w.org\/{rel}","templated":true}]}}