{"id":258,"date":"2020-10-12T14:45:47","date_gmt":"2020-10-12T14:45:47","guid":{"rendered":"https:\/\/escuela-de-enfermeria.mx\/monterrey\/?page_id=258"},"modified":"2023-06-22T15:50:59","modified_gmt":"2023-06-22T15:50:59","slug":"plan-academico","status":"publish","type":"page","link":"https:\/\/escuela-de-enfermeria.mx\/monterrey\/licenciatura-en-enfermeria\/plan-academico\/","title":{"rendered":"Plan acad\u00e9mico"},"content":{"rendered":"\n<p><a href=\"https:\/\/drive.google.com\/file\/d\/18F9UeVxQxQyx-sJ_VJk5qpfLhq9FSXu7\/view?usp=sharing\" target=\"_blank\" rel=\"noreferrer noopener\"><strong>Plan de Estudios de Licenciatura en Enfermer\u00eda\u00a0\u2193<\/strong><\/a><\/p>\n\n\n\n\t\n\t<div class=\"table_list\">\n\t\t<div class=\"table_list_header\">\n\t\t\t<div class=\"table_list_title\">\n\t\t\t\t<h2>Primer Semestre<\/h2>\n\t\t\t<\/div>\n\t\t\t<div class=\"table_list_subtitle\">\n\t\t\t\t<div class=\"purpleTxt\">A\u00f1o 1<\/div>\n\t\t\t<\/div>\n\t\t\t\n\t\t\t\n\t\t<\/div>\n\t\t<hr>\n\t\t<div class=\"table_list_content\">\n\t\t\t<ul>\n<li>Introducci\u00f3n a la Enfermer\u00eda<\/li>\n<li>Salud P\u00fablica<\/li>\n<li>Anatom\u00eda y Fisiolog\u00eda I<\/li>\n<li>Etimolog\u00edas Biom\u00e9dicas<\/li>\n<li>Educaci\u00f3n en Salud<\/li>\n<li>Antropolog\u00eda Filos\u00f3fica<\/li>\n<\/ul>\n\t\t<\/div>\n\t<\/div>\n\n\t\n\n\n\t\n\t<div class=\"table_list\">\n\t\t<div class=\"table_list_header\">\n\t\t\t<div class=\"table_list_title\">\n\t\t\t\t<h2>Segundo semestre<\/h2>\n\t\t\t<\/div>\n\t\t\t<div class=\"table_list_subtitle\">\n\t\t\t\t<div class=\"purpleTxt\">A\u00f1o 1<\/div>\n\t\t\t<\/div>\n\t\t\t\n\t\t\t\n\t\t<\/div>\n\t\t<hr>\n\t\t<div class=\"table_list_content\">\n\t\t\t<ul>\n<li>\u00c9tica Social Cristiana<\/li>\n<li>Fundamentos de Enfermer\u00eda<\/li>\n<li>Proceso de Atenci\u00f3n de Enfermer\u00eda<\/li>\n<li>Anatom\u00eda y Fisiolog\u00eda II<\/li>\n<li>Teor\u00edas de Enfermer\u00eda<\/li>\n<li>Enfermer\u00eda Comunitaria<\/li>\n<\/ul>\n\t\t<\/div>\n\t<\/div>\n\n\t\n\n\n\t\n\t<div class=\"table_list\">\n\t\t<div class=\"table_list_header\">\n\t\t\t<div class=\"table_list_title\">\n\t\t\t\t<h2>Tercer semestre<\/h2>\n\t\t\t<\/div>\n\t\t\t<div class=\"table_list_subtitle\">\n\t\t\t\t<div class=\"purpleTxt\">A\u00f1o 2<\/div>\n\t\t\t<\/div>\n\t\t\t\n\t\t\t\n\t\t<\/div>\n\t\t<hr>\n\t\t<div class=\"table_list_content\">\n\t\t\t<ul>\n<li>Retos y Din\u00e1micas Globales<\/li>\n<li>Retos de la Comunicaci\u00f3n Contempor\u00e1nea<\/li>\n<li>Bioqu\u00edmica<\/li>\n<li>Enfermer\u00eda en Atenci\u00f3n a la Mujer<\/li>\n<li>Obstetricia y Ginecolog\u00eda<\/li>\n<li>Farmacolog\u00eda para Enfermer\u00eda<\/li>\n<\/ul>\n\t\t<\/div>\n\t<\/div>\n\n\t\n\n\n\t\n\t<div class=\"table_list\">\n\t\t<div class=\"table_list_header\">\n\t\t\t<div class=\"table_list_title\">\n\t\t\t\t<h2>Cuarto semestre<\/h2>\n\t\t\t<\/div>\n\t\t\t<div class=\"table_list_subtitle\">\n\t\t\t\t<div class=\"purpleTxt\">A\u00f1o 2<\/div>\n\t\t\t<\/div>\n\t\t\t\n\t\t\t\n\t\t<\/div>\n\t\t<hr>\n\t\t<div class=\"table_list_content\">\n\t\t\t<ul>\n<li>Sostenibilidad y Responsabilidad Social<\/li>\n<li>Optativa I | Estudios Generales<\/li>\n<li>Enfermer\u00eda en Atenci\u00f3n al Ni\u00f1o y al Adolescente<\/li>\n<li>Patolog\u00eda Pedi\u00e1trica<\/li>\n<li>Microbiolog\u00eda y Parasitolog\u00eda<\/li>\n<li>Nutrici\u00f3n<\/li>\n<\/ul>\n\t\t<\/div>\n\t<\/div>\n\n\t\n\n\n\t\n\t<div class=\"table_list\">\n\t\t<div class=\"table_list_header\">\n\t\t\t<div class=\"table_list_title\">\n\t\t\t\t<h2>Quinto semestre<\/h2>\n\t\t\t<\/div>\n\t\t\t<div class=\"table_list_subtitle\">\n\t\t\t\t<div class=\"purpleTxt\">A\u00f1o 3<\/div>\n\t\t\t<\/div>\n\t\t\t\n\t\t\t\n\t\t<\/div>\n\t\t<hr>\n\t\t<div class=\"table_list_content\">\n\t\t\t<ul>\n<li>Pensamiento Cr\u00edtico y Creativo<\/li>\n<li>Optativa II | Estudios Generales<\/li>\n<li>Enfermer\u00eda En Atenci\u00f3n al Adulto<\/li>\n<li>Patolog\u00eda<\/li>\n<li>Enfermer\u00eda en Atenci\u00f3n al Adulto Mayor<\/li>\n<li>Enfermer\u00eda Legal<\/li>\n<\/ul>\n\t\t<\/div>\n\t<\/div>\n\n\t\n\n\n\t\n\t<div class=\"table_list\">\n\t\t<div class=\"table_list_header\">\n\t\t\t<div class=\"table_list_title\">\n\t\t\t\t<h2>Sexto semestre<\/h2>\n\t\t\t<\/div>\n\t\t\t<div class=\"table_list_subtitle\">\n\t\t\t\t<div class=\"purpleTxt\">A\u00f1o 3<\/div>\n\t\t\t<\/div>\n\t\t\t\n\t\t\t\n\t\t<\/div>\n\t\t<hr>\n\t\t<div class=\"table_list_content\">\n\t\t\t<ul>\n<li>Pensamiento Cr\u00edtico y Tecnol\u00f3gico<\/li>\n<li>Tendencias en el Liderazgo<\/li>\n<li>Enfermer\u00eda en Atenci\u00f3n al Paciente Quir\u00fargico y Cr\u00edtico<\/li>\n<li>Patolog\u00eda Quir\u00fargica y Cr\u00edtica<\/li>\n<li>Administraci\u00f3n de los Servicios de Enfermer\u00eda<\/li>\n<li>Fundamentos de la Medicina Tradicional Complementaria<\/li>\n<li>Optativa I | \u00c1rea Profesional<\/li>\n<\/ul>\n\t\t<\/div>\n\t<\/div>\n\n\t\n\n\n\t\n\t<div class=\"table_list\">\n\t\t<div class=\"table_list_header\">\n\t\t\t<div class=\"table_list_title\">\n\t\t\t\t<h2>S\u00e9ptimo semestre<\/h2>\n\t\t\t<\/div>\n\t\t\t<div class=\"table_list_subtitle\">\n\t\t\t\t<div class=\"purpleTxt\">A\u00f1o 4<\/div>\n\t\t\t<\/div>\n\t\t\t\n\t\t\t\n\t\t<\/div>\n\t\t<hr>\n\t\t<div class=\"table_list_content\">\n\t\t\t<ul>\n<li>Fundamentos de la Salud y Bienestar<\/li>\n<li>Enfermer\u00eda en Atenci\u00f3n a Pacientes con Trastornos Psiqui\u00e1tricos<\/li>\n<li>Psiquiatr\u00eda<\/li>\n<li>Gesti\u00f3n de Calidad del Cuidado de Enfermer\u00eda<\/li>\n<li>Optativa II | \u00c1rea Profesional<\/li>\n<li>Investigaci\u00f3n en Enfermer\u00eda I<\/li>\n<\/ul>\n\t\t<\/div>\n\t<\/div>\n\n\t\n\n\n\t\n\t<div class=\"table_list\">\n\t\t<div class=\"table_list_header\">\n\t\t\t<div class=\"table_list_title\">\n\t\t\t\t<h2>Octavo semestre<\/h2>\n\t\t\t<\/div>\n\t\t\t<div class=\"table_list_subtitle\">\n\t\t\t\t<div class=\"purpleTxt\">A\u00f1o 4<\/div>\n\t\t\t<\/div>\n\t\t\t\n\t\t\t\n\t\t<\/div>\n\t\t<hr>\n\t\t<div class=\"table_list_content\">\n\t\t\t<ul>\n<li>Optativa III | \u00c1rea Profesional<\/li>\n<li>Pr\u00e1ctica de Internado en Enfermer\u00eda<\/li>\n<li>Investigaci\u00f3n en Enfermer\u00eda II (Proyecto de Evaluaci\u00f3n Final)<\/li>\n<\/ul>\n\t\t<\/div>\n\t<\/div>\n\n\t","protected":false},"excerpt":{"rendered":"<p>Plan de Estudios de Licenciatura en Enfermer\u00eda\u00a0\u2193<\/p>\n","protected":false},"author":1,"featured_media":0,"parent":137,"menu_order":2,"comment_status":"closed","ping_status":"closed","template":"page-sidebar.php","meta":{"_acf_changed":false,"footnotes":""},"class_list":["post-258","page","type-page","status-publish","hentry"],"acf":[],"yoast_head":"<!-- This site is optimized with the Yoast SEO plugin v27.6 - https:\/\/yoast.com\/product\/yoast-seo-wordpress\/ -->\n<title>Plan acad\u00e9mico - Escuela de Enfermer\u00eda Christus Muguerza-UDEM Monterrey<\/title>\n<meta name=\"robots\" content=\"index, follow, max-snippet:-1, max-image-preview:large, max-video-preview:-1\" \/>\n<link rel=\"canonical\" href=\"https:\/\/escuela-de-enfermeria.mx\/monterrey\/licenciatura-en-enfermeria\/plan-academico\/\" \/>\n<meta property=\"og:locale\" content=\"es_MX\" \/>\n<meta property=\"og:type\" content=\"article\" \/>\n<meta property=\"og:title\" content=\"Plan acad\u00e9mico - Escuela de Enfermer\u00eda Christus Muguerza-UDEM Monterrey\" \/>\n<meta property=\"og:description\" content=\"Plan de Estudios de Licenciatura en Enfermer\u00eda\u00a0\u2193\" \/>\n<meta property=\"og:url\" content=\"https:\/\/escuela-de-enfermeria.mx\/monterrey\/licenciatura-en-enfermeria\/plan-academico\/\" \/>\n<meta property=\"og:site_name\" content=\"Escuela de Enfermer\u00eda Christus Muguerza-UDEM Monterrey\" \/>\n<meta property=\"article:modified_time\" content=\"2023-06-22T15:50:59+00:00\" \/>\n<meta name=\"twitter:card\" content=\"summary_large_image\" \/>\n<meta name=\"twitter:label1\" content=\"Tiempo de lectura\" \/>\n\t<meta name=\"twitter:data1\" content=\"1 minuto\" \/>\n<script type=\"application\/ld+json\" class=\"yoast-schema-graph\">{\"@context\":\"https:\\\/\\\/schema.org\",\"@graph\":[{\"@type\":\"WebPage\",\"@id\":\"https:\\\/\\\/escuela-de-enfermeria.mx\\\/monterrey\\\/licenciatura-en-enfermeria\\\/plan-academico\\\/\",\"url\":\"https:\\\/\\\/escuela-de-enfermeria.mx\\\/monterrey\\\/licenciatura-en-enfermeria\\\/plan-academico\\\/\",\"name\":\"Plan acad\u00e9mico - Escuela de Enfermer\u00eda Christus Muguerza-UDEM Monterrey\",\"isPartOf\":{\"@id\":\"https:\\\/\\\/escuela-de-enfermeria.mx\\\/monterrey\\\/#website\"},\"datePublished\":\"2020-10-12T14:45:47+00:00\",\"dateModified\":\"2023-06-22T15:50:59+00:00\",\"breadcrumb\":{\"@id\":\"https:\\\/\\\/escuela-de-enfermeria.mx\\\/monterrey\\\/licenciatura-en-enfermeria\\\/plan-academico\\\/#breadcrumb\"},\"inLanguage\":\"es\",\"potentialAction\":[{\"@type\":\"ReadAction\",\"target\":[\"https:\\\/\\\/escuela-de-enfermeria.mx\\\/monterrey\\\/licenciatura-en-enfermeria\\\/plan-academico\\\/\"]}]},{\"@type\":\"BreadcrumbList\",\"@id\":\"https:\\\/\\\/escuela-de-enfermeria.mx\\\/monterrey\\\/licenciatura-en-enfermeria\\\/plan-academico\\\/#breadcrumb\",\"itemListElement\":[{\"@type\":\"ListItem\",\"position\":1,\"name\":\"Inicio\",\"item\":\"https:\\\/\\\/escuela-de-enfermeria.mx\\\/monterrey\\\/\"},{\"@type\":\"ListItem\",\"position\":2,\"name\":\"Licenciatura en Enfermer\u00eda\",\"item\":\"https:\\\/\\\/escuela-de-enfermeria.mx\\\/monterrey\\\/licenciatura-en-enfermeria\\\/\"},{\"@type\":\"ListItem\",\"position\":3,\"name\":\"Plan acad\u00e9mico\"}]},{\"@type\":\"WebSite\",\"@id\":\"https:\\\/\\\/escuela-de-enfermeria.mx\\\/monterrey\\\/#website\",\"url\":\"https:\\\/\\\/escuela-de-enfermeria.mx\\\/monterrey\\\/\",\"name\":\"Escuela de Enfermer\u00eda Christus Muguerza-UDEM Monterrey\",\"description\":\"Otro sitio m\u00e1s de Escuela de Enfermer\u00eda Christus Muguerza-UDEM\",\"potentialAction\":[{\"@type\":\"SearchAction\",\"target\":{\"@type\":\"EntryPoint\",\"urlTemplate\":\"https:\\\/\\\/escuela-de-enfermeria.mx\\\/monterrey\\\/?s={search_term_string}\"},\"query-input\":{\"@type\":\"PropertyValueSpecification\",\"valueRequired\":true,\"valueName\":\"search_term_string\"}}],\"inLanguage\":\"es\"}]}<\/script>\n<!-- \/ Yoast SEO plugin. -->","yoast_head_json":{"title":"Plan acad\u00e9mico - Escuela de Enfermer\u00eda Christus Muguerza-UDEM Monterrey","robots":{"index":"index","follow":"follow","max-snippet":"max-snippet:-1","max-image-preview":"max-image-preview:large","max-video-preview":"max-video-preview:-1"},"canonical":"https:\/\/escuela-de-enfermeria.mx\/monterrey\/licenciatura-en-enfermeria\/plan-academico\/","og_locale":"es_MX","og_type":"article","og_title":"Plan acad\u00e9mico - Escuela de Enfermer\u00eda Christus Muguerza-UDEM Monterrey","og_description":"Plan de Estudios de Licenciatura en Enfermer\u00eda\u00a0\u2193","og_url":"https:\/\/escuela-de-enfermeria.mx\/monterrey\/licenciatura-en-enfermeria\/plan-academico\/","og_site_name":"Escuela de Enfermer\u00eda Christus Muguerza-UDEM Monterrey","article_modified_time":"2023-06-22T15:50:59+00:00","twitter_card":"summary_large_image","twitter_misc":{"Tiempo de lectura":"1 minuto"},"schema":{"@context":"https:\/\/schema.org","@graph":[{"@type":"WebPage","@id":"https:\/\/escuela-de-enfermeria.mx\/monterrey\/licenciatura-en-enfermeria\/plan-academico\/","url":"https:\/\/escuela-de-enfermeria.mx\/monterrey\/licenciatura-en-enfermeria\/plan-academico\/","name":"Plan acad\u00e9mico - Escuela de Enfermer\u00eda Christus Muguerza-UDEM Monterrey","isPartOf":{"@id":"https:\/\/escuela-de-enfermeria.mx\/monterrey\/#website"},"datePublished":"2020-10-12T14:45:47+00:00","dateModified":"2023-06-22T15:50:59+00:00","breadcrumb":{"@id":"https:\/\/escuela-de-enfermeria.mx\/monterrey\/licenciatura-en-enfermeria\/plan-academico\/#breadcrumb"},"inLanguage":"es","potentialAction":[{"@type":"ReadAction","target":["https:\/\/escuela-de-enfermeria.mx\/monterrey\/licenciatura-en-enfermeria\/plan-academico\/"]}]},{"@type":"BreadcrumbList","@id":"https:\/\/escuela-de-enfermeria.mx\/monterrey\/licenciatura-en-enfermeria\/plan-academico\/#breadcrumb","itemListElement":[{"@type":"ListItem","position":1,"name":"Inicio","item":"https:\/\/escuela-de-enfermeria.mx\/monterrey\/"},{"@type":"ListItem","position":2,"name":"Licenciatura en Enfermer\u00eda","item":"https:\/\/escuela-de-enfermeria.mx\/monterrey\/licenciatura-en-enfermeria\/"},{"@type":"ListItem","position":3,"name":"Plan acad\u00e9mico"}]},{"@type":"WebSite","@id":"https:\/\/escuela-de-enfermeria.mx\/monterrey\/#website","url":"https:\/\/escuela-de-enfermeria.mx\/monterrey\/","name":"Escuela de Enfermer\u00eda Christus Muguerza-UDEM Monterrey","description":"Otro sitio m\u00e1s de Escuela de Enfermer\u00eda Christus Muguerza-UDEM","potentialAction":[{"@type":"SearchAction","target":{"@type":"EntryPoint","urlTemplate":"https:\/\/escuela-de-enfermeria.mx\/monterrey\/?s={search_term_string}"},"query-input":{"@type":"PropertyValueSpecification","valueRequired":true,"valueName":"search_term_string"}}],"inLanguage":"es"}]}},"_links":{"self":[{"href":"https:\/\/escuela-de-enfermeria.mx\/monterrey\/wp-json\/wp\/v2\/pages\/258","targetHints":{"allow":["GET"]}}],"collection":[{"href":"https:\/\/escuela-de-enfermeria.mx\/monterrey\/wp-json\/wp\/v2\/pages"}],"about":[{"href":"https:\/\/escuela-de-enfermeria.mx\/monterrey\/wp-json\/wp\/v2\/types\/page"}],"author":[{"embeddable":true,"href":"https:\/\/escuela-de-enfermeria.mx\/monterrey\/wp-json\/wp\/v2\/users\/1"}],"replies":[{"embeddable":true,"href":"https:\/\/escuela-de-enfermeria.mx\/monterrey\/wp-json\/wp\/v2\/comments?post=258"}],"version-history":[{"count":5,"href":"https:\/\/escuela-de-enfermeria.mx\/monterrey\/wp-json\/wp\/v2\/pages\/258\/revisions"}],"predecessor-version":[{"id":986,"href":"https:\/\/escuela-de-enfermeria.mx\/monterrey\/wp-json\/wp\/v2\/pages\/258\/revisions\/986"}],"up":[{"embeddable":true,"href":"https:\/\/escuela-de-enfermeria.mx\/monterrey\/wp-json\/wp\/v2\/pages\/137"}],"wp:attachment":[{"href":"https:\/\/escuela-de-enfermeria.mx\/monterrey\/wp-json\/wp\/v2\/media?parent=258"}],"curies":[{"name":"wp","href":"https:\/\/api.w.org\/{rel}","templated":true}]}}