{"id":265,"date":"2020-10-12T14:50:56","date_gmt":"2020-10-12T14:50:56","guid":{"rendered":"https:\/\/escuela-de-enfermeria.mx\/monterrey\/?page_id=265"},"modified":"2020-11-25T17:43:24","modified_gmt":"2020-11-25T17:43:24","slug":"testimonios","status":"publish","type":"page","link":"https:\/\/escuela-de-enfermeria.mx\/monterrey\/licenciatura-en-enfermeria\/testimonios\/","title":{"rendered":"Testimonios"},"content":{"rendered":"\n<blockquote class=\"wp-block-quote is-layout-flow wp-block-quote-is-layout-flow\"><p>Mi experiencia en la escuela fue excelente, <strong>el elegir la escuela de Enfermer\u00eda Christus Muguerza UDEM para realizar mi licenciatura fue mi mejor opci\u00f3n<\/strong>, ya que junto con mis pap\u00e1s nos dimos cuenta que era la escuela con el mejor programa acad\u00e9mico que permitir\u00eda que tuviera un mejor aprendizaje, as\u00ed como un hospital escuela como lo es el Hospital Christus Muguerza y que adem\u00e1s ten\u00eda <strong>convenios con otros hospitales, cl\u00ednicas y centros de salud<\/strong> del IMSS, Secretaria de Salud e ISSSTE.<\/p><p>En la escuela siempre nos ense\u00f1aron que debemos de tener el conocimiento, pero tambi\u00e9n <strong>es importante el lado humano de la profesi\u00f3n y los valores<\/strong>, esto tambi\u00e9n nos lo inculcaron nuestros maestros en cada materia, la importancia de dar la atenci\u00f3n a nuestros pacientes de una forma integral.<\/p><p>La relaci\u00f3n que se form\u00f3 con directivos, maestros, compa\u00f1eros y personal administrativo fue muy buena, siempre de manera respetuosa y atenta de parte de todos, todo esto permiti\u00f3 que yo me sintiera muy a gusto en los cuatro a\u00f1os de carrera, en los cuales tambi\u00e9n <strong>aprend\u00ed mucho y crec\u00ed como persona y profesionalmente<\/strong>.<\/p><cite>Jessica Iglesias Rodr\u00edguez <\/cite><\/blockquote>\n\n\n\n<blockquote class=\"wp-block-quote is-layout-flow wp-block-quote-is-layout-flow\"><p>El elegir c\u00f3mo alma mater a la facultad de enfermer\u00eda de la UDEM fue <strong>la mejor decisi\u00f3n que pude haber tomado<\/strong> ya que cuenta con un programa que aporta los conocimientos necesarios para el aprendizaje satisfactorio sobre la formaci\u00f3n de un profesional de la salud.<\/p><p>Adem\u00e1s cuenta con <strong>docentes apasionados por sus materias<\/strong> los cuales son de mucha ayuda al momento de aprender ya que te motivan y al mismo tiempo incentivan a seguir encontrando nuevas maneras de absorber conocimientos.<\/p><p>La facultad de Enfermer\u00eda de la UDEM <strong>cuenta con diferentes campos cl\u00ednicos para la pr\u00e1ctica<\/strong> pasando por especialidades en hospitales desde p\u00fablicos hasta privados los cuales enriquecen el aprendizaje de uno mismo.<\/p><cite>Uriel Vicencio Rodriguez <\/cite><\/blockquote>\n\n\n\n<blockquote class=\"wp-block-quote is-layout-flow wp-block-quote-is-layout-flow\"><p>La Escuela de Enfermer\u00eda de la UDEM <strong>ha cultivado en mi experiencias sumamente satisfactorias<\/strong> puesto que me ha permitido no solo enriquecer mis conocimientos, sino tambi\u00e9n mi persona.<\/p><p>D\u00eda con d\u00eda los profesores y directivos construyen nuestro conocimiento a trav\u00e9s de m\u00faltiples recursos <strong>buscando progresivamente mejoras en nuestra educaci\u00f3n sin dejar atr\u00e1s el lado humano<\/strong>, permiti\u00e9ndose ver las necesidades de cada alumno como un ser \u00fanico. Pertenecer a esta instituci\u00f3n me ha mostrado el lado humanitario de todo y todos a mi alrededor, as\u00ed como tambi\u00e9n me ha guiado para trascender de forma positiva en aquellos que me rodean, no cabe duda que, la Escuela de Enfermer\u00eda de la UDEM, adem\u00e1s de grandes amistades <strong>ha dejado en m\u00ed infinitos conocimientos y una huella imborrable para el resto de mi vida<\/strong>.<\/p><cite>Damaris Marian Elena Alejandro Bautista <\/cite><\/blockquote>\n","protected":false},"excerpt":{"rendered":"<p>Mi experiencia en la escuela fue excelente, el elegir la escuela de Enfermer\u00eda Christus Muguerza UDEM para realizar mi licenciatura [&hellip;]<\/p>\n","protected":false},"author":1,"featured_media":0,"parent":137,"menu_order":3,"comment_status":"closed","ping_status":"closed","template":"page-sidebar.php","meta":{"_acf_changed":false,"footnotes":""},"class_list":["post-265","page","type-page","status-publish","hentry"],"acf":[],"yoast_head":"<!-- This site is optimized with the Yoast SEO plugin v27.6 - https:\/\/yoast.com\/product\/yoast-seo-wordpress\/ -->\n<title>Testimonios - Escuela de Enfermer\u00eda Christus Muguerza-UDEM Monterrey<\/title>\n<meta name=\"robots\" content=\"index, follow, max-snippet:-1, max-image-preview:large, max-video-preview:-1\" \/>\n<link rel=\"canonical\" href=\"https:\/\/escuela-de-enfermeria.mx\/monterrey\/licenciatura-en-enfermeria\/testimonios\/\" \/>\n<meta property=\"og:locale\" content=\"es_MX\" \/>\n<meta property=\"og:type\" content=\"article\" \/>\n<meta property=\"og:title\" content=\"Testimonios - Escuela de Enfermer\u00eda Christus Muguerza-UDEM Monterrey\" \/>\n<meta property=\"og:description\" content=\"Mi experiencia en la escuela fue excelente, el elegir la escuela de Enfermer\u00eda Christus Muguerza UDEM para realizar mi licenciatura [&hellip;]\" \/>\n<meta property=\"og:url\" content=\"https:\/\/escuela-de-enfermeria.mx\/monterrey\/licenciatura-en-enfermeria\/testimonios\/\" \/>\n<meta property=\"og:site_name\" content=\"Escuela de Enfermer\u00eda Christus Muguerza-UDEM Monterrey\" \/>\n<meta property=\"article:modified_time\" content=\"2020-11-25T17:43:24+00:00\" \/>\n<meta name=\"twitter:card\" content=\"summary_large_image\" \/>\n<meta name=\"twitter:label1\" content=\"Tiempo de lectura\" \/>\n\t<meta name=\"twitter:data1\" content=\"2 minutos\" \/>\n<script type=\"application\/ld+json\" class=\"yoast-schema-graph\">{\"@context\":\"https:\\\/\\\/schema.org\",\"@graph\":[{\"@type\":\"WebPage\",\"@id\":\"https:\\\/\\\/escuela-de-enfermeria.mx\\\/monterrey\\\/licenciatura-en-enfermeria\\\/testimonios\\\/\",\"url\":\"https:\\\/\\\/escuela-de-enfermeria.mx\\\/monterrey\\\/licenciatura-en-enfermeria\\\/testimonios\\\/\",\"name\":\"Testimonios - Escuela de Enfermer\u00eda Christus Muguerza-UDEM Monterrey\",\"isPartOf\":{\"@id\":\"https:\\\/\\\/escuela-de-enfermeria.mx\\\/monterrey\\\/#website\"},\"datePublished\":\"2020-10-12T14:50:56+00:00\",\"dateModified\":\"2020-11-25T17:43:24+00:00\",\"breadcrumb\":{\"@id\":\"https:\\\/\\\/escuela-de-enfermeria.mx\\\/monterrey\\\/licenciatura-en-enfermeria\\\/testimonios\\\/#breadcrumb\"},\"inLanguage\":\"es\",\"potentialAction\":[{\"@type\":\"ReadAction\",\"target\":[\"https:\\\/\\\/escuela-de-enfermeria.mx\\\/monterrey\\\/licenciatura-en-enfermeria\\\/testimonios\\\/\"]}]},{\"@type\":\"BreadcrumbList\",\"@id\":\"https:\\\/\\\/escuela-de-enfermeria.mx\\\/monterrey\\\/licenciatura-en-enfermeria\\\/testimonios\\\/#breadcrumb\",\"itemListElement\":[{\"@type\":\"ListItem\",\"position\":1,\"name\":\"Inicio\",\"item\":\"https:\\\/\\\/escuela-de-enfermeria.mx\\\/monterrey\\\/\"},{\"@type\":\"ListItem\",\"position\":2,\"name\":\"Licenciatura en Enfermer\u00eda\",\"item\":\"https:\\\/\\\/escuela-de-enfermeria.mx\\\/monterrey\\\/licenciatura-en-enfermeria\\\/\"},{\"@type\":\"ListItem\",\"position\":3,\"name\":\"Testimonios\"}]},{\"@type\":\"WebSite\",\"@id\":\"https:\\\/\\\/escuela-de-enfermeria.mx\\\/monterrey\\\/#website\",\"url\":\"https:\\\/\\\/escuela-de-enfermeria.mx\\\/monterrey\\\/\",\"name\":\"Escuela de Enfermer\u00eda Christus Muguerza-UDEM Monterrey\",\"description\":\"Otro sitio m\u00e1s de Escuela de Enfermer\u00eda Christus Muguerza-UDEM\",\"potentialAction\":[{\"@type\":\"SearchAction\",\"target\":{\"@type\":\"EntryPoint\",\"urlTemplate\":\"https:\\\/\\\/escuela-de-enfermeria.mx\\\/monterrey\\\/?s={search_term_string}\"},\"query-input\":{\"@type\":\"PropertyValueSpecification\",\"valueRequired\":true,\"valueName\":\"search_term_string\"}}],\"inLanguage\":\"es\"}]}<\/script>\n<!-- \/ Yoast SEO plugin. -->","yoast_head_json":{"title":"Testimonios - Escuela de Enfermer\u00eda Christus Muguerza-UDEM Monterrey","robots":{"index":"index","follow":"follow","max-snippet":"max-snippet:-1","max-image-preview":"max-image-preview:large","max-video-preview":"max-video-preview:-1"},"canonical":"https:\/\/escuela-de-enfermeria.mx\/monterrey\/licenciatura-en-enfermeria\/testimonios\/","og_locale":"es_MX","og_type":"article","og_title":"Testimonios - Escuela de Enfermer\u00eda Christus Muguerza-UDEM Monterrey","og_description":"Mi experiencia en la escuela fue excelente, el elegir la escuela de Enfermer\u00eda Christus Muguerza UDEM para realizar mi licenciatura [&hellip;]","og_url":"https:\/\/escuela-de-enfermeria.mx\/monterrey\/licenciatura-en-enfermeria\/testimonios\/","og_site_name":"Escuela de Enfermer\u00eda Christus Muguerza-UDEM Monterrey","article_modified_time":"2020-11-25T17:43:24+00:00","twitter_card":"summary_large_image","twitter_misc":{"Tiempo de lectura":"2 minutos"},"schema":{"@context":"https:\/\/schema.org","@graph":[{"@type":"WebPage","@id":"https:\/\/escuela-de-enfermeria.mx\/monterrey\/licenciatura-en-enfermeria\/testimonios\/","url":"https:\/\/escuela-de-enfermeria.mx\/monterrey\/licenciatura-en-enfermeria\/testimonios\/","name":"Testimonios - Escuela de Enfermer\u00eda Christus Muguerza-UDEM Monterrey","isPartOf":{"@id":"https:\/\/escuela-de-enfermeria.mx\/monterrey\/#website"},"datePublished":"2020-10-12T14:50:56+00:00","dateModified":"2020-11-25T17:43:24+00:00","breadcrumb":{"@id":"https:\/\/escuela-de-enfermeria.mx\/monterrey\/licenciatura-en-enfermeria\/testimonios\/#breadcrumb"},"inLanguage":"es","potentialAction":[{"@type":"ReadAction","target":["https:\/\/escuela-de-enfermeria.mx\/monterrey\/licenciatura-en-enfermeria\/testimonios\/"]}]},{"@type":"BreadcrumbList","@id":"https:\/\/escuela-de-enfermeria.mx\/monterrey\/licenciatura-en-enfermeria\/testimonios\/#breadcrumb","itemListElement":[{"@type":"ListItem","position":1,"name":"Inicio","item":"https:\/\/escuela-de-enfermeria.mx\/monterrey\/"},{"@type":"ListItem","position":2,"name":"Licenciatura en Enfermer\u00eda","item":"https:\/\/escuela-de-enfermeria.mx\/monterrey\/licenciatura-en-enfermeria\/"},{"@type":"ListItem","position":3,"name":"Testimonios"}]},{"@type":"WebSite","@id":"https:\/\/escuela-de-enfermeria.mx\/monterrey\/#website","url":"https:\/\/escuela-de-enfermeria.mx\/monterrey\/","name":"Escuela de Enfermer\u00eda Christus Muguerza-UDEM Monterrey","description":"Otro sitio m\u00e1s de Escuela de Enfermer\u00eda Christus Muguerza-UDEM","potentialAction":[{"@type":"SearchAction","target":{"@type":"EntryPoint","urlTemplate":"https:\/\/escuela-de-enfermeria.mx\/monterrey\/?s={search_term_string}"},"query-input":{"@type":"PropertyValueSpecification","valueRequired":true,"valueName":"search_term_string"}}],"inLanguage":"es"}]}},"_links":{"self":[{"href":"https:\/\/escuela-de-enfermeria.mx\/monterrey\/wp-json\/wp\/v2\/pages\/265","targetHints":{"allow":["GET"]}}],"collection":[{"href":"https:\/\/escuela-de-enfermeria.mx\/monterrey\/wp-json\/wp\/v2\/pages"}],"about":[{"href":"https:\/\/escuela-de-enfermeria.mx\/monterrey\/wp-json\/wp\/v2\/types\/page"}],"author":[{"embeddable":true,"href":"https:\/\/escuela-de-enfermeria.mx\/monterrey\/wp-json\/wp\/v2\/users\/1"}],"replies":[{"embeddable":true,"href":"https:\/\/escuela-de-enfermeria.mx\/monterrey\/wp-json\/wp\/v2\/comments?post=265"}],"version-history":[{"count":4,"href":"https:\/\/escuela-de-enfermeria.mx\/monterrey\/wp-json\/wp\/v2\/pages\/265\/revisions"}],"predecessor-version":[{"id":449,"href":"https:\/\/escuela-de-enfermeria.mx\/monterrey\/wp-json\/wp\/v2\/pages\/265\/revisions\/449"}],"up":[{"embeddable":true,"href":"https:\/\/escuela-de-enfermeria.mx\/monterrey\/wp-json\/wp\/v2\/pages\/137"}],"wp:attachment":[{"href":"https:\/\/escuela-de-enfermeria.mx\/monterrey\/wp-json\/wp\/v2\/media?parent=265"}],"curies":[{"name":"wp","href":"https:\/\/api.w.org\/{rel}","templated":true}]}}