{"id":269,"date":"2020-10-12T14:52:42","date_gmt":"2020-10-12T14:52:42","guid":{"rendered":"https:\/\/escuela-de-enfermeria.mx\/monterrey\/?page_id=269"},"modified":"2026-03-24T18:30:08","modified_gmt":"2026-03-24T18:30:08","slug":"informacion-general","status":"publish","type":"page","link":"https:\/\/escuela-de-enfermeria.mx\/monterrey\/posbasicos\/informacion-general\/","title":{"rendered":"Informaci\u00f3n general"},"content":{"rendered":"\n<h2 class=\"wp-block-heading\">Posb\u00e1sicos de Enfermer\u00eda<\/h2>\n\n\n\n<p>Los programas de posb\u00e1sicos en enfermer\u00eda son una oferta acad\u00e9mica escolarizada con Registro de Validez Oficial de Estudios (RVOE), otorgado por la Secretar\u00eda de Educaci\u00f3n del Estado de Nuevo Le\u00f3n, dirigida a profesionales y t\u00e9cnicos que buscan especializar sus competencias en \u00e1reas espec\u00edficas de la pr\u00e1ctica.<\/p>\n\n\n\n<p>Est\u00e1n abiertos al p\u00fablico en general y al personal del Instituto Mexicano del Seguro Social (IMSS), contribuyendo al fortalecimiento del ejercicio profesional mediante una formaci\u00f3n de calidad, \u00e9tica y basada en evidencia.<\/p>\n\n\n\n<ul class=\"wp-block-list\">\n<li>Posb\u00e1sico en Enfermer\u00eda en Administraci\u00f3n y Docencia<\/li>\n\n\n\n<li>Posb\u00e1sico Enfermer\u00eda en Medicina de Familia<\/li>\n<\/ul>\n\n\n\n<div class=\"wp-block-buttons is-layout-flex wp-block-buttons-is-layout-flex\">\n<div class=\"wp-block-button\"><a class=\"wp-block-button__link wp-element-button\" href=\"https:\/\/drive.google.com\/file\/d\/1yQedv5awnNpyhf7Sle3xCrdDyQHO0GOb\/view?usp=sharing\" target=\"_blank\" rel=\"noreferrer noopener\">Descargar folleto<\/a><\/div>\n<\/div>\n\n\n\n<h2 class=\"wp-block-heading\">Diplomados de Enfermer\u00eda<\/h2>\n\n\n\n<p>Los diplomados en enfermer\u00eda constituyen una oferta acad\u00e9mica de educaci\u00f3n continua dirigida a profesionales y t\u00e9cnicos que buscan actualizar y fortalecer sus conocimientos y habilidades en \u00e1reas espec\u00edficas de la pr\u00e1ctica.<\/p>\n\n\n\n<p>A trav\u00e9s de contenidos actuales y alineados a est\u00e1ndares de calidad, estos programas contribuyen al desarrollo profesional, promoviendo una atenci\u00f3n segura, \u00e9tica y basada en evidencia.<\/p>\n\n\n\n<ul class=\"wp-block-list\">\n<li>Diplomado en Enfermer\u00eda Geri\u00e1trica<\/li>\n\n\n\n<li>Diplomado de Proceso en Atenci\u00f3n de Enfermer\u00eda<\/li>\n\n\n\n<li>Diplomado de Enfermer\u00eda Nefrol\u00f3gica<\/li>\n\n\n\n<li>Diplomado de Enfermer\u00eda Oncol\u00f3gica<\/li>\n<\/ul>\n\n\n\n<div class=\"wp-block-buttons is-layout-flex wp-block-buttons-is-layout-flex\">\n<div class=\"wp-block-button\"><a class=\"wp-block-button__link wp-element-button\" href=\"https:\/\/drive.google.com\/file\/d\/1qXiGZ9Rm1rA8V1PjaviYf1t1pcJkRxap\/view?usp=sharing\">Descargar folleto<\/a><\/div>\n<\/div>\n","protected":false},"excerpt":{"rendered":"<p>Posb\u00e1sicos de Enfermer\u00eda Los programas de posb\u00e1sicos en enfermer\u00eda son una oferta acad\u00e9mica escolarizada con Registro de Validez Oficial de [&hellip;]<\/p>\n","protected":false},"author":1,"featured_media":0,"parent":140,"menu_order":1,"comment_status":"closed","ping_status":"closed","template":"page-sidebar.php","meta":{"_acf_changed":false,"footnotes":""},"class_list":["post-269","page","type-page","status-publish","hentry"],"acf":[],"yoast_head":"<!-- This site is optimized with the Yoast SEO plugin v27.6 - https:\/\/yoast.com\/product\/yoast-seo-wordpress\/ -->\n<title>Informaci\u00f3n general - Escuela de Enfermer\u00eda Christus Muguerza-UDEM Monterrey<\/title>\n<meta name=\"robots\" content=\"index, follow, max-snippet:-1, max-image-preview:large, max-video-preview:-1\" \/>\n<link rel=\"canonical\" href=\"https:\/\/escuela-de-enfermeria.mx\/monterrey\/posbasicos\/informacion-general\/\" \/>\n<meta property=\"og:locale\" content=\"es_MX\" \/>\n<meta property=\"og:type\" content=\"article\" \/>\n<meta property=\"og:title\" content=\"Informaci\u00f3n general - Escuela de Enfermer\u00eda Christus Muguerza-UDEM Monterrey\" \/>\n<meta property=\"og:description\" content=\"Posb\u00e1sicos de Enfermer\u00eda Los programas de posb\u00e1sicos en enfermer\u00eda son una oferta acad\u00e9mica escolarizada con Registro de Validez Oficial de [&hellip;]\" \/>\n<meta property=\"og:url\" content=\"https:\/\/escuela-de-enfermeria.mx\/monterrey\/posbasicos\/informacion-general\/\" \/>\n<meta property=\"og:site_name\" content=\"Escuela de Enfermer\u00eda Christus Muguerza-UDEM Monterrey\" \/>\n<meta property=\"article:modified_time\" content=\"2026-03-24T18:30:08+00:00\" \/>\n<meta name=\"twitter:card\" content=\"summary_large_image\" \/>\n<meta name=\"twitter:label1\" content=\"Tiempo de lectura\" \/>\n\t<meta name=\"twitter:data1\" content=\"1 minuto\" \/>\n<script type=\"application\/ld+json\" class=\"yoast-schema-graph\">{\"@context\":\"https:\\\/\\\/schema.org\",\"@graph\":[{\"@type\":\"WebPage\",\"@id\":\"https:\\\/\\\/escuela-de-enfermeria.mx\\\/monterrey\\\/posbasicos\\\/informacion-general\\\/\",\"url\":\"https:\\\/\\\/escuela-de-enfermeria.mx\\\/monterrey\\\/posbasicos\\\/informacion-general\\\/\",\"name\":\"Informaci\u00f3n general - Escuela de Enfermer\u00eda Christus Muguerza-UDEM Monterrey\",\"isPartOf\":{\"@id\":\"https:\\\/\\\/escuela-de-enfermeria.mx\\\/monterrey\\\/#website\"},\"datePublished\":\"2020-10-12T14:52:42+00:00\",\"dateModified\":\"2026-03-24T18:30:08+00:00\",\"breadcrumb\":{\"@id\":\"https:\\\/\\\/escuela-de-enfermeria.mx\\\/monterrey\\\/posbasicos\\\/informacion-general\\\/#breadcrumb\"},\"inLanguage\":\"es\",\"potentialAction\":[{\"@type\":\"ReadAction\",\"target\":[\"https:\\\/\\\/escuela-de-enfermeria.mx\\\/monterrey\\\/posbasicos\\\/informacion-general\\\/\"]}]},{\"@type\":\"BreadcrumbList\",\"@id\":\"https:\\\/\\\/escuela-de-enfermeria.mx\\\/monterrey\\\/posbasicos\\\/informacion-general\\\/#breadcrumb\",\"itemListElement\":[{\"@type\":\"ListItem\",\"position\":1,\"name\":\"Inicio\",\"item\":\"https:\\\/\\\/escuela-de-enfermeria.mx\\\/monterrey\\\/\"},{\"@type\":\"ListItem\",\"position\":2,\"name\":\"Posb\u00e1sicos\",\"item\":\"https:\\\/\\\/escuela-de-enfermeria.mx\\\/monterrey\\\/posbasicos\\\/\"},{\"@type\":\"ListItem\",\"position\":3,\"name\":\"Informaci\u00f3n general\"}]},{\"@type\":\"WebSite\",\"@id\":\"https:\\\/\\\/escuela-de-enfermeria.mx\\\/monterrey\\\/#website\",\"url\":\"https:\\\/\\\/escuela-de-enfermeria.mx\\\/monterrey\\\/\",\"name\":\"Escuela de Enfermer\u00eda Christus Muguerza-UDEM Monterrey\",\"description\":\"Otro sitio m\u00e1s de Escuela de Enfermer\u00eda Christus Muguerza-UDEM\",\"potentialAction\":[{\"@type\":\"SearchAction\",\"target\":{\"@type\":\"EntryPoint\",\"urlTemplate\":\"https:\\\/\\\/escuela-de-enfermeria.mx\\\/monterrey\\\/?s={search_term_string}\"},\"query-input\":{\"@type\":\"PropertyValueSpecification\",\"valueRequired\":true,\"valueName\":\"search_term_string\"}}],\"inLanguage\":\"es\"}]}<\/script>\n<!-- \/ Yoast SEO plugin. -->","yoast_head_json":{"title":"Informaci\u00f3n general - Escuela de Enfermer\u00eda Christus Muguerza-UDEM Monterrey","robots":{"index":"index","follow":"follow","max-snippet":"max-snippet:-1","max-image-preview":"max-image-preview:large","max-video-preview":"max-video-preview:-1"},"canonical":"https:\/\/escuela-de-enfermeria.mx\/monterrey\/posbasicos\/informacion-general\/","og_locale":"es_MX","og_type":"article","og_title":"Informaci\u00f3n general - Escuela de Enfermer\u00eda Christus Muguerza-UDEM Monterrey","og_description":"Posb\u00e1sicos de Enfermer\u00eda Los programas de posb\u00e1sicos en enfermer\u00eda son una oferta acad\u00e9mica escolarizada con Registro de Validez Oficial de [&hellip;]","og_url":"https:\/\/escuela-de-enfermeria.mx\/monterrey\/posbasicos\/informacion-general\/","og_site_name":"Escuela de Enfermer\u00eda Christus Muguerza-UDEM Monterrey","article_modified_time":"2026-03-24T18:30:08+00:00","twitter_card":"summary_large_image","twitter_misc":{"Tiempo de lectura":"1 minuto"},"schema":{"@context":"https:\/\/schema.org","@graph":[{"@type":"WebPage","@id":"https:\/\/escuela-de-enfermeria.mx\/monterrey\/posbasicos\/informacion-general\/","url":"https:\/\/escuela-de-enfermeria.mx\/monterrey\/posbasicos\/informacion-general\/","name":"Informaci\u00f3n general - Escuela de Enfermer\u00eda Christus Muguerza-UDEM Monterrey","isPartOf":{"@id":"https:\/\/escuela-de-enfermeria.mx\/monterrey\/#website"},"datePublished":"2020-10-12T14:52:42+00:00","dateModified":"2026-03-24T18:30:08+00:00","breadcrumb":{"@id":"https:\/\/escuela-de-enfermeria.mx\/monterrey\/posbasicos\/informacion-general\/#breadcrumb"},"inLanguage":"es","potentialAction":[{"@type":"ReadAction","target":["https:\/\/escuela-de-enfermeria.mx\/monterrey\/posbasicos\/informacion-general\/"]}]},{"@type":"BreadcrumbList","@id":"https:\/\/escuela-de-enfermeria.mx\/monterrey\/posbasicos\/informacion-general\/#breadcrumb","itemListElement":[{"@type":"ListItem","position":1,"name":"Inicio","item":"https:\/\/escuela-de-enfermeria.mx\/monterrey\/"},{"@type":"ListItem","position":2,"name":"Posb\u00e1sicos","item":"https:\/\/escuela-de-enfermeria.mx\/monterrey\/posbasicos\/"},{"@type":"ListItem","position":3,"name":"Informaci\u00f3n general"}]},{"@type":"WebSite","@id":"https:\/\/escuela-de-enfermeria.mx\/monterrey\/#website","url":"https:\/\/escuela-de-enfermeria.mx\/monterrey\/","name":"Escuela de Enfermer\u00eda Christus Muguerza-UDEM Monterrey","description":"Otro sitio m\u00e1s de Escuela de Enfermer\u00eda Christus Muguerza-UDEM","potentialAction":[{"@type":"SearchAction","target":{"@type":"EntryPoint","urlTemplate":"https:\/\/escuela-de-enfermeria.mx\/monterrey\/?s={search_term_string}"},"query-input":{"@type":"PropertyValueSpecification","valueRequired":true,"valueName":"search_term_string"}}],"inLanguage":"es"}]}},"_links":{"self":[{"href":"https:\/\/escuela-de-enfermeria.mx\/monterrey\/wp-json\/wp\/v2\/pages\/269","targetHints":{"allow":["GET"]}}],"collection":[{"href":"https:\/\/escuela-de-enfermeria.mx\/monterrey\/wp-json\/wp\/v2\/pages"}],"about":[{"href":"https:\/\/escuela-de-enfermeria.mx\/monterrey\/wp-json\/wp\/v2\/types\/page"}],"author":[{"embeddable":true,"href":"https:\/\/escuela-de-enfermeria.mx\/monterrey\/wp-json\/wp\/v2\/users\/1"}],"replies":[{"embeddable":true,"href":"https:\/\/escuela-de-enfermeria.mx\/monterrey\/wp-json\/wp\/v2\/comments?post=269"}],"version-history":[{"count":16,"href":"https:\/\/escuela-de-enfermeria.mx\/monterrey\/wp-json\/wp\/v2\/pages\/269\/revisions"}],"predecessor-version":[{"id":1721,"href":"https:\/\/escuela-de-enfermeria.mx\/monterrey\/wp-json\/wp\/v2\/pages\/269\/revisions\/1721"}],"up":[{"embeddable":true,"href":"https:\/\/escuela-de-enfermeria.mx\/monterrey\/wp-json\/wp\/v2\/pages\/140"}],"wp:attachment":[{"href":"https:\/\/escuela-de-enfermeria.mx\/monterrey\/wp-json\/wp\/v2\/media?parent=269"}],"curies":[{"name":"wp","href":"https:\/\/api.w.org\/{rel}","templated":true}]}}