{"id":276,"date":"2020-10-12T14:56:39","date_gmt":"2020-10-12T14:56:39","guid":{"rendered":"https:\/\/escuela-de-enfermeria.mx\/monterrey\/?page_id=276"},"modified":"2020-10-19T22:36:35","modified_gmt":"2020-10-19T22:36:35","slug":"testimonios","status":"publish","type":"page","link":"https:\/\/escuela-de-enfermeria.mx\/monterrey\/posbasicos\/testimonios\/","title":{"rendered":"Testimonios"},"content":{"rendered":"\n<blockquote class=\"wp-block-quote is-layout-flow wp-block-quote-is-layout-flow\"><p>Desde hace algunos a\u00f1os ten\u00eda <strong>el sue\u00f1o de estudiar en la UDEM<\/strong>, porque se la calidad de la escuela y el prestigio. Pues se me cumpli\u00f3 mi sue\u00f1o y estoy sumamente contenta y satisfecha pues tome la mejor decisi\u00f3n, no me queda la menor duda que es la mejor escuela de enfermer\u00eda, <strong>los maestros con un nivel acad\u00e9mico superior<\/strong>, las conferencias , actividades, la forma de ense\u00f1ar, la verdad vali\u00f3 la pena la espera, porque <strong>ingresar a la UDEM ha sido una experiencia muy satisfactoria<\/strong> he aprendido tanto y no solo de los maestros, desde las secretarias, personal de limpieza, hasta la Directora, la Coordinadora siempre tan amables y dispuestas a orientarnos, con una sonrisa en su rostro. <\/p><cite>Cindy Nayeli Barajas Grifaldo \/ Posb\u00e1sico de Medicina de Familia<\/cite><\/blockquote>\n\n\n\n<blockquote class=\"wp-block-quote is-layout-flow wp-block-quote-is-layout-flow\"><p>Cuando me decid\u00ed a estudiar alguna especialidad no dude en que ser\u00eda en UDEM, ya que tiene un <strong>alto nivel acad\u00e9mico<\/strong>, con maestros s\u00faper preparados y profesionales, con pr\u00e1cticas profesionales en <strong>Buenos hospitales<\/strong>. Todo el personal que ah\u00ed labora tienen empat\u00eda hacia sus alumnos. Nunca dudar\u00eda en repetir alg\u00fan otro estudio en esta escuela.<\/p><cite>Natalia Cecilia Jim\u00e9nez Salas \/ Posb\u00e1sico de Medicina de Familia<\/cite><\/blockquote>\n\n\n\n<blockquote class=\"wp-block-quote is-layout-flow wp-block-quote-is-layout-flow\"><p>Es mi primera vez que estudio en la UDEM. Fue una experiencia excepcional. Los docentes tienen una <strong>excelente preparaci\u00f3n acad\u00e9mica y empat\u00eda por sus alumnos.<\/strong> La recomiendo ampliamente para que m\u00e1s profesionales de la salud siga prepar\u00e1ndose en la UDEM donde sus comentarios y habilidades se incrementan para la calidad, seguridad y bienestar de los pacientes. Ahora puedo decir que<strong> soy orgullosamente UDEM<\/strong>.<\/p><cite>Mar\u00eda Antonieta Olvera Blanco \/ Posbasico en Cuidados Intensivos<\/cite><\/blockquote>\n","protected":false},"excerpt":{"rendered":"<p>Desde hace algunos a\u00f1os ten\u00eda el sue\u00f1o de estudiar en la UDEM, porque se la calidad de la escuela y [&hellip;]<\/p>\n","protected":false},"author":1,"featured_media":0,"parent":140,"menu_order":3,"comment_status":"closed","ping_status":"closed","template":"page-sidebar.php","meta":{"_acf_changed":false,"footnotes":""},"class_list":["post-276","page","type-page","status-publish","hentry"],"acf":[],"yoast_head":"<!-- This site is optimized with the Yoast SEO plugin v27.6 - https:\/\/yoast.com\/product\/yoast-seo-wordpress\/ -->\n<title>Testimonios - Escuela de Enfermer\u00eda Christus Muguerza-UDEM Monterrey<\/title>\n<meta name=\"robots\" content=\"index, follow, max-snippet:-1, max-image-preview:large, max-video-preview:-1\" \/>\n<link rel=\"canonical\" href=\"https:\/\/escuela-de-enfermeria.mx\/monterrey\/posbasicos\/testimonios\/\" \/>\n<meta property=\"og:locale\" content=\"es_MX\" \/>\n<meta property=\"og:type\" content=\"article\" \/>\n<meta property=\"og:title\" content=\"Testimonios - Escuela de Enfermer\u00eda Christus Muguerza-UDEM Monterrey\" \/>\n<meta property=\"og:description\" content=\"Desde hace algunos a\u00f1os ten\u00eda el sue\u00f1o de estudiar en la UDEM, porque se la calidad de la escuela y [&hellip;]\" \/>\n<meta property=\"og:url\" content=\"https:\/\/escuela-de-enfermeria.mx\/monterrey\/posbasicos\/testimonios\/\" \/>\n<meta property=\"og:site_name\" content=\"Escuela de Enfermer\u00eda Christus Muguerza-UDEM Monterrey\" \/>\n<meta property=\"article:modified_time\" content=\"2020-10-19T22:36:35+00:00\" \/>\n<meta name=\"twitter:card\" content=\"summary_large_image\" \/>\n<meta name=\"twitter:label1\" content=\"Tiempo de lectura\" \/>\n\t<meta name=\"twitter:data1\" content=\"1 minuto\" \/>\n<script type=\"application\/ld+json\" class=\"yoast-schema-graph\">{\"@context\":\"https:\\\/\\\/schema.org\",\"@graph\":[{\"@type\":\"WebPage\",\"@id\":\"https:\\\/\\\/escuela-de-enfermeria.mx\\\/monterrey\\\/posbasicos\\\/testimonios\\\/\",\"url\":\"https:\\\/\\\/escuela-de-enfermeria.mx\\\/monterrey\\\/posbasicos\\\/testimonios\\\/\",\"name\":\"Testimonios - Escuela de Enfermer\u00eda Christus Muguerza-UDEM Monterrey\",\"isPartOf\":{\"@id\":\"https:\\\/\\\/escuela-de-enfermeria.mx\\\/monterrey\\\/#website\"},\"datePublished\":\"2020-10-12T14:56:39+00:00\",\"dateModified\":\"2020-10-19T22:36:35+00:00\",\"breadcrumb\":{\"@id\":\"https:\\\/\\\/escuela-de-enfermeria.mx\\\/monterrey\\\/posbasicos\\\/testimonios\\\/#breadcrumb\"},\"inLanguage\":\"es\",\"potentialAction\":[{\"@type\":\"ReadAction\",\"target\":[\"https:\\\/\\\/escuela-de-enfermeria.mx\\\/monterrey\\\/posbasicos\\\/testimonios\\\/\"]}]},{\"@type\":\"BreadcrumbList\",\"@id\":\"https:\\\/\\\/escuela-de-enfermeria.mx\\\/monterrey\\\/posbasicos\\\/testimonios\\\/#breadcrumb\",\"itemListElement\":[{\"@type\":\"ListItem\",\"position\":1,\"name\":\"Inicio\",\"item\":\"https:\\\/\\\/escuela-de-enfermeria.mx\\\/monterrey\\\/\"},{\"@type\":\"ListItem\",\"position\":2,\"name\":\"Posb\u00e1sicos\",\"item\":\"https:\\\/\\\/escuela-de-enfermeria.mx\\\/monterrey\\\/posbasicos\\\/\"},{\"@type\":\"ListItem\",\"position\":3,\"name\":\"Testimonios\"}]},{\"@type\":\"WebSite\",\"@id\":\"https:\\\/\\\/escuela-de-enfermeria.mx\\\/monterrey\\\/#website\",\"url\":\"https:\\\/\\\/escuela-de-enfermeria.mx\\\/monterrey\\\/\",\"name\":\"Escuela de Enfermer\u00eda Christus Muguerza-UDEM Monterrey\",\"description\":\"Otro sitio m\u00e1s de Escuela de Enfermer\u00eda Christus Muguerza-UDEM\",\"potentialAction\":[{\"@type\":\"SearchAction\",\"target\":{\"@type\":\"EntryPoint\",\"urlTemplate\":\"https:\\\/\\\/escuela-de-enfermeria.mx\\\/monterrey\\\/?s={search_term_string}\"},\"query-input\":{\"@type\":\"PropertyValueSpecification\",\"valueRequired\":true,\"valueName\":\"search_term_string\"}}],\"inLanguage\":\"es\"}]}<\/script>\n<!-- \/ Yoast SEO plugin. -->","yoast_head_json":{"title":"Testimonios - Escuela de Enfermer\u00eda Christus Muguerza-UDEM Monterrey","robots":{"index":"index","follow":"follow","max-snippet":"max-snippet:-1","max-image-preview":"max-image-preview:large","max-video-preview":"max-video-preview:-1"},"canonical":"https:\/\/escuela-de-enfermeria.mx\/monterrey\/posbasicos\/testimonios\/","og_locale":"es_MX","og_type":"article","og_title":"Testimonios - Escuela de Enfermer\u00eda Christus Muguerza-UDEM Monterrey","og_description":"Desde hace algunos a\u00f1os ten\u00eda el sue\u00f1o de estudiar en la UDEM, porque se la calidad de la escuela y [&hellip;]","og_url":"https:\/\/escuela-de-enfermeria.mx\/monterrey\/posbasicos\/testimonios\/","og_site_name":"Escuela de Enfermer\u00eda Christus Muguerza-UDEM Monterrey","article_modified_time":"2020-10-19T22:36:35+00:00","twitter_card":"summary_large_image","twitter_misc":{"Tiempo de lectura":"1 minuto"},"schema":{"@context":"https:\/\/schema.org","@graph":[{"@type":"WebPage","@id":"https:\/\/escuela-de-enfermeria.mx\/monterrey\/posbasicos\/testimonios\/","url":"https:\/\/escuela-de-enfermeria.mx\/monterrey\/posbasicos\/testimonios\/","name":"Testimonios - Escuela de Enfermer\u00eda Christus Muguerza-UDEM Monterrey","isPartOf":{"@id":"https:\/\/escuela-de-enfermeria.mx\/monterrey\/#website"},"datePublished":"2020-10-12T14:56:39+00:00","dateModified":"2020-10-19T22:36:35+00:00","breadcrumb":{"@id":"https:\/\/escuela-de-enfermeria.mx\/monterrey\/posbasicos\/testimonios\/#breadcrumb"},"inLanguage":"es","potentialAction":[{"@type":"ReadAction","target":["https:\/\/escuela-de-enfermeria.mx\/monterrey\/posbasicos\/testimonios\/"]}]},{"@type":"BreadcrumbList","@id":"https:\/\/escuela-de-enfermeria.mx\/monterrey\/posbasicos\/testimonios\/#breadcrumb","itemListElement":[{"@type":"ListItem","position":1,"name":"Inicio","item":"https:\/\/escuela-de-enfermeria.mx\/monterrey\/"},{"@type":"ListItem","position":2,"name":"Posb\u00e1sicos","item":"https:\/\/escuela-de-enfermeria.mx\/monterrey\/posbasicos\/"},{"@type":"ListItem","position":3,"name":"Testimonios"}]},{"@type":"WebSite","@id":"https:\/\/escuela-de-enfermeria.mx\/monterrey\/#website","url":"https:\/\/escuela-de-enfermeria.mx\/monterrey\/","name":"Escuela de Enfermer\u00eda Christus Muguerza-UDEM Monterrey","description":"Otro sitio m\u00e1s de Escuela de Enfermer\u00eda Christus Muguerza-UDEM","potentialAction":[{"@type":"SearchAction","target":{"@type":"EntryPoint","urlTemplate":"https:\/\/escuela-de-enfermeria.mx\/monterrey\/?s={search_term_string}"},"query-input":{"@type":"PropertyValueSpecification","valueRequired":true,"valueName":"search_term_string"}}],"inLanguage":"es"}]}},"_links":{"self":[{"href":"https:\/\/escuela-de-enfermeria.mx\/monterrey\/wp-json\/wp\/v2\/pages\/276","targetHints":{"allow":["GET"]}}],"collection":[{"href":"https:\/\/escuela-de-enfermeria.mx\/monterrey\/wp-json\/wp\/v2\/pages"}],"about":[{"href":"https:\/\/escuela-de-enfermeria.mx\/monterrey\/wp-json\/wp\/v2\/types\/page"}],"author":[{"embeddable":true,"href":"https:\/\/escuela-de-enfermeria.mx\/monterrey\/wp-json\/wp\/v2\/users\/1"}],"replies":[{"embeddable":true,"href":"https:\/\/escuela-de-enfermeria.mx\/monterrey\/wp-json\/wp\/v2\/comments?post=276"}],"version-history":[{"count":5,"href":"https:\/\/escuela-de-enfermeria.mx\/monterrey\/wp-json\/wp\/v2\/pages\/276\/revisions"}],"predecessor-version":[{"id":327,"href":"https:\/\/escuela-de-enfermeria.mx\/monterrey\/wp-json\/wp\/v2\/pages\/276\/revisions\/327"}],"up":[{"embeddable":true,"href":"https:\/\/escuela-de-enfermeria.mx\/monterrey\/wp-json\/wp\/v2\/pages\/140"}],"wp:attachment":[{"href":"https:\/\/escuela-de-enfermeria.mx\/monterrey\/wp-json\/wp\/v2\/media?parent=276"}],"curies":[{"name":"wp","href":"https:\/\/api.w.org\/{rel}","templated":true}]}}