{"id":6,"date":"2020-09-30T21:37:44","date_gmt":"2020-09-30T21:37:44","guid":{"rendered":"https:\/\/escuela-de-enfermeria.mx\/monterrey\/?page_id=6"},"modified":"2026-03-24T16:45:52","modified_gmt":"2026-03-24T16:45:52","slug":"escuela","status":"publish","type":"page","link":"https:\/\/escuela-de-enfermeria.mx\/monterrey\/escuela\/","title":{"rendered":"Nuestra historia"},"content":{"rendered":"\n\t\n\n\t<section class=\"floater section_flex_content contLeft \">\n\t\t<div class=\"content-center\">\n\t\t\t<div class=\"txt_box\">\n\t\t\t\t<div class=\"txt_space content_format_space\">\n\t\t\t\t\t<p>La <strong>Escuela de Enfermer\u00eda CHRISTUS MUGUERZA &#8211; UDEM<\/strong> est\u00e1 constituida hist\u00f3ricamente por dos Escuelas de Enfermer\u00eda, por una parte, la del <strong>Hospital Jos\u00e9 A. Muguerza<\/strong>, que se fund\u00f3 en 1940, desde sus inicios los cursos que impart\u00edan eran siguiendo los planes y m\u00e9todos del Hospital Santa Rosa de San Antonio Texas, perteneciente a la Congregaci\u00f3n de las Hermanas de la Caridad del Verbo Encarnado.<\/p>\n<p>Fue en 1980, cuando tuvo que cerrar sus puertas por cuestiones administrativas. Durante 1940 y 1980 se graduaron 780 Enfermeras Generales. 20 a\u00f1os despu\u00e9s, en agosto del 2000 reinicia sus labores educativas para abastecer la demanda de formar enfermeros.<\/p>\n\t\t\t\t<\/div>\n\t\t\t<\/div>\n\t\t\t<div class=\"img_box\" style=\"background-image: url(https:\/\/escuela-de-enfermeria.mx\/monterrey\/wp-content\/uploads\/sites\/2\/2020\/10\/escuela.jpg)\"><\/div>\n\t\t<\/div>\n\t<\/section>\n\n\t\n\n\n\t\n\n\t<section class=\"floater section_flex_content contRight \">\n\t\t<div class=\"content-center\">\n\t\t\t<div class=\"txt_box\">\n\t\t\t\t<div class=\"txt_space content_format_space\">\n\t\t\t\t\t<p>Por otra parte, est\u00e1 la <strong>Escuela de Enfermer\u00eda de la Cl\u00ednica y Maternidad Conchita<\/strong> la cual se fund\u00f3 1947. Desde sus inicios la escuela fue incorporada a la UNAM para obtener su aval acad\u00e9mico y reconocimiento Universitario.<\/p>\n<p>En 1984 esta escuela se incorpora a la Universidad de Monterrey y no es hasta el 9 de agosto de 2004 que se fusionan las Escuelas de Cl\u00ednica y Maternidad Conchita UDEM y Escuela de Enfermer\u00eda Muguerza con el convenio de administraci\u00f3n de la Cl\u00ednica Conchita y CHRISTUS MUGUERZA\u00ae.<\/p>\n\t\t\t\t<\/div>\n\t\t\t<\/div>\n\t\t\t<div class=\"img_box\" style=\"background-image: url(https:\/\/escuela-de-enfermeria.mx\/monterrey\/wp-content\/uploads\/sites\/2\/2026\/03\/138727926-4009096189109153-6375868115736896889-n.jpg)\"><\/div>\n\t\t<\/div>\n\t<\/section>\n\n\t\n\n\n\t\n\n\t<section class=\"floater section_flex_content contLeft contAlt\">\n\t\t<div class=\"content-center\">\n\t\t\t<div class=\"txt_box\">\n\t\t\t\t<div class=\"txt_space content_format_space\">\n\t\t\t\t\t<h2>Misi\u00f3n<\/h2>\n<p>Formar excelentes personas de alta calidad integral y profesional en Enfermer\u00eda que generen un alto impacto en la comunidad.<\/p>\n<h2>Visi\u00f3n<\/h2>\n<p>Ser l\u00edderes en la formaci\u00f3n integral de profesionales de la Enfermer\u00eda con sentido humano, por medio de la innovaci\u00f3n educativa, excelencia acad\u00e9mica y el aprovechamiento de la tecnolog\u00eda.<\/p>\n<h2>Valores<\/h2>\n<ul>\n<li>Compasi\u00f3n<\/li>\n<li>Integridad<\/li>\n<li>Excelencia<\/li>\n<li>Honestidad<\/li>\n<li>Fraternidad<\/li>\n<li>Justicia<\/li>\n<li>Dignidad por la persona<\/li>\n<li>Prudencia en la administraci\u00f3n de los recursos<\/li>\n<li>Responsabilidad<\/li>\n<\/ul>\n\t\t\t\t<\/div>\n\t\t\t<\/div>\n\t\t\t<div class=\"img_box\" style=\"background-image: url(https:\/\/escuela-de-enfermeria.mx\/monterrey\/wp-content\/uploads\/sites\/2\/2026\/03\/exterior-3-1.jpeg)\"><\/div>\n\t\t<\/div>\n\t<\/section>\n\n\t","protected":false},"excerpt":{"rendered":"","protected":false},"author":1,"featured_media":0,"parent":0,"menu_order":0,"comment_status":"closed","ping_status":"closed","template":"","meta":{"_acf_changed":false,"footnotes":""},"class_list":["post-6","page","type-page","status-publish","hentry"],"acf":[],"yoast_head":"<!-- This site is optimized with the Yoast SEO plugin v27.6 - https:\/\/yoast.com\/product\/yoast-seo-wordpress\/ -->\n<title>Nuestra historia - Escuela de Enfermer\u00eda Christus Muguerza-UDEM Monterrey<\/title>\n<meta name=\"robots\" content=\"index, follow, max-snippet:-1, max-image-preview:large, max-video-preview:-1\" \/>\n<link rel=\"canonical\" href=\"https:\/\/escuela-de-enfermeria.mx\/monterrey\/escuela\/\" \/>\n<meta property=\"og:locale\" content=\"es_MX\" \/>\n<meta property=\"og:type\" content=\"article\" \/>\n<meta property=\"og:title\" content=\"Nuestra historia - Escuela de Enfermer\u00eda Christus Muguerza-UDEM Monterrey\" \/>\n<meta property=\"og:url\" content=\"https:\/\/escuela-de-enfermeria.mx\/monterrey\/escuela\/\" \/>\n<meta property=\"og:site_name\" content=\"Escuela de Enfermer\u00eda Christus Muguerza-UDEM Monterrey\" \/>\n<meta property=\"article:modified_time\" content=\"2026-03-24T16:45:52+00:00\" \/>\n<meta name=\"twitter:card\" content=\"summary_large_image\" \/>\n<script type=\"application\/ld+json\" class=\"yoast-schema-graph\">{\"@context\":\"https:\\\/\\\/schema.org\",\"@graph\":[{\"@type\":\"WebPage\",\"@id\":\"https:\\\/\\\/escuela-de-enfermeria.mx\\\/monterrey\\\/escuela\\\/\",\"url\":\"https:\\\/\\\/escuela-de-enfermeria.mx\\\/monterrey\\\/escuela\\\/\",\"name\":\"Nuestra historia - Escuela de Enfermer\u00eda Christus Muguerza-UDEM Monterrey\",\"isPartOf\":{\"@id\":\"https:\\\/\\\/escuela-de-enfermeria.mx\\\/monterrey\\\/#website\"},\"datePublished\":\"2020-09-30T21:37:44+00:00\",\"dateModified\":\"2026-03-24T16:45:52+00:00\",\"breadcrumb\":{\"@id\":\"https:\\\/\\\/escuela-de-enfermeria.mx\\\/monterrey\\\/escuela\\\/#breadcrumb\"},\"inLanguage\":\"es\",\"potentialAction\":[{\"@type\":\"ReadAction\",\"target\":[\"https:\\\/\\\/escuela-de-enfermeria.mx\\\/monterrey\\\/escuela\\\/\"]}]},{\"@type\":\"BreadcrumbList\",\"@id\":\"https:\\\/\\\/escuela-de-enfermeria.mx\\\/monterrey\\\/escuela\\\/#breadcrumb\",\"itemListElement\":[{\"@type\":\"ListItem\",\"position\":1,\"name\":\"Inicio\",\"item\":\"https:\\\/\\\/escuela-de-enfermeria.mx\\\/monterrey\\\/\"},{\"@type\":\"ListItem\",\"position\":2,\"name\":\"Nuestra historia\"}]},{\"@type\":\"WebSite\",\"@id\":\"https:\\\/\\\/escuela-de-enfermeria.mx\\\/monterrey\\\/#website\",\"url\":\"https:\\\/\\\/escuela-de-enfermeria.mx\\\/monterrey\\\/\",\"name\":\"Escuela de Enfermer\u00eda Christus Muguerza-UDEM Monterrey\",\"description\":\"Otro sitio m\u00e1s de Escuela de Enfermer\u00eda Christus Muguerza-UDEM\",\"potentialAction\":[{\"@type\":\"SearchAction\",\"target\":{\"@type\":\"EntryPoint\",\"urlTemplate\":\"https:\\\/\\\/escuela-de-enfermeria.mx\\\/monterrey\\\/?s={search_term_string}\"},\"query-input\":{\"@type\":\"PropertyValueSpecification\",\"valueRequired\":true,\"valueName\":\"search_term_string\"}}],\"inLanguage\":\"es\"}]}<\/script>\n<!-- \/ Yoast SEO plugin. -->","yoast_head_json":{"title":"Nuestra historia - Escuela de Enfermer\u00eda Christus Muguerza-UDEM Monterrey","robots":{"index":"index","follow":"follow","max-snippet":"max-snippet:-1","max-image-preview":"max-image-preview:large","max-video-preview":"max-video-preview:-1"},"canonical":"https:\/\/escuela-de-enfermeria.mx\/monterrey\/escuela\/","og_locale":"es_MX","og_type":"article","og_title":"Nuestra historia - Escuela de Enfermer\u00eda Christus Muguerza-UDEM Monterrey","og_url":"https:\/\/escuela-de-enfermeria.mx\/monterrey\/escuela\/","og_site_name":"Escuela de Enfermer\u00eda Christus Muguerza-UDEM Monterrey","article_modified_time":"2026-03-24T16:45:52+00:00","twitter_card":"summary_large_image","schema":{"@context":"https:\/\/schema.org","@graph":[{"@type":"WebPage","@id":"https:\/\/escuela-de-enfermeria.mx\/monterrey\/escuela\/","url":"https:\/\/escuela-de-enfermeria.mx\/monterrey\/escuela\/","name":"Nuestra historia - Escuela de Enfermer\u00eda Christus Muguerza-UDEM Monterrey","isPartOf":{"@id":"https:\/\/escuela-de-enfermeria.mx\/monterrey\/#website"},"datePublished":"2020-09-30T21:37:44+00:00","dateModified":"2026-03-24T16:45:52+00:00","breadcrumb":{"@id":"https:\/\/escuela-de-enfermeria.mx\/monterrey\/escuela\/#breadcrumb"},"inLanguage":"es","potentialAction":[{"@type":"ReadAction","target":["https:\/\/escuela-de-enfermeria.mx\/monterrey\/escuela\/"]}]},{"@type":"BreadcrumbList","@id":"https:\/\/escuela-de-enfermeria.mx\/monterrey\/escuela\/#breadcrumb","itemListElement":[{"@type":"ListItem","position":1,"name":"Inicio","item":"https:\/\/escuela-de-enfermeria.mx\/monterrey\/"},{"@type":"ListItem","position":2,"name":"Nuestra historia"}]},{"@type":"WebSite","@id":"https:\/\/escuela-de-enfermeria.mx\/monterrey\/#website","url":"https:\/\/escuela-de-enfermeria.mx\/monterrey\/","name":"Escuela de Enfermer\u00eda Christus Muguerza-UDEM Monterrey","description":"Otro sitio m\u00e1s de Escuela de Enfermer\u00eda Christus Muguerza-UDEM","potentialAction":[{"@type":"SearchAction","target":{"@type":"EntryPoint","urlTemplate":"https:\/\/escuela-de-enfermeria.mx\/monterrey\/?s={search_term_string}"},"query-input":{"@type":"PropertyValueSpecification","valueRequired":true,"valueName":"search_term_string"}}],"inLanguage":"es"}]}},"_links":{"self":[{"href":"https:\/\/escuela-de-enfermeria.mx\/monterrey\/wp-json\/wp\/v2\/pages\/6","targetHints":{"allow":["GET"]}}],"collection":[{"href":"https:\/\/escuela-de-enfermeria.mx\/monterrey\/wp-json\/wp\/v2\/pages"}],"about":[{"href":"https:\/\/escuela-de-enfermeria.mx\/monterrey\/wp-json\/wp\/v2\/types\/page"}],"author":[{"embeddable":true,"href":"https:\/\/escuela-de-enfermeria.mx\/monterrey\/wp-json\/wp\/v2\/users\/1"}],"replies":[{"embeddable":true,"href":"https:\/\/escuela-de-enfermeria.mx\/monterrey\/wp-json\/wp\/v2\/comments?post=6"}],"version-history":[{"count":9,"href":"https:\/\/escuela-de-enfermeria.mx\/monterrey\/wp-json\/wp\/v2\/pages\/6\/revisions"}],"predecessor-version":[{"id":1695,"href":"https:\/\/escuela-de-enfermeria.mx\/monterrey\/wp-json\/wp\/v2\/pages\/6\/revisions\/1695"}],"wp:attachment":[{"href":"https:\/\/escuela-de-enfermeria.mx\/monterrey\/wp-json\/wp\/v2\/media?parent=6"}],"curies":[{"name":"wp","href":"https:\/\/api.w.org\/{rel}","templated":true}]}}